{"id":9265,"date":"2026-01-26T15:50:45","date_gmt":"2026-01-26T14:50:45","guid":{"rendered":"https:\/\/parapharmacieenligne.ma\/?post_type=product&#038;p=9265"},"modified":"2026-04-21T16:37:30","modified_gmt":"2026-04-21T14:37:30","slug":"caudalie-vinoperfect-serum-eclat-anti-taches-30-ml","status":"publish","type":"product","link":"https:\/\/parapharmacieenligne.ma\/en\/product\/caudalie-vinoperfect-serum-eclat-anti-taches-30-ml\/","title":{"rendered":"CAUDALIE VINOPERFECT S\u00c9RUM \u00c9CLAT ANTI-TACHES 30 ML"},"content":{"rendered":"<div aria-labelledby=\"tab-title-description\" class=\"woocommerce-Tabs-panel woocommerce-Tabs-panel--description panel entry-content wc-tab\" id=\"tab-description\" role=\"tabpanel\" style=\"\">\n<h2>Description<\/h2>\n<div class=\"font-light mt-2\" data-v-a8637d60=\"\">\n<div>\u00c0 la fois efficace et ultra-respectueux de la peau, notre S\u00e9rum \u00c9clat Anti-taches corrige et pr\u00e9vient l\u2019apparition des taches pour un teint plus lumineux. Il agit sur tous les types de taches (soleil, acn\u00e9, m\u00e9lasma, \u00e2ge) et convient \u00e0 tous les types de peaux, m\u00eame les plus sensibles.<\/p>\n<\/p><\/div>\n<\/p><\/div>\n<div class=\"font-light mt-2\" data-v-a8637d60=\"\"><strong>Type de peau :<\/strong> Tous types de peau<\/div>\n<div class=\"font-light mt-2\" data-v-a8637d60=\"\"><strong>Besoin :<\/strong> Eclat, Anti-taches<\/div>\n<div class=\"font-light mt-2\" data-v-a8637d60=\"\"><strong>Ingr\u00e9dients cl\u00e9s :<\/strong> Squalane d\u2019olive, Vinif\u00e9rine<\/div>\n<div class=\"font-light mt-2\" data-v-a8637d60=\"\"><strong>Texture :<\/strong> S\u00e9rum<\/div>\n<div class=\"font-light mt-2\" data-v-a8637d60=\"\"><strong>Utilisation :<\/strong> Matin et soir, avant votre cr\u00e8me<\/div>\n<div data-v-98db405a=\"\" data-v-a8637d60=\"\">\n<div class=\"relative\" data-v-98db405a=\"\">\n<div class=\"absolute bottom-0 left-0 w-full see-more-block-backdrop\" data-v-98db405a=\"\"><\/div>\n<div class=\"overflow-auto\" data-v-98db405a=\"\">\n<div>\n<div class=\"font-light mt-2\" data-v-a8637d60=\"\"><strong>Formule :<\/strong><\/p>\n<ul class=\"list-disc list-inside\">\n<li>98% d\u2019ingr\u00e9dients d\u2019origine naturelle<\/li>\n<li>Test\u00e9 sous contr\u00f4le dermatologique<\/li>\n<li>Non com\u00e9dog\u00e8ne, non photo-sensibilisant<\/li>\n<li>Sans huile<\/li>\n<li>Vegan<\/li>\n<\/ul><\/div>\n<div class=\"font-light mt-2\" data-v-a8637d60=\"\"><strong>R\u00e9sultats visibles<\/strong><\/p>\n<ul class=\"list-disc list-inside\">\n<li>-63% coloration des taches*<\/li>\n<\/ul>\n<p>*\u00c9tude clinique, scorage dermatologique, 56 jours, 33 femmes, 91% des volontaires.<\/p>\n<\/p><\/div>\n<div class=\"font-light mt-2\" data-v-a8637d60=\"\"><strong>Le saviez-vous ?<\/strong><\/p>\n<div>Produit culte de Caudalie, le S\u00e9rum \u00c9clat Anti-Taches Vinoperfect a d\u00e9j\u00e0 conquis des millions de femmes pour son action anti-taches exceptionnelle : un flacon est vendu toutes les 30 secondes dans le monde.<\/div>\n<\/p><\/div>\n<div class=\"font-light mt-2\" data-v-a8637d60=\"\"><strong>Engagement \u00c9co-responsable<\/strong><\/p>\n<div>Des packagings 100% recyclables et con\u00e7us \u00e0 partir de verre et de plastique recycl\u00e9, plus respectueux de la plan\u00e8te*.<\/div>\n<\/p><\/div>\n<div>\n<p><strong>Conseils d\u2019application<\/strong><br \/>\n Int\u00e9grez ce s\u00e9rum \u00e0 votre routine beaut\u00e9. Appliquez le S\u00e9rum Anti-taches Vinoperfect matin et soir sur le visage, le cou et le d\u00e9collet\u00e9 pour r\u00e9duire la coloration des taches. Laissez p\u00e9n\u00e9trer avant d\u2019appliquer votre cr\u00e8me.<\/p>\n<p>Les conseils de la vinoth\u00e9rapeute :<br \/>\n Pour obtenir un h\u00e2le z\u00e9ro d\u00e9faut et lumineux, appliquez le S\u00e9rum Vinoperfect sous votre cr\u00e8me solaire visage en cas d\u2019exposition au soleil.<\/p>\n<\/p><\/div>\n<\/p><\/div>\n<\/p><\/div>\n<\/p><\/div>\n<\/p><\/div>\n<\/p><\/div>","protected":false},"excerpt":{"rendered":"<p>Highlights:\u00c0 la fois efficace et ultra-respectueux de la peau, notre S\u00e9rum \u00c9clat Anti-taches corrige et pr\u00e9vient l\u2019apparition des taches pour un teint plus lumineux. Il agit sur tous les types de taches (soleil, acn\u00e9, m\u00e9lasma, \u00e2ge) et convient \u00e0 tous les types de peaux, m\u00eame les plus sensibles.<\/p>","protected":false},"featured_media":9353,"comment_status":"open","ping_status":"closed","template":"","meta":[],"product_cat":[208,83],"product_tag":[],"yith_product_brand":[131],"class_list":{"0":"post-9265","1":"product","2":"type-product","3":"status-publish","4":"has-post-thumbnail","6":"product_cat-anti-taches","7":"product_cat-soins-visage","8":"yith_product_brand-caudalie","10":"first","11":"instock","12":"sale","13":"shipping-taxable","14":"purchasable","15":"product-type-simple"},"_links":{"self":[{"href":"https:\/\/parapharmacieenligne.ma\/en\/wp-json\/wp\/v2\/product\/9265","targetHints":{"allow":["GET"]}}],"collection":[{"href":"https:\/\/parapharmacieenligne.ma\/en\/wp-json\/wp\/v2\/product"}],"about":[{"href":"https:\/\/parapharmacieenligne.ma\/en\/wp-json\/wp\/v2\/types\/product"}],"replies":[{"embeddable":true,"href":"https:\/\/parapharmacieenligne.ma\/en\/wp-json\/wp\/v2\/comments?post=9265"}],"version-history":[{"count":1,"href":"https:\/\/parapharmacieenligne.ma\/en\/wp-json\/wp\/v2\/product\/9265\/revisions"}],"predecessor-version":[{"id":9354,"href":"https:\/\/parapharmacieenligne.ma\/en\/wp-json\/wp\/v2\/product\/9265\/revisions\/9354"}],"wp:featuredmedia":[{"embeddable":true,"href":"https:\/\/parapharmacieenligne.ma\/en\/wp-json\/wp\/v2\/media\/9353"}],"wp:attachment":[{"href":"https:\/\/parapharmacieenligne.ma\/en\/wp-json\/wp\/v2\/media?parent=9265"}],"wp:term":[{"taxonomy":"product_cat","embeddable":true,"href":"https:\/\/parapharmacieenligne.ma\/en\/wp-json\/wp\/v2\/product_cat?post=9265"},{"taxonomy":"product_tag","embeddable":true,"href":"https:\/\/parapharmacieenligne.ma\/en\/wp-json\/wp\/v2\/product_tag?post=9265"},{"taxonomy":"yith_product_brand","embeddable":true,"href":"https:\/\/parapharmacieenligne.ma\/en\/wp-json\/wp\/v2\/yith_product_brand?post=9265"}],"curies":[{"name":"wp","href":"https:\/\/api.w.org\/{rel}","templated":true}]}}