{"id":9376,"date":"2026-01-26T15:56:28","date_gmt":"2026-01-26T14:56:28","guid":{"rendered":"https:\/\/parapharmacieenligne.ma\/?post_type=product&#038;p=9376"},"modified":"2026-04-21T16:37:14","modified_gmt":"2026-04-21T14:37:14","slug":"caudalie-vinoperfect-creme-eclat-anti-taches-50-ml","status":"publish","type":"product","link":"https:\/\/parapharmacieenligne.ma\/en\/product\/caudalie-vinoperfect-creme-eclat-anti-taches-50-ml\/","title":{"rendered":"CAUDALIE VINOPERFECT CR\u00c8ME \u00c9CLAT ANTI-T\u00c2CHES 50 ML"},"content":{"rendered":"","protected":false},"excerpt":{"rendered":"<p>Highlights:\u2022 NETTOYANTE : dans le respect des peaux dess\u00e9ch\u00e9es et irrit\u00e9es par un traitement m\u00e9dicamenteux anti-acn\u00e9ique.\u2022 NOURRISSANTE : restaure le confort cutan\u00e9.\u2022 APAISANTE : pour les peaux fragilis\u00e9es.<\/p>","protected":false},"featured_media":9461,"comment_status":"open","ping_status":"closed","template":"","meta":[],"product_cat":[208,83],"product_tag":[],"yith_product_brand":[131],"class_list":{"0":"post-9376","1":"product","2":"type-product","3":"status-publish","4":"has-post-thumbnail","6":"product_cat-anti-taches","7":"product_cat-soins-visage","8":"yith_product_brand-caudalie","10":"first","11":"instock","12":"sale","13":"shipping-taxable","14":"purchasable","15":"product-type-simple"},"_links":{"self":[{"href":"https:\/\/parapharmacieenligne.ma\/en\/wp-json\/wp\/v2\/product\/9376","targetHints":{"allow":["GET"]}}],"collection":[{"href":"https:\/\/parapharmacieenligne.ma\/en\/wp-json\/wp\/v2\/product"}],"about":[{"href":"https:\/\/parapharmacieenligne.ma\/en\/wp-json\/wp\/v2\/types\/product"}],"replies":[{"embeddable":true,"href":"https:\/\/parapharmacieenligne.ma\/en\/wp-json\/wp\/v2\/comments?post=9376"}],"version-history":[{"count":1,"href":"https:\/\/parapharmacieenligne.ma\/en\/wp-json\/wp\/v2\/product\/9376\/revisions"}],"predecessor-version":[{"id":9462,"href":"https:\/\/parapharmacieenligne.ma\/en\/wp-json\/wp\/v2\/product\/9376\/revisions\/9462"}],"wp:featuredmedia":[{"embeddable":true,"href":"https:\/\/parapharmacieenligne.ma\/en\/wp-json\/wp\/v2\/media\/9461"}],"wp:attachment":[{"href":"https:\/\/parapharmacieenligne.ma\/en\/wp-json\/wp\/v2\/media?parent=9376"}],"wp:term":[{"taxonomy":"product_cat","embeddable":true,"href":"https:\/\/parapharmacieenligne.ma\/en\/wp-json\/wp\/v2\/product_cat?post=9376"},{"taxonomy":"product_tag","embeddable":true,"href":"https:\/\/parapharmacieenligne.ma\/en\/wp-json\/wp\/v2\/product_tag?post=9376"},{"taxonomy":"yith_product_brand","embeddable":true,"href":"https:\/\/parapharmacieenligne.ma\/en\/wp-json\/wp\/v2\/yith_product_brand?post=9376"}],"curies":[{"name":"wp","href":"https:\/\/api.w.org\/{rel}","templated":true}]}}