{"id":9526,"date":"2026-01-26T16:08:52","date_gmt":"2026-01-26T15:08:52","guid":{"rendered":"https:\/\/parapharmacieenligne.ma\/?post_type=product&#038;p=9526"},"modified":"2026-01-26T16:50:47","modified_gmt":"2026-01-26T15:50:47","slug":"novexpert-trio-zinc-brume-spray-150-ml","status":"publish","type":"product","link":"https:\/\/parapharmacieenligne.ma\/en\/product\/novexpert-trio-zinc-brume-spray-150-ml\/","title":{"rendered":"Novexpert Trio-Zinc Brume Spray \u2013 150 ml"},"content":{"rendered":"<div aria-labelledby=\"tab-title-description\" class=\"woocommerce-Tabs-panel woocommerce-Tabs-panel--description panel entry-content wc-tab\" id=\"tab-description\" role=\"tabpanel\" style=\"\">\n<h2>Description<\/h2>\n<p>Description<br \/>\n Novexpert Trio-Zinc Brume Spray 150 ml est un soin 100% d\u2019origine naturelle et 3en1 : purifiant, matifiant et apaisant. Elle est id\u00e9ale au r\u00e9veil, apr\u00e8s la toilette ou sous une cr\u00e8me.<br \/>\n 0% : conservateur, parfum.<\/p>\n<p>Conseils d\u2019utilisation<br \/>\n Vaporiser en fermant les yeux, laisser agir 15 secondes. S\u00e9cher.<br \/>\n Toujours maintenir le flacon \u00e0 la verticale.<br \/>\n Rincer le diffuseur sous l\u2019eau chaude en cas de bouchage.<\/p>\n<p>Indication<br \/>\n Soin anti-imperfections.<\/p>\n<p>Composition<br \/>\n Aqua (Water)*, Zinc Gluconate*, Zinc PCA*, Zinc Lactate*, Nitrogen*. Gaz propulseur : nitrog\u00e8ne, composant naturel de l\u2019atmosph\u00e8re, neutre et inflammable.<br \/>\n *100% du total des ingr\u00e9dients sont d\u2019origine naturelle certifi\u00e9 par un organisme certificateur ind\u00e9pendant.<\/p>\n<\/p><\/div>","protected":false},"excerpt":{"rendered":"<p>Highlights:Dans l\u2019arsenal des soins purifiants, la Brume Trio-Zinc occupe une place de choix : purifiante, apaisante et matifiante. La Brume dispose d\u2019un avantage certain sur les autres cat\u00e9gories de cosm\u00e9tiques : elle peut \u00eatre utilis\u00e9e plusieurs fois dans la journ\u00e9e et selon des besoins diff\u00e9rents.<\/p>","protected":false},"featured_media":9574,"comment_status":"open","ping_status":"closed","template":"","meta":[],"product_cat":[83],"product_tag":[],"yith_product_brand":[132],"class_list":{"0":"post-9526","1":"product","2":"type-product","3":"status-publish","4":"has-post-thumbnail","6":"product_cat-soins-visage","7":"yith_product_brand-novexpert","9":"first","10":"instock","11":"sale","12":"shipping-taxable","13":"purchasable","14":"product-type-simple"},"_links":{"self":[{"href":"https:\/\/parapharmacieenligne.ma\/en\/wp-json\/wp\/v2\/product\/9526","targetHints":{"allow":["GET"]}}],"collection":[{"href":"https:\/\/parapharmacieenligne.ma\/en\/wp-json\/wp\/v2\/product"}],"about":[{"href":"https:\/\/parapharmacieenligne.ma\/en\/wp-json\/wp\/v2\/types\/product"}],"replies":[{"embeddable":true,"href":"https:\/\/parapharmacieenligne.ma\/en\/wp-json\/wp\/v2\/comments?post=9526"}],"version-history":[{"count":1,"href":"https:\/\/parapharmacieenligne.ma\/en\/wp-json\/wp\/v2\/product\/9526\/revisions"}],"predecessor-version":[{"id":9575,"href":"https:\/\/parapharmacieenligne.ma\/en\/wp-json\/wp\/v2\/product\/9526\/revisions\/9575"}],"wp:featuredmedia":[{"embeddable":true,"href":"https:\/\/parapharmacieenligne.ma\/en\/wp-json\/wp\/v2\/media\/9574"}],"wp:attachment":[{"href":"https:\/\/parapharmacieenligne.ma\/en\/wp-json\/wp\/v2\/media?parent=9526"}],"wp:term":[{"taxonomy":"product_cat","embeddable":true,"href":"https:\/\/parapharmacieenligne.ma\/en\/wp-json\/wp\/v2\/product_cat?post=9526"},{"taxonomy":"product_tag","embeddable":true,"href":"https:\/\/parapharmacieenligne.ma\/en\/wp-json\/wp\/v2\/product_tag?post=9526"},{"taxonomy":"yith_product_brand","embeddable":true,"href":"https:\/\/parapharmacieenligne.ma\/en\/wp-json\/wp\/v2\/yith_product_brand?post=9526"}],"curies":[{"name":"wp","href":"https:\/\/api.w.org\/{rel}","templated":true}]}}