{"id":9530,"date":"2026-01-26T16:08:54","date_gmt":"2026-01-26T15:08:54","guid":{"rendered":"https:\/\/parapharmacieenligne.ma\/?post_type=product&#038;p=9530"},"modified":"2026-01-26T16:51:01","modified_gmt":"2026-01-26T15:51:01","slug":"novexpert-acide-hyaluronique-lipup-soin-volumateur-levres-8-ml","status":"publish","type":"product","link":"https:\/\/parapharmacieenligne.ma\/en\/product\/novexpert-acide-hyaluronique-lipup-soin-volumateur-levres-8-ml\/","title":{"rendered":"Novexpert Acide Hyaluronique Lip\u2019Up Soin Volumateur L\u00e8vres \u2013 8 ml"},"content":{"rendered":"<div aria-labelledby=\"tab-title-description\" class=\"woocommerce-Tabs-panel woocommerce-Tabs-panel--description panel entry-content wc-tab\" id=\"tab-description\" role=\"tabpanel\" style=\"\">\n<h2>Description<\/h2>\n<p>Description<br \/>\n Novexpert Acide Hyaluronique Lip\u2019Up Soin Volumateur L\u00e8vres 8 ml est un soin \u00e0 la formule 100% d\u2019origine naturelle \u00e0 la fois repulpant, lissant et hydratant pour les l\u00e8vres.<br \/>\n Les l\u00e8vres sont plus color\u00e9es, plus pulpeuses, plus hydrat\u00e9es et plus volumineuses. Les ridules sont combl\u00e9es. Il apporte un soin effet \u00ab gloss \u00bb naturel et \u00ab contouring \u00bb. Il sublime les l\u00e8vres sans maquillage, avec un maquillage nude ou avec rouge \u00e0 l\u00e8vres. Son embout ergonomique permet une application facile.<br \/>\n Sans conservateurs. Sans parab\u00e8nes. Sans phenoxyethanol. Sans silicone. Sans huiles min\u00e9rales. Sans PEG. Sans ingr\u00e9dients d\u2019origine animale.<br \/>\n 100% des ingr\u00e9dients sont d\u2019origine naturelle. COSMOS NATURAL certifi\u00e9 par Ecocert Greenlife selon le r\u00e9f\u00e9rentiel COSMOS.<\/p>\n<p>Conseils d\u2019utilisation<br \/>\n Appliquer uniquement sur le rouge des l\u00e8vres 1 \u00e0 5 fois par jour toujours en couche fine avant le rouge \u00e0 l\u00e8vres.<\/p>\n<p>Indication<br \/>\n Soin volumateur des l\u00e8vres.<\/p>\n<p>Composition<br \/>\n Hydroxystearic\/Linolenic\/Oleic Polyglycerides*, Ricinus Communis (Castor) Seed Oil*, Butyrospermum Parkii (Shea) Butter*, Polyglyceryl-3 Disostearate*, Caprylic\/Capric Triglyceride*, Aqua (Water)*, Sodium Hyaluronate*, Ptychopetalum Olacoides Bark\/Root Extract*, Commiphora Mukul Resin Extract*, Butyrospermum Parkii (Shea Butter) Unsaponifiables*, Palmytoyl Isoleucine*, Tocopherol*, Bisabolol, Glycerin*, Alaria Esculenta Extract*, Palmitic Acid*, Croton Lechleri Resin Extract*, Menthol Trihydroxystearin*, Glyceryl Caprylate*, Argania Spinosa Kernel Oil*, Menthyl Lactate, Mella Azadirachta Flower Extract*, Parfum (Fragrance)*, Mella Azadirachta Seed Extract*, Coccinia Indica Fruit Extract*.<br \/>\n *100% d\u2019origine naturelle.<\/p>\n<\/p><\/div>","protected":false},"excerpt":{"rendered":"<p>Highlights:Soin l\u00e8vres ou maquillage nude ? Volumateur, nourrissant ou anti-\u00e2ge ? Effets imm\u00e9diats et visibles ou action profonde \u00e0 long terme ? Offrez-vous le luxe de ne plus choisir avec ce Lip\u2019up.<\/p>","protected":false},"featured_media":9582,"comment_status":"open","ping_status":"closed","template":"","meta":[],"product_cat":[83],"product_tag":[],"yith_product_brand":[132],"class_list":{"0":"post-9530","1":"product","2":"type-product","3":"status-publish","4":"has-post-thumbnail","6":"product_cat-soins-visage","7":"yith_product_brand-novexpert","9":"first","10":"instock","11":"sale","12":"shipping-taxable","13":"purchasable","14":"product-type-simple"},"_links":{"self":[{"href":"https:\/\/parapharmacieenligne.ma\/en\/wp-json\/wp\/v2\/product\/9530","targetHints":{"allow":["GET"]}}],"collection":[{"href":"https:\/\/parapharmacieenligne.ma\/en\/wp-json\/wp\/v2\/product"}],"about":[{"href":"https:\/\/parapharmacieenligne.ma\/en\/wp-json\/wp\/v2\/types\/product"}],"replies":[{"embeddable":true,"href":"https:\/\/parapharmacieenligne.ma\/en\/wp-json\/wp\/v2\/comments?post=9530"}],"version-history":[{"count":1,"href":"https:\/\/parapharmacieenligne.ma\/en\/wp-json\/wp\/v2\/product\/9530\/revisions"}],"predecessor-version":[{"id":9583,"href":"https:\/\/parapharmacieenligne.ma\/en\/wp-json\/wp\/v2\/product\/9530\/revisions\/9583"}],"wp:featuredmedia":[{"embeddable":true,"href":"https:\/\/parapharmacieenligne.ma\/en\/wp-json\/wp\/v2\/media\/9582"}],"wp:attachment":[{"href":"https:\/\/parapharmacieenligne.ma\/en\/wp-json\/wp\/v2\/media?parent=9530"}],"wp:term":[{"taxonomy":"product_cat","embeddable":true,"href":"https:\/\/parapharmacieenligne.ma\/en\/wp-json\/wp\/v2\/product_cat?post=9530"},{"taxonomy":"product_tag","embeddable":true,"href":"https:\/\/parapharmacieenligne.ma\/en\/wp-json\/wp\/v2\/product_tag?post=9530"},{"taxonomy":"yith_product_brand","embeddable":true,"href":"https:\/\/parapharmacieenligne.ma\/en\/wp-json\/wp\/v2\/yith_product_brand?post=9530"}],"curies":[{"name":"wp","href":"https:\/\/api.w.org\/{rel}","templated":true}]}}