{"id":9531,"date":"2026-01-26T16:08:54","date_gmt":"2026-01-26T15:08:54","guid":{"rendered":"https:\/\/parapharmacieenligne.ma\/?post_type=product&#038;p=9531"},"modified":"2026-01-26T16:51:17","modified_gmt":"2026-01-26T15:51:17","slug":"novexpert-trio-zinc-stop-bouton-express-7-ml","status":"publish","type":"product","link":"https:\/\/parapharmacieenligne.ma\/en\/product\/novexpert-trio-zinc-stop-bouton-express-7-ml\/","title":{"rendered":"Novexpert Trio-Zinc Stop Bouton Express \u2013 7 ml"},"content":{"rendered":"<div aria-labelledby=\"tab-title-description\" class=\"woocommerce-Tabs-panel woocommerce-Tabs-panel--description panel entry-content wc-tab\" id=\"tab-description\" role=\"tabpanel\" style=\"\">\n<h2>Description<\/h2>\n<p>Description<br \/>\n Soin anti-imperfection express. Stoppez l\u2019arriv\u00e9e d\u2019un bouton ind\u00e9sirable avec ce soin local en format roll-on. Il purifie, d\u00e9sincruste, ass\u00e8che et favorise la cicatrisation pour un effet peau nette. Convient \u00e0 tous les types de peaux m\u00eame les plus sensibles.<\/p>\n<p>Conseils d\u2019utilisation<br \/>\n Appliquez localement sur vos imperfections 1 \u00e0 3 fois par jour. \u00c9vitez le contact avec les yeux.<\/p>\n<p>Indication<br \/>\n Soin anti-imperfections. Peaux mixtes \u00e0 grasses.<\/p>\n<p>Composition<br \/>\n INCI : AQUA (WATER)\u00b0, ALCOHOL**\u00b0, LACTIC ACID\u00b0, SODIUM CITRATE\u00b0, GLUCONOLACTONE\u00b0, LACTOBACILLUS FERMENT\u00b0, CITRIC ACID\u00b0, GLYCERIN\u00b0, ZINC GLUCONATE\u00b0, ZINC PCA\u00b0, ZINC LACTATE\u00b0, SCHIZANDRA SPHENANTHERA FRUIT EXTRACT\u00b0, MALTODEXTRIN\u00b0, PANCRATIUM MARITIMUM EXTRACT\u00b0<br \/>\n EAU, ALCOOL**, ACIDE LACTIQUE, CITRATE DE SODIUM, GLUCONOLACTONE, PRODUIT DE LA FERMENTATION DE LA BACTERIE LACTOBACILLUS, ACIDE CITRIQUE, GLYCERINE, GLUCONATE DE ZINC, SEL DE ZINC DE L\u2019ACIDE PYRROLIDONE CARBOXYLIQUE, ZINC LACTATE, EXTRAIT DE FRUIT DE SCHIZANDRA, MALTODEXTRINE, EXTRAIT DE LYS DE MER<br \/>\n \u00b0 100% du total est d\u2019origine naturelle<br \/>\n ** Transform\u00e9s \u00e0 partir d\u2019ingr\u00e9dients biologiques<br \/>\n 24% du total des ingr\u00e9dients sont issus de l\u2019Agriculture Biologique.<br \/>\n COSMOS NATURAL certifi\u00e9 par ECOCERT Greenlife selon le r\u00e9f\u00e9rentiel COSMOS<\/p>\n<\/p><\/div>","protected":false},"excerpt":{"rendered":"<p>Highlights:Dans la panoplie des soins que l\u2019on souhaiterait toujours avoir \u00e0 port\u00e9e de main, le Stop Bouton Express se classe en top priorit\u00e9. Discret, pratique et efficace, il agit autant sur la couleur du bouton que sur son relief pour une r\u00e9sorption rapide et nette.<\/p>","protected":false},"featured_media":9584,"comment_status":"open","ping_status":"closed","template":"","meta":[],"product_cat":[83],"product_tag":[],"yith_product_brand":[132],"class_list":{"0":"post-9531","1":"product","2":"type-product","3":"status-publish","4":"has-post-thumbnail","6":"product_cat-soins-visage","7":"yith_product_brand-novexpert","9":"first","10":"instock","11":"sale","12":"shipping-taxable","13":"purchasable","14":"product-type-simple"},"_links":{"self":[{"href":"https:\/\/parapharmacieenligne.ma\/en\/wp-json\/wp\/v2\/product\/9531","targetHints":{"allow":["GET"]}}],"collection":[{"href":"https:\/\/parapharmacieenligne.ma\/en\/wp-json\/wp\/v2\/product"}],"about":[{"href":"https:\/\/parapharmacieenligne.ma\/en\/wp-json\/wp\/v2\/types\/product"}],"replies":[{"embeddable":true,"href":"https:\/\/parapharmacieenligne.ma\/en\/wp-json\/wp\/v2\/comments?post=9531"}],"version-history":[{"count":1,"href":"https:\/\/parapharmacieenligne.ma\/en\/wp-json\/wp\/v2\/product\/9531\/revisions"}],"predecessor-version":[{"id":9585,"href":"https:\/\/parapharmacieenligne.ma\/en\/wp-json\/wp\/v2\/product\/9531\/revisions\/9585"}],"wp:featuredmedia":[{"embeddable":true,"href":"https:\/\/parapharmacieenligne.ma\/en\/wp-json\/wp\/v2\/media\/9584"}],"wp:attachment":[{"href":"https:\/\/parapharmacieenligne.ma\/en\/wp-json\/wp\/v2\/media?parent=9531"}],"wp:term":[{"taxonomy":"product_cat","embeddable":true,"href":"https:\/\/parapharmacieenligne.ma\/en\/wp-json\/wp\/v2\/product_cat?post=9531"},{"taxonomy":"product_tag","embeddable":true,"href":"https:\/\/parapharmacieenligne.ma\/en\/wp-json\/wp\/v2\/product_tag?post=9531"},{"taxonomy":"yith_product_brand","embeddable":true,"href":"https:\/\/parapharmacieenligne.ma\/en\/wp-json\/wp\/v2\/yith_product_brand?post=9531"}],"curies":[{"name":"wp","href":"https:\/\/api.w.org\/{rel}","templated":true}]}}