{"id":9532,"date":"2026-01-26T16:08:55","date_gmt":"2026-01-26T15:08:55","guid":{"rendered":"https:\/\/parapharmacieenligne.ma\/?post_type=product&#038;p=9532"},"modified":"2026-01-26T16:51:22","modified_gmt":"2026-01-26T15:51:22","slug":"novexpert-trio-zinc-gelee-moussante-peau-nette-150-g","status":"publish","type":"product","link":"https:\/\/parapharmacieenligne.ma\/en\/product\/novexpert-trio-zinc-gelee-moussante-peau-nette-150-g\/","title":{"rendered":"Novexpert Trio-Zinc Gel\u00e9e Moussante Peau Nette \u2013 150 G"},"content":{"rendered":"<div aria-labelledby=\"tab-title-description\" class=\"woocommerce-Tabs-panel woocommerce-Tabs-panel--description panel entry-content wc-tab\" id=\"tab-description\" role=\"tabpanel\" style=\"\">\n<h2>Description<\/h2>\n<p>Description<br \/>\n Novexpert Trio-Zinc Gel\u00e9e Moussante Peau Nette 150 g est une gel\u00e9e utra-a\u00e9rienne 100% d\u2019origine naturelle qui laisse une peau nette et fra\u00eeche sans effet de tiraillement.<br \/>\n Ce soin offre 3 actions majeures : nettoyant, purifiant et anti-pollution. Il convient aux jeunes adultes.<br \/>\n Hypoallerg\u00e9nique.<br \/>\n 0% : Alcool, SLS\/SLES, savon, silicones, conservateurs, ph\u00e9noxy\u00e9thanol, parab\u00e8nes, PEG.<br \/>\n Cosmos Natural certifi\u00e9 par Ecocert Greenlife selon le r\u00e9f\u00e9rentiel Cosmos.<\/p>\n<p>Conseils d\u2019utilisation<br \/>\n Appliquer sur visage humide. Masser et rincer.<br \/>\n En cas de contact avec les yeux, rincer abondamment.<\/p>\n<p>Indication<br \/>\n Soin anti-imperfections. Peaux mixtes ou grasses.<\/p>\n<p>Composition<br \/>\n Aqua (Water)*, Sodium Citrate*, Coco-Glucoside*, Citric Acid*, Butylene Glycol*, Caprylyl\/Capryl Glucoside*, Parfum (Fragrance)*, Copper PCA*, Zinc Gluconate*, Zinc PCA*, Zinc Lactate*, Glycerin, Xanthan Gum*, Enantia Chlorantha Bark Extract*, Chondrus Crispus (Carrageenan) Extract*, Phytic Acid*, Oleanic Acid*, Pancratium Maritimum Extract*.<br \/>\n *100% du total des ingr\u00e9dients sont d\u2019origine naturelle.<\/p>\n<\/p><\/div>","protected":false},"excerpt":{"rendered":"<p>Highlights:Un nettoyant anti-pollution peut-il \u00eatre un v\u00e9ritable soin anti-imperfections ? Les \u00e9tudes cliniques le d\u00e9montrent de fa\u00e7on incontestable pour la Gel\u00e9e Moussante.99,8% des polluants \u00e9limin\u00e9s*-30% d\u2019imperfections apr\u00e8s 28 jours \u2026**<\/p>","protected":false},"featured_media":9586,"comment_status":"open","ping_status":"closed","template":"","meta":[],"product_cat":[83],"product_tag":[],"yith_product_brand":[132],"class_list":{"0":"post-9532","1":"product","2":"type-product","3":"status-publish","4":"has-post-thumbnail","6":"product_cat-soins-visage","7":"yith_product_brand-novexpert","9":"first","10":"instock","11":"sale","12":"shipping-taxable","13":"purchasable","14":"product-type-simple"},"_links":{"self":[{"href":"https:\/\/parapharmacieenligne.ma\/en\/wp-json\/wp\/v2\/product\/9532","targetHints":{"allow":["GET"]}}],"collection":[{"href":"https:\/\/parapharmacieenligne.ma\/en\/wp-json\/wp\/v2\/product"}],"about":[{"href":"https:\/\/parapharmacieenligne.ma\/en\/wp-json\/wp\/v2\/types\/product"}],"replies":[{"embeddable":true,"href":"https:\/\/parapharmacieenligne.ma\/en\/wp-json\/wp\/v2\/comments?post=9532"}],"version-history":[{"count":1,"href":"https:\/\/parapharmacieenligne.ma\/en\/wp-json\/wp\/v2\/product\/9532\/revisions"}],"predecessor-version":[{"id":9587,"href":"https:\/\/parapharmacieenligne.ma\/en\/wp-json\/wp\/v2\/product\/9532\/revisions\/9587"}],"wp:featuredmedia":[{"embeddable":true,"href":"https:\/\/parapharmacieenligne.ma\/en\/wp-json\/wp\/v2\/media\/9586"}],"wp:attachment":[{"href":"https:\/\/parapharmacieenligne.ma\/en\/wp-json\/wp\/v2\/media?parent=9532"}],"wp:term":[{"taxonomy":"product_cat","embeddable":true,"href":"https:\/\/parapharmacieenligne.ma\/en\/wp-json\/wp\/v2\/product_cat?post=9532"},{"taxonomy":"product_tag","embeddable":true,"href":"https:\/\/parapharmacieenligne.ma\/en\/wp-json\/wp\/v2\/product_tag?post=9532"},{"taxonomy":"yith_product_brand","embeddable":true,"href":"https:\/\/parapharmacieenligne.ma\/en\/wp-json\/wp\/v2\/yith_product_brand?post=9532"}],"curies":[{"name":"wp","href":"https:\/\/api.w.org\/{rel}","templated":true}]}}