{"id":9533,"date":"2026-01-26T16:08:55","date_gmt":"2026-01-26T15:08:55","guid":{"rendered":"https:\/\/parapharmacieenligne.ma\/?post_type=product&#038;p=9533"},"modified":"2026-01-26T16:51:28","modified_gmt":"2026-01-26T15:51:28","slug":"novexpert-vitamine-c-contour-des-yeux-lifting-eclat-15-ml","status":"publish","type":"product","link":"https:\/\/parapharmacieenligne.ma\/en\/product\/novexpert-vitamine-c-contour-des-yeux-lifting-eclat-15-ml\/","title":{"rendered":"Novexpert Vitamine C Contour des Yeux Lifting Eclat \u2013 15 ml"},"content":{"rendered":"<div aria-labelledby=\"tab-title-description\" class=\"woocommerce-Tabs-panel woocommerce-Tabs-panel--description panel entry-content wc-tab\" id=\"tab-description\" role=\"tabpanel\" style=\"\">\n<h2>Description<\/h2>\n<p>Description<br \/>\n Novexpert Vitamine C Contour des Yeux Lifting Eclat 15 ml est un soin 2en1 de remodelage flash du regard :<br \/>\n \u2013 un effet lifting instantan\u00e9 : deux puissants actifs v\u00e9g\u00e9taux lissent la peau et produisent un effet tenseur exceptionnel et imm\u00e9diat,<br \/>\n \u2013 un regard lumineux : l\u2019acide hyaluronique comble de l\u2019int\u00e9rieur les micro-d\u00e9pressions cutan\u00e9es. Le regard est plus lumineux gr\u00e2ce au complexe de vitamine C et d\u2019arginine.<br \/>\n Hypoallerg\u00e9nique.<br \/>\n 0% : conservateurs, parab\u00e8nes, ph\u00e9noxyethanol, silicones, huiles min\u00e9rales, PEG, ingr\u00e9dients d\u2019origine animale.<br \/>\n Cosm\u00e9tique Biologique certifi\u00e9 par Ecocert.<\/p>\n<p>Conseils d\u2019utilisation<br \/>\n Appliquer matin et\/ou soir sur le contour de l\u2019oeil.<\/p>\n<p>Indication<br \/>\n Soin anti-\u00e2ge du contour des yeux. Tous types de peaux.<\/p>\n<p>Composition<br \/>\n Aqua (Water)*, Glycerin*, Butylene Glycol*, Bentonite*, Acacia Senegal Gum*, Caprylic\/Capric Triglyceride*, Arginine*, Ascorbyl Glucoside*, Glyceryl Caprylate*, Xanthan Gum*, Rhizobian Gum*, Adansonia Digitata Fruit Extract*, Maltodextrin*, Citric Acid*, Sodium Hyaluronate*, Aloe Barbadensis Leaf Juice*, Biosaccharide Gum-2*, Tocopherol*, Phytic Acid*, Oenothera Biennis (Evening Primrose)* Seed Extract*, Brassica Oleracea Italica (Broccoli) Extract*, Camellia Sinensis Leaf Extract*, Silybum Marianum Extract*, Parfum (Fragrance)*, Rosmarinus Officinalis (Rosemary) Leaf Extract*, Helianthus Annuus (Sunflower) Seed Oil*.<br \/>\n *100% des ingr\u00e9dients sont d\u2019origine naturelle.<\/p>\n<\/p><\/div>","protected":false},"excerpt":{"rendered":"<p>Highlights:Lifting \u00c9clat des Laboratoires Novexpert est un soin contour des yeux liftant qui a effet tenseur, un effet hydratant ainsi qu\u2019un effet repulpant. V\u00e9ritable soin 2 en 1, Lifting \u00c9clat combine est un soin contour de yeux \u00e0 l\u2019action lifting imm\u00e9diate ainsi qu\u2019un soin anti-rides sur le long terme.<\/p>","protected":false},"featured_media":9588,"comment_status":"open","ping_status":"closed","template":"","meta":[],"product_cat":[83],"product_tag":[],"yith_product_brand":[132],"class_list":{"0":"post-9533","1":"product","2":"type-product","3":"status-publish","4":"has-post-thumbnail","6":"product_cat-soins-visage","7":"yith_product_brand-novexpert","9":"first","10":"instock","11":"sale","12":"shipping-taxable","13":"purchasable","14":"product-type-simple"},"_links":{"self":[{"href":"https:\/\/parapharmacieenligne.ma\/en\/wp-json\/wp\/v2\/product\/9533","targetHints":{"allow":["GET"]}}],"collection":[{"href":"https:\/\/parapharmacieenligne.ma\/en\/wp-json\/wp\/v2\/product"}],"about":[{"href":"https:\/\/parapharmacieenligne.ma\/en\/wp-json\/wp\/v2\/types\/product"}],"replies":[{"embeddable":true,"href":"https:\/\/parapharmacieenligne.ma\/en\/wp-json\/wp\/v2\/comments?post=9533"}],"version-history":[{"count":1,"href":"https:\/\/parapharmacieenligne.ma\/en\/wp-json\/wp\/v2\/product\/9533\/revisions"}],"predecessor-version":[{"id":9589,"href":"https:\/\/parapharmacieenligne.ma\/en\/wp-json\/wp\/v2\/product\/9533\/revisions\/9589"}],"wp:featuredmedia":[{"embeddable":true,"href":"https:\/\/parapharmacieenligne.ma\/en\/wp-json\/wp\/v2\/media\/9588"}],"wp:attachment":[{"href":"https:\/\/parapharmacieenligne.ma\/en\/wp-json\/wp\/v2\/media?parent=9533"}],"wp:term":[{"taxonomy":"product_cat","embeddable":true,"href":"https:\/\/parapharmacieenligne.ma\/en\/wp-json\/wp\/v2\/product_cat?post=9533"},{"taxonomy":"product_tag","embeddable":true,"href":"https:\/\/parapharmacieenligne.ma\/en\/wp-json\/wp\/v2\/product_tag?post=9533"},{"taxonomy":"yith_product_brand","embeddable":true,"href":"https:\/\/parapharmacieenligne.ma\/en\/wp-json\/wp\/v2\/yith_product_brand?post=9533"}],"curies":[{"name":"wp","href":"https:\/\/api.w.org\/{rel}","templated":true}]}}