{"id":9536,"date":"2026-01-26T16:08:57","date_gmt":"2026-01-26T15:08:57","guid":{"rendered":"https:\/\/parapharmacieenligne.ma\/?post_type=product&#038;p=9536"},"modified":"2026-01-26T16:51:47","modified_gmt":"2026-01-26T15:51:47","slug":"novexpert-serum-booster-pro-collagene-30-ml","status":"publish","type":"product","link":"https:\/\/parapharmacieenligne.ma\/en\/product\/novexpert-serum-booster-pro-collagene-30-ml\/","title":{"rendered":"NOVEXPERT \u2013 S\u00e9rum Booster Pro-Collag\u00e8ne 30 ML"},"content":{"rendered":"<div aria-labelledby=\"tab-title-description\" class=\"woocommerce-Tabs-panel woocommerce-Tabs-panel--description panel entry-content wc-tab\" id=\"tab-description\" role=\"tabpanel\" style=\"\">\n<h2>Description<\/h2>\n<p>Le s\u00e9rum booster Pro-collag\u00e8ne Novexpert est un soin anti-\u00e2ge qui lisse les rides et ridules. Novexpert r\u00e9volutionne l\u2019anti-\u00e2ge en stimulant les collag\u00e8nes du derme ET de l\u2019\u00e9piderme. Le pr\u00e9cieux Collag\u00e8ne 17 est \u00e9galement stimul\u00e9 \u00e0 +130%* gr\u00e2ce \u00e0 un actif brevet\u00e9.<\/p>\n<p><strong>Conseils d\u2019utilisation : <\/strong><\/p>\n<p>Dosez une ou deux noisettes puis r\u00e9partissez le Booster Pro-Collag\u00e8ne sur l\u2019ensemble du visage et du cou. Ce Booster peut s\u2019appliquer seul ou avant votre cr\u00e8me. Vous pouvez vous maquiller directement apr\u00e8s l\u2019application du Booster.<br \/>\n Fr\u00e9quence d\u2019utilisation : matin et\/ou soir.<\/p>\n<\/p><\/div>","protected":false},"excerpt":{"rendered":"<p>Highlights:Novexpert r\u00e9volutionne l\u2019anti-\u00e2ge en stimulant les collag\u00e8nes du derme ET de l\u2019\u00e9piderme. Le pr\u00e9cieux Collag\u00e8ne 17 est \u00e9galement stimul\u00e9 \u00e0 +130%* gr\u00e2ce \u00e0 un actif brevet\u00e9, cr\u00e9\u00e9 par les Docteurs Novexpert, la Novaxyline. R\u00e9sulats visibles : \u2013 38% de rides en moyenne en 28 jours<\/p>","protected":false},"featured_media":9596,"comment_status":"open","ping_status":"closed","template":"","meta":[],"product_cat":[83],"product_tag":[],"yith_product_brand":[132],"class_list":{"0":"post-9536","1":"product","2":"type-product","3":"status-publish","4":"has-post-thumbnail","6":"product_cat-soins-visage","7":"yith_product_brand-novexpert","9":"first","10":"instock","11":"sale","12":"shipping-taxable","13":"purchasable","14":"product-type-simple"},"_links":{"self":[{"href":"https:\/\/parapharmacieenligne.ma\/en\/wp-json\/wp\/v2\/product\/9536","targetHints":{"allow":["GET"]}}],"collection":[{"href":"https:\/\/parapharmacieenligne.ma\/en\/wp-json\/wp\/v2\/product"}],"about":[{"href":"https:\/\/parapharmacieenligne.ma\/en\/wp-json\/wp\/v2\/types\/product"}],"replies":[{"embeddable":true,"href":"https:\/\/parapharmacieenligne.ma\/en\/wp-json\/wp\/v2\/comments?post=9536"}],"version-history":[{"count":1,"href":"https:\/\/parapharmacieenligne.ma\/en\/wp-json\/wp\/v2\/product\/9536\/revisions"}],"predecessor-version":[{"id":9597,"href":"https:\/\/parapharmacieenligne.ma\/en\/wp-json\/wp\/v2\/product\/9536\/revisions\/9597"}],"wp:featuredmedia":[{"embeddable":true,"href":"https:\/\/parapharmacieenligne.ma\/en\/wp-json\/wp\/v2\/media\/9596"}],"wp:attachment":[{"href":"https:\/\/parapharmacieenligne.ma\/en\/wp-json\/wp\/v2\/media?parent=9536"}],"wp:term":[{"taxonomy":"product_cat","embeddable":true,"href":"https:\/\/parapharmacieenligne.ma\/en\/wp-json\/wp\/v2\/product_cat?post=9536"},{"taxonomy":"product_tag","embeddable":true,"href":"https:\/\/parapharmacieenligne.ma\/en\/wp-json\/wp\/v2\/product_tag?post=9536"},{"taxonomy":"yith_product_brand","embeddable":true,"href":"https:\/\/parapharmacieenligne.ma\/en\/wp-json\/wp\/v2\/yith_product_brand?post=9536"}],"curies":[{"name":"wp","href":"https:\/\/api.w.org\/{rel}","templated":true}]}}