{"id":9539,"date":"2026-01-26T16:09:00","date_gmt":"2026-01-26T15:09:00","guid":{"rendered":"https:\/\/parapharmacieenligne.ma\/?post_type=product&#038;p=9539"},"modified":"2026-01-26T16:52:00","modified_gmt":"2026-01-26T15:52:00","slug":"novexpert-le-gel-repulp-40ml","status":"publish","type":"product","link":"https:\/\/parapharmacieenligne.ma\/en\/product\/novexpert-le-gel-repulp-40ml\/","title":{"rendered":"Novexpert Le Gel Repulp 40ml"},"content":{"rendered":"<div aria-labelledby=\"tab-title-description\" class=\"woocommerce-Tabs-panel woocommerce-Tabs-panel--description panel entry-content wc-tab\" id=\"tab-description\" role=\"tabpanel\" style=\"\">\n<h2>Description<\/h2>\n<p>Un gel ? Plut\u00f4t une perfusion d\u2019Acide Hyaluronique mont\u00e9e en \u00e9mulsion ! Avec \u00e0 la cl\u00e9, <strong>une action repulpante et un effet fermet\u00e9<\/strong> pl\u00e9biscit\u00e9 par plus de 93% des testeurs**.<\/p>\n<ul>\n<li class=\"formula__element\">ALARIA ESCULENTA EXTRACT : Extrait d\u2019Algue Booster de Collag\u00e8ne et d\u2019Acide Hyaluronique<\/li>\n<li class=\"formula__element\">ALOE BARBADENSIS LEAF JUICE : Gel d\u2019Aloe Vera<\/li>\n<li class=\"formula__element\">BIOSACCHARIDE GUM-2 : Actif Anti-Age et Apaisant (Biotechnologie)<\/li>\n<li class=\"formula__element\">COMMIPHORA MUKUL RESIN EXTRACT : Extrait de Commiphora Repulpante<\/li>\n<li class=\"formula__element\">GLYCERIN : Agent Humectant (Colza)<\/li>\n<li class=\"formula__element\">LAMINARIA OCHROLEUCA EXTRACT : Extrait d\u2019Algue Anti-Age<\/li>\n<li class=\"formula__element\">SODIUM HYALURONATE : Acide Hyaluronique (Biotechnologie et Bl\u00e9)<\/li>\n<li class=\"formula__element\">TOCOPHEROL : Vitamine E Anti-Radicalaire (Soja)<\/li>\n<li class=\"formula__element\">TREHALOSE : Actif Hydratant (Tapioca)<\/li>\n<\/ul>\n<p><strong><strong>Conseils d\u2019Utilisation : <\/strong> <\/strong><\/p>\n<div class=\"grid__cell 1\/2--lap-and-up\">\n<div class=\"rte\">\n<p><strong>Appliquez sur l\u2019ensemble du visage et du cou,<\/strong> faites p\u00e9n\u00e9trer par massages circulaires. Laissez p\u00e9n\u00e9trer la cr\u00e8me 5 minutes avant le maquillage.<br \/>\n Fr\u00e9quence d\u2019utilisation : matin et\/ou soir.<\/p>\n<\/p><\/div>\n<\/p><\/div>\n<div class=\"grid__cell 1\/2--lap-and-up\">\n<p class=\"product__usage-title acide-hyaluronique--color --border\">WHAT ELSE ?<\/p>\n<div class=\"rte\">\n<p><strong>Changer de rituel en fonction du climat (voyage) ou des saisons.<\/strong><br \/>\n En hiver : 2 gouttes du S\u00e9rum Booster \u00e0 l\u2019Acide Hyaluronique avant le Gel Repulp.<br \/>\n En \u00e9t\u00e9 : vaporisation de la Brume Hydro-Tonique avant le Gel Repulp.<\/p>\n<\/p><\/div>\n<\/p><\/div>\n<\/p><\/div>","protected":false},"excerpt":{"rendered":"<p>Highlights:Peaux mixtes \u00e0 grasses.L\u2019ARCHITECTE DE VOTRE VISAGE.<\/p>","protected":false},"featured_media":9602,"comment_status":"open","ping_status":"closed","template":"","meta":[],"product_cat":[83],"product_tag":[],"yith_product_brand":[132],"class_list":{"0":"post-9539","1":"product","2":"type-product","3":"status-publish","4":"has-post-thumbnail","6":"product_cat-soins-visage","7":"yith_product_brand-novexpert","9":"first","10":"instock","11":"sale","12":"shipping-taxable","13":"purchasable","14":"product-type-simple"},"_links":{"self":[{"href":"https:\/\/parapharmacieenligne.ma\/en\/wp-json\/wp\/v2\/product\/9539","targetHints":{"allow":["GET"]}}],"collection":[{"href":"https:\/\/parapharmacieenligne.ma\/en\/wp-json\/wp\/v2\/product"}],"about":[{"href":"https:\/\/parapharmacieenligne.ma\/en\/wp-json\/wp\/v2\/types\/product"}],"replies":[{"embeddable":true,"href":"https:\/\/parapharmacieenligne.ma\/en\/wp-json\/wp\/v2\/comments?post=9539"}],"version-history":[{"count":1,"href":"https:\/\/parapharmacieenligne.ma\/en\/wp-json\/wp\/v2\/product\/9539\/revisions"}],"predecessor-version":[{"id":9603,"href":"https:\/\/parapharmacieenligne.ma\/en\/wp-json\/wp\/v2\/product\/9539\/revisions\/9603"}],"wp:featuredmedia":[{"embeddable":true,"href":"https:\/\/parapharmacieenligne.ma\/en\/wp-json\/wp\/v2\/media\/9602"}],"wp:attachment":[{"href":"https:\/\/parapharmacieenligne.ma\/en\/wp-json\/wp\/v2\/media?parent=9539"}],"wp:term":[{"taxonomy":"product_cat","embeddable":true,"href":"https:\/\/parapharmacieenligne.ma\/en\/wp-json\/wp\/v2\/product_cat?post=9539"},{"taxonomy":"product_tag","embeddable":true,"href":"https:\/\/parapharmacieenligne.ma\/en\/wp-json\/wp\/v2\/product_tag?post=9539"},{"taxonomy":"yith_product_brand","embeddable":true,"href":"https:\/\/parapharmacieenligne.ma\/en\/wp-json\/wp\/v2\/yith_product_brand?post=9539"}],"curies":[{"name":"wp","href":"https:\/\/api.w.org\/{rel}","templated":true}]}}