{"id":9540,"date":"2026-01-26T16:09:02","date_gmt":"2026-01-26T15:09:02","guid":{"rendered":"https:\/\/parapharmacieenligne.ma\/?post_type=product&#038;p=9540"},"modified":"2026-01-26T16:52:13","modified_gmt":"2026-01-26T15:52:13","slug":"novexpert-serum-booster-whitening-30ml","status":"publish","type":"product","link":"https:\/\/parapharmacieenligne.ma\/en\/product\/novexpert-serum-booster-whitening-30ml\/","title":{"rendered":"Novexpert \u2013 S\u00e9rum Booster Whitening 30ML"},"content":{"rendered":"<div aria-labelledby=\"tab-title-description\" class=\"woocommerce-Tabs-panel woocommerce-Tabs-panel--description panel entry-content wc-tab\" id=\"tab-description\" role=\"tabpanel\" style=\"\">\n<h2>Description<\/h2>\n<p>Des taches r\u00e9duites jusqu\u2019\u00e0 96%\u00b9 en moins de 2 mois. Oui, c\u2019est possible quand on agit sur les causes externes des taches (soleil, pollution) gr\u00e2ce \u00e0 de puissants antioxydants ainsi que les causes internes comme le stress ou l\u2019inflammation. Mais ce n\u2019est pas tout. Ce s\u00e9rum unique d\u00e9livre une triple action anti-\u00e2ge, anti-teint terne et anti-tache pour intervenir en toutes saisons et quel que soit le type de peau.<\/p>\n<p><strong>Conseils d\u2019utilisation :<\/strong><\/p>\n<p>Matin et\/ou soir.<\/p>\n<p>Appliquer ce s\u00e9rum sur le visage et le cou<\/p>\n<p>SEUL ou AVANT votre cr\u00e8me.<\/p>\n<\/p><\/div>","protected":false},"excerpt":{"rendered":"<p>Highlights:\u2022 RELIPIDANT : pour compenser les effets dess\u00e9chants des traitements m\u00e9dicamenteux.\u2022 NOURRISSANT : restaure le confort cutan\u00e9.\u2022 APAISANT : pour les peaux fragilis\u00e9es.<\/p>","protected":false},"featured_media":9609,"comment_status":"open","ping_status":"closed","template":"","meta":[],"product_cat":[83],"product_tag":[],"yith_product_brand":[132],"class_list":{"0":"post-9540","1":"product","2":"type-product","3":"status-publish","4":"has-post-thumbnail","6":"product_cat-soins-visage","7":"yith_product_brand-novexpert","9":"first","10":"instock","11":"sale","12":"shipping-taxable","13":"purchasable","14":"product-type-simple"},"_links":{"self":[{"href":"https:\/\/parapharmacieenligne.ma\/en\/wp-json\/wp\/v2\/product\/9540","targetHints":{"allow":["GET"]}}],"collection":[{"href":"https:\/\/parapharmacieenligne.ma\/en\/wp-json\/wp\/v2\/product"}],"about":[{"href":"https:\/\/parapharmacieenligne.ma\/en\/wp-json\/wp\/v2\/types\/product"}],"replies":[{"embeddable":true,"href":"https:\/\/parapharmacieenligne.ma\/en\/wp-json\/wp\/v2\/comments?post=9540"}],"version-history":[{"count":1,"href":"https:\/\/parapharmacieenligne.ma\/en\/wp-json\/wp\/v2\/product\/9540\/revisions"}],"predecessor-version":[{"id":9610,"href":"https:\/\/parapharmacieenligne.ma\/en\/wp-json\/wp\/v2\/product\/9540\/revisions\/9610"}],"wp:featuredmedia":[{"embeddable":true,"href":"https:\/\/parapharmacieenligne.ma\/en\/wp-json\/wp\/v2\/media\/9609"}],"wp:attachment":[{"href":"https:\/\/parapharmacieenligne.ma\/en\/wp-json\/wp\/v2\/media?parent=9540"}],"wp:term":[{"taxonomy":"product_cat","embeddable":true,"href":"https:\/\/parapharmacieenligne.ma\/en\/wp-json\/wp\/v2\/product_cat?post=9540"},{"taxonomy":"product_tag","embeddable":true,"href":"https:\/\/parapharmacieenligne.ma\/en\/wp-json\/wp\/v2\/product_tag?post=9540"},{"taxonomy":"yith_product_brand","embeddable":true,"href":"https:\/\/parapharmacieenligne.ma\/en\/wp-json\/wp\/v2\/yith_product_brand?post=9540"}],"curies":[{"name":"wp","href":"https:\/\/api.w.org\/{rel}","templated":true}]}}