{"id":9542,"date":"2026-01-26T16:09:06","date_gmt":"2026-01-26T15:09:06","guid":{"rendered":"https:\/\/parapharmacieenligne.ma\/?post_type=product&#038;p=9542"},"modified":"2026-01-26T16:52:24","modified_gmt":"2026-01-26T15:52:24","slug":"novexpert-brume-perfection-eclat-60-ml","status":"publish","type":"product","link":"https:\/\/parapharmacieenligne.ma\/en\/product\/novexpert-brume-perfection-eclat-60-ml\/","title":{"rendered":"NOVEXPERT \u2013 Brume Perfection Eclat 60 ML"},"content":{"rendered":"<div aria-labelledby=\"tab-title-description\" class=\"woocommerce-Tabs-panel woocommerce-Tabs-panel--description panel entry-content wc-tab\" id=\"tab-description\" role=\"tabpanel\" style=\"\">\n<h2>Description<\/h2>\n<p>La brume perfection \u00e9clat des Laboratoires Novexpert est un soin anti-taches qui illumine le teint. Celle-ci lutte contre l\u2019oxydation des cellules provoqu\u00e9e par la pollution. Le r\u00e9sultat ? Des taches pigmentaires ! Cette brume offre un triple-b\u00e9n\u00e9fice \u00e0 la peau : elle ravive l\u2019\u00e9clat du teint, la prot\u00e8ge des m\u00e9faits de la pollution et r\u00e9duit les taches. Enfin, elle contient de l\u2019aloe vera et de la glyc\u00e9rine qui apportent hydratation \u00e0 la peau !<\/p>\n<p><strong>Actifs :<\/strong><\/p>\n<p>ALOE BARBADENSIS LEAF JUICE POWDER + AQUA<br \/>\n Gel d\u2019Aloe Vera : Poudre d\u2019Aloe Vera + Eau<\/p>\n<p>BALANITES ROXBURGHII SEED OIL<br \/>\n Actif Anti-Tache (Dattier du d\u00e9sert)<\/p>\n<p>DICTYOPTERIS POLYPODIOIDES EXTRACT<br \/>\n Actif \u00e9claircissant (Algue Brune)<\/p>\n<p>EPIGALLOCATECHIN GALLATYL GLUCOSIDE<br \/>\n Polyph\u00e9nols de th\u00e9 vert \u00e9claircissant (feuille de th\u00e9)<\/p>\n<p>GLYCERIN<br \/>\n Agent Humectant (Colza)<\/p>\n<p>HYDROLYZED WHEAT FLOUR<br \/>\n Actif \u00e9claircissant (Bl\u00e9)<\/p>\n<p>LACTOBACILLUS FERMENT<br \/>\n Peptides de Lactobacillus (Biotechnologie)<\/p>\n<p>PANCRATIUM MARITIMUM EXTRACT<br \/>\n Extrait d\u2019Algue Anti-Substance P<\/p>\n<p><strong>Conseils d\u2019utilisation :<\/strong><\/p>\n<p>Fermer les yeux et vaporiser d\u2019un geste circulaire \u00e0 30 cm du visage. Laisser agir 10 secondes et s\u00e9cher d\u00e9licatement.<\/p>\n<p>\u00c0 utiliser MATIN, SOIR ou en JOURNEE :<\/p>\n<p>\u2013 AVANT un soin (s\u00e9rum, cr\u00e8me, masque)<\/p>\n<p>\u2013 APR\u00c8S le d\u00e9maquillage ou nettoyage<\/p>\n<p>\u2013 Pour FIXER le maquillage, se rafra\u00eechir\u2026<\/p>\n<\/p><\/div>","protected":false},"excerpt":{"rendered":"<p>Highlights:100% d\u2019origine naturelle \u2013 V\u00e9gan &#038; BioHaute concentration en actifsHypoallerg\u00e9niqueCompatible femmes enceintes et allaitantes1Made in FranceFormul\u00e9 par des Docteurs<\/p>","protected":false},"featured_media":9613,"comment_status":"open","ping_status":"closed","template":"","meta":[],"product_cat":[83],"product_tag":[],"yith_product_brand":[132],"class_list":{"0":"post-9542","1":"product","2":"type-product","3":"status-publish","4":"has-post-thumbnail","6":"product_cat-soins-visage","7":"yith_product_brand-novexpert","9":"first","10":"instock","11":"sale","12":"shipping-taxable","13":"purchasable","14":"product-type-simple"},"_links":{"self":[{"href":"https:\/\/parapharmacieenligne.ma\/en\/wp-json\/wp\/v2\/product\/9542","targetHints":{"allow":["GET"]}}],"collection":[{"href":"https:\/\/parapharmacieenligne.ma\/en\/wp-json\/wp\/v2\/product"}],"about":[{"href":"https:\/\/parapharmacieenligne.ma\/en\/wp-json\/wp\/v2\/types\/product"}],"replies":[{"embeddable":true,"href":"https:\/\/parapharmacieenligne.ma\/en\/wp-json\/wp\/v2\/comments?post=9542"}],"version-history":[{"count":1,"href":"https:\/\/parapharmacieenligne.ma\/en\/wp-json\/wp\/v2\/product\/9542\/revisions"}],"predecessor-version":[{"id":9614,"href":"https:\/\/parapharmacieenligne.ma\/en\/wp-json\/wp\/v2\/product\/9542\/revisions\/9614"}],"wp:featuredmedia":[{"embeddable":true,"href":"https:\/\/parapharmacieenligne.ma\/en\/wp-json\/wp\/v2\/media\/9613"}],"wp:attachment":[{"href":"https:\/\/parapharmacieenligne.ma\/en\/wp-json\/wp\/v2\/media?parent=9542"}],"wp:term":[{"taxonomy":"product_cat","embeddable":true,"href":"https:\/\/parapharmacieenligne.ma\/en\/wp-json\/wp\/v2\/product_cat?post=9542"},{"taxonomy":"product_tag","embeddable":true,"href":"https:\/\/parapharmacieenligne.ma\/en\/wp-json\/wp\/v2\/product_tag?post=9542"},{"taxonomy":"yith_product_brand","embeddable":true,"href":"https:\/\/parapharmacieenligne.ma\/en\/wp-json\/wp\/v2\/yith_product_brand?post=9542"}],"curies":[{"name":"wp","href":"https:\/\/api.w.org\/{rel}","templated":true}]}}