{"id":9553,"date":"2026-01-26T16:09:44","date_gmt":"2026-01-26T15:09:44","guid":{"rendered":"https:\/\/parapharmacieenligne.ma\/?post_type=product&#038;p=9553"},"modified":"2026-01-26T16:52:47","modified_gmt":"2026-01-26T15:52:47","slug":"novexpert-fluide-purete-trio-zinc-30ml","status":"publish","type":"product","link":"https:\/\/parapharmacieenligne.ma\/en\/product\/novexpert-fluide-purete-trio-zinc-30ml\/","title":{"rendered":"Novexpert Fluide purete trio-zinc 30ml"},"content":{"rendered":"<div aria-labelledby=\"tab-title-description\" class=\"woocommerce-Tabs-panel woocommerce-Tabs-panel--description panel entry-content wc-tab\" id=\"tab-description\" role=\"tabpanel\" style=\"\">\n<h2>Description<\/h2>\n<p>Description<br \/>\n Novexpert Trio-Zinc Fluide Puret\u00e9 30 ml est un soin 2en1 \u00e0 la fois purifiant et anti-\u00e2ge \u00e0 la texture fluide. Sa formule compl\u00e8te, anti-oxydante, r\u00e9duit les imperfections et la brillance. Il laisse \u00e9galement la peau plus lisse et plus nette. Il convient aux jeunes adultes.<br \/>\n Hypoallerg\u00e9nique.<br \/>\n 0% : conservateurs, parab\u00e8nes, ph\u00e9noxy\u00e9thanol, silicones, huiles min\u00e9rales, PEG, ingr\u00e9dients d\u2019origine animale.<\/p>\n<p>Conseils d\u2019utilisation<br \/>\n Appliquer matin et soir sur le visage.<br \/>\n Eviter le contact avec les yeux.<\/p>\n<p>Indication<br \/>\n Soin anti-imperfections. Peaux normales \u00e0 mixtes.<\/p>\n<p>Composition<br \/>\n Aqua (Water)*, Butylene Glycol*, Arachidyl Alcohol*, Glycerin*, Undecane*, Caprylic\/Capric Triglyceride*, Lactobacillus*, Behenyl Alcohol*, Parfum (Fragrance)*, Tridecane*, Cetearyl Alcohol*, Lauroyl Lysine*, Zinc Gluconate*, Zinc PCA*, Zinc Lactate*, Bakuchiol*, Hamamelis Virginiana (Witch Hazel) Leaf Extract*, Totarol*, Lauric Acid*, Bisabolol*, Enantia Chlorantha Bark Extract*, Sclerotium Gum*, Arachidyl Glucoside*, Harungana Madagascariensis Extract*, Xanthan Gum* Arginine*, Tocopherol*, Rosmarinus Officinalis (Rosemary) Leaf Extract*, Bentonite*, Glyceryl Caprylate*, Cocos Nucifera (Coconut) Fruit Extract*, Trihydroxystearin*, Helianthus Annuus (Sunflower) Seed Oil*, Cetearyl Glucoside*, Oleanic Acid*, Citric Acid*, Pancratium Maritimum Extract*.<br \/>\n *100% des ingr\u00e9dients sont d\u2019origine naturelle certifi\u00e9 par un organisme certificateur ind\u00e9pendant.<\/p>\n<\/p><\/div>","protected":false},"excerpt":{"rendered":"<p>Highlights:En 2002, une \u00e9quipe de scientifiques a r\u00e9v\u00e9l\u00e9 l\u2019existence d\u2019une communaut\u00e9 en Asie du Sud-Est qui n\u2019a jamais connu les imperfections. Inspir\u00e9s par cette d\u00e9couverte \u00e9tonnante, les Laboratoires Novexpert ont \u00e9labor\u00e9 une nouvelle g\u00e9n\u00e9ration de soins :\u2013 qui agissent \u00e0 la fois sur les causes et les cons\u00e9quences des imperfections.\u2013 qui proposent une action compl\u00e8te pour l\u2019adulte : purifiant et anti-\u00e2ge (2-en-1).<\/p>","protected":false},"featured_media":9625,"comment_status":"open","ping_status":"closed","template":"","meta":[],"product_cat":[83],"product_tag":[],"yith_product_brand":[132],"class_list":{"0":"post-9553","1":"product","2":"type-product","3":"status-publish","4":"has-post-thumbnail","6":"product_cat-soins-visage","7":"yith_product_brand-novexpert","9":"first","10":"instock","11":"sale","12":"shipping-taxable","13":"purchasable","14":"product-type-simple"},"_links":{"self":[{"href":"https:\/\/parapharmacieenligne.ma\/en\/wp-json\/wp\/v2\/product\/9553","targetHints":{"allow":["GET"]}}],"collection":[{"href":"https:\/\/parapharmacieenligne.ma\/en\/wp-json\/wp\/v2\/product"}],"about":[{"href":"https:\/\/parapharmacieenligne.ma\/en\/wp-json\/wp\/v2\/types\/product"}],"replies":[{"embeddable":true,"href":"https:\/\/parapharmacieenligne.ma\/en\/wp-json\/wp\/v2\/comments?post=9553"}],"version-history":[{"count":1,"href":"https:\/\/parapharmacieenligne.ma\/en\/wp-json\/wp\/v2\/product\/9553\/revisions"}],"predecessor-version":[{"id":9626,"href":"https:\/\/parapharmacieenligne.ma\/en\/wp-json\/wp\/v2\/product\/9553\/revisions\/9626"}],"wp:featuredmedia":[{"embeddable":true,"href":"https:\/\/parapharmacieenligne.ma\/en\/wp-json\/wp\/v2\/media\/9625"}],"wp:attachment":[{"href":"https:\/\/parapharmacieenligne.ma\/en\/wp-json\/wp\/v2\/media?parent=9553"}],"wp:term":[{"taxonomy":"product_cat","embeddable":true,"href":"https:\/\/parapharmacieenligne.ma\/en\/wp-json\/wp\/v2\/product_cat?post=9553"},{"taxonomy":"product_tag","embeddable":true,"href":"https:\/\/parapharmacieenligne.ma\/en\/wp-json\/wp\/v2\/product_tag?post=9553"},{"taxonomy":"yith_product_brand","embeddable":true,"href":"https:\/\/parapharmacieenligne.ma\/en\/wp-json\/wp\/v2\/yith_product_brand?post=9553"}],"curies":[{"name":"wp","href":"https:\/\/api.w.org\/{rel}","templated":true}]}}