{"id":9554,"date":"2026-01-26T16:09:44","date_gmt":"2026-01-26T15:09:44","guid":{"rendered":"https:\/\/parapharmacieenligne.ma\/?post_type=product&#038;p=9554"},"modified":"2026-01-26T16:52:49","modified_gmt":"2026-01-26T15:52:49","slug":"novexpert-brume-hydro-tonique-a-h-100ml","status":"publish","type":"product","link":"https:\/\/parapharmacieenligne.ma\/en\/product\/novexpert-brume-hydro-tonique-a-h-100ml\/","title":{"rendered":"Novexpert Brume Hydro-Tonique A.H \u2013 100ml"},"content":{"rendered":"<div aria-labelledby=\"tab-title-description\" class=\"woocommerce-Tabs-panel woocommerce-Tabs-panel--description panel entry-content wc-tab\" id=\"tab-description\" role=\"tabpanel\" style=\"\">\n<h2>Description<\/h2>\n<p>Description<br \/>\n Un Spray pratique, \u00e9conomique &amp; hygi\u00e9nique\u2026\u2026 Partout, toujours avec vous !<br \/>\n Avec son format compact de 100 ml et garanti sans gaz propulseur, la Brume Hydro-Tonique vous accompagnera jusque dans l\u2019avion\u2026 sans restriction !<br \/>\n \u00c2ge et types de peaux : \u00c0 partir de 25 ans \u2013 Unisexe \u2013 Pour tous types de peaux.<br \/>\n Profils dermatologiques : Peaux d\u00e9shydrat\u00e9es, visages \u00ab fatigu\u00e9s \u00bb, adeptes des injections d\u2019acide hyaluronique, soin anti-\u00e2ge \u00ab oil free \u00bb.<br \/>\n Mode de vie : Les personnes au r\u00e9gime (le visage se creuse), stress\u00e9es (rides de contraction), adeptes du rituel complet et rapide, 3 en 1<\/p>\n<p>Conseils d\u2019utilisation<br \/>\n Tenir \u00e0 30 cm du visage, fermer les yeux et vaporiser 2 ou 3 fois d\u2019un geste circulaire pour couvrir l\u2019ensemble du visage. Laisser agir 10 secondes et s\u00e9cher d\u00e9licatement.<br \/>\n \u00c0 utiliser matin, soir et tout au long de la journ\u00e9e, sans mod\u00e9ration !<br \/>\n Apr\u00e8s le d\u00e9maquillage, nettoyage, avant un soin, pour fixer le maquillage et pour se rafra\u00eechir ou apaiser\u2026<\/p>\n<p>Indication<br \/>\n \u00c2ge et types de peaux : \u00c0 partir de 25 ans \u2013 Unisexe \u2013 Pour tous types de peaux.<br \/>\n Profils dermatologiques : Peaux d\u00e9shydrat\u00e9es, visages \u00ab fatigu\u00e9s \u00bb, adeptes des injections d\u2019acide hyaluronique, soin anti-\u00e2ge \u00ab oil free \u00bb.<br \/>\n Mode de vie : Les personnes au r\u00e9gime (le visage se creuse), stress\u00e9es (rides de contraction), adeptes du rituel complet et rapide, 3 en 1.<\/p>\n<p>Composition<br \/>\n Aqua (water), butylene glycol, parfum (fragance), lactobacillus ferment, sodium hyaluronate, ribose, aloe barbadensis leaf juice*, adenosine, phytic acid, sodium citrate, citric acid, glycerin.<\/p>\n<\/p><\/div>","protected":false},"excerpt":{"rendered":"<p>Highlights:Une seule pression qui vaporise un nuage de gouttelettes micronis\u00e9es d\u2019AH. C\u2019est ce que propose la Brume Hydro-Tonique \u00e0 la fois tonique, fixateur de maquillage et soin expert concentr\u00e9 en actifs anti-\u00e2ge pointus.<\/p>","protected":false},"featured_media":9627,"comment_status":"open","ping_status":"closed","template":"","meta":[],"product_cat":[83],"product_tag":[],"yith_product_brand":[132],"class_list":{"0":"post-9554","1":"product","2":"type-product","3":"status-publish","4":"has-post-thumbnail","6":"product_cat-soins-visage","7":"yith_product_brand-novexpert","9":"first","10":"instock","11":"sale","12":"shipping-taxable","13":"purchasable","14":"product-type-simple"},"_links":{"self":[{"href":"https:\/\/parapharmacieenligne.ma\/en\/wp-json\/wp\/v2\/product\/9554","targetHints":{"allow":["GET"]}}],"collection":[{"href":"https:\/\/parapharmacieenligne.ma\/en\/wp-json\/wp\/v2\/product"}],"about":[{"href":"https:\/\/parapharmacieenligne.ma\/en\/wp-json\/wp\/v2\/types\/product"}],"replies":[{"embeddable":true,"href":"https:\/\/parapharmacieenligne.ma\/en\/wp-json\/wp\/v2\/comments?post=9554"}],"version-history":[{"count":1,"href":"https:\/\/parapharmacieenligne.ma\/en\/wp-json\/wp\/v2\/product\/9554\/revisions"}],"predecessor-version":[{"id":9628,"href":"https:\/\/parapharmacieenligne.ma\/en\/wp-json\/wp\/v2\/product\/9554\/revisions\/9628"}],"wp:featuredmedia":[{"embeddable":true,"href":"https:\/\/parapharmacieenligne.ma\/en\/wp-json\/wp\/v2\/media\/9627"}],"wp:attachment":[{"href":"https:\/\/parapharmacieenligne.ma\/en\/wp-json\/wp\/v2\/media?parent=9554"}],"wp:term":[{"taxonomy":"product_cat","embeddable":true,"href":"https:\/\/parapharmacieenligne.ma\/en\/wp-json\/wp\/v2\/product_cat?post=9554"},{"taxonomy":"product_tag","embeddable":true,"href":"https:\/\/parapharmacieenligne.ma\/en\/wp-json\/wp\/v2\/product_tag?post=9554"},{"taxonomy":"yith_product_brand","embeddable":true,"href":"https:\/\/parapharmacieenligne.ma\/en\/wp-json\/wp\/v2\/yith_product_brand?post=9554"}],"curies":[{"name":"wp","href":"https:\/\/api.w.org\/{rel}","templated":true}]}}