{"id":9604,"date":"2026-01-26T16:52:06","date_gmt":"2026-01-26T15:52:06","guid":{"rendered":"https:\/\/parapharmacieenligne.ma\/?post_type=product&#038;p=9604"},"modified":"2026-01-26T16:53:38","modified_gmt":"2026-01-26T15:53:38","slug":"novexpert-omegas-serum-booster-aux-5-omegas-30-ml","status":"publish","type":"product","link":"https:\/\/parapharmacieenligne.ma\/en\/product\/novexpert-omegas-serum-booster-aux-5-omegas-30-ml\/","title":{"rendered":"Novexpert Om\u00e9gas S\u00e9rum Booster aux 5 Om\u00e9gas \u2013 30 ml"},"content":{"rendered":"<div aria-labelledby=\"tab-title-description\" class=\"woocommerce-Tabs-panel woocommerce-Tabs-panel--description panel entry-content wc-tab\" id=\"tab-description\" role=\"tabpanel\" style=\"\">\n<h2>Description<\/h2>\n<p>Description<br \/>\n Novexpert Om\u00e9gas S\u00e9rum Booster aux 5 Om\u00e9gas 30 ml est un soin nutrition intense et anti-\u00e2ge global. Il est indiqu\u00e9 :<br \/>\n \u2013 pour les peaux s\u00e8ches, ass\u00e9ch\u00e9es ou fines, manquant d\u2019\u00e9lasticit\u00e9 et avec des sensations d\u2019inconfort,<br \/>\n \u2013 pour une vie dans un environnement sec (air conditionn\u00e9, climat sec, vent, froid, soleil, avion\u2026).<br \/>\n Il concentre 100% de toutes les familles d\u2019om\u00e9gas dans un seul flacon pour une action anti-\u00e2ge compl\u00e8te :<br \/>\n \u2013 Om\u00e9gas 3 : adoucissant,<br \/>\n \u2013 Om\u00e9gas 5 : r\u00e9g\u00e9n\u00e9rant\/anti-\u00e2ge,<br \/>\n \u2013 Om\u00e9gas 6 : nourrissant,<br \/>\n \u2013 Om\u00e9gas 7 : cicatrisant\/anti-\u00e2ge,<br \/>\n \u2013 Om\u00e9gas 9 : protecteur.<br \/>\n Sa texture huileuse permet une p\u00e9n\u00e9tration rapide et offre une peau de velours.<br \/>\n Hypoallerg\u00e9nique.<br \/>\n 0% : conservateurs, parab\u00e8nes, ph\u00e9noxy\u00e9thanol, silicones, huiles min\u00e9rales, PEG, ingr\u00e9dients d\u2019origine animale.<br \/>\n Cosm\u00e9tique \u00e9cologique certifi\u00e9 par Ecocert.<\/p>\n<p>Conseils d\u2019utilisation<br \/>\n Appliquer sur le visage 2 \u00e0 5 gouttes de s\u00e9rum matin et\/ou soir seul avant ou m\u00e9lang\u00e9 \u00e0 la cr\u00e8me de soin.<\/p>\n<p>Indication<br \/>\n Soin anti-\u00e2ge. Peaux normales \u00e0 s\u00e8ches.<\/p>\n<p>Composition<br \/>\n Squalane*, Sesamum Indicum (Sesame) Seed Oil*, Simmondsia Chinensis (Jojoba) Seed Oil*, Camelina Sativa Seed Oil*, Caprylic\/Capric Triglyceride*, Punica Granatium Seed Oil*, Sclerocarya Birrea Seed Oil*, Plukenetia Volubilis Seed Oil*, Hippophae Rihamnoides Oil*, Parfum (Fragrance)*, Tocopherol*, Bisabolol*, Laminaria Ochroleuca Extract*, Helianthus Officinalis (Rosemary) Leaf Extract*.<br \/>\n *100% des ingr\u00e9dients sont d\u2019origine naturelle.<\/p>\n<\/p><\/div>","protected":false},"excerpt":{"rendered":"<p>Highlights:Tous les om\u00e9gas r\u00e9unis dans un seul flacon ! Le fameux Om\u00e9ga 3, le myst\u00e9rieux Om\u00e9ga 5, les incontournables Om\u00e9gas 6 &#038; 9 et la future star, l\u2019Om\u00e9ga 7.La promesse ? Une nutrition intense et un concentr\u00e9 d\u2019actifs anti-\u00e2ge 100% v\u00e9g\u00e9tal.<\/p>","protected":false},"featured_media":9641,"comment_status":"open","ping_status":"closed","template":"","meta":[],"product_cat":[83],"product_tag":[],"yith_product_brand":[132],"class_list":{"0":"post-9604","1":"product","2":"type-product","3":"status-publish","4":"has-post-thumbnail","6":"product_cat-soins-visage","7":"yith_product_brand-novexpert","9":"first","10":"instock","11":"sale","12":"shipping-taxable","13":"purchasable","14":"product-type-simple"},"_links":{"self":[{"href":"https:\/\/parapharmacieenligne.ma\/en\/wp-json\/wp\/v2\/product\/9604","targetHints":{"allow":["GET"]}}],"collection":[{"href":"https:\/\/parapharmacieenligne.ma\/en\/wp-json\/wp\/v2\/product"}],"about":[{"href":"https:\/\/parapharmacieenligne.ma\/en\/wp-json\/wp\/v2\/types\/product"}],"replies":[{"embeddable":true,"href":"https:\/\/parapharmacieenligne.ma\/en\/wp-json\/wp\/v2\/comments?post=9604"}],"version-history":[{"count":1,"href":"https:\/\/parapharmacieenligne.ma\/en\/wp-json\/wp\/v2\/product\/9604\/revisions"}],"predecessor-version":[{"id":9642,"href":"https:\/\/parapharmacieenligne.ma\/en\/wp-json\/wp\/v2\/product\/9604\/revisions\/9642"}],"wp:featuredmedia":[{"embeddable":true,"href":"https:\/\/parapharmacieenligne.ma\/en\/wp-json\/wp\/v2\/media\/9641"}],"wp:attachment":[{"href":"https:\/\/parapharmacieenligne.ma\/en\/wp-json\/wp\/v2\/media?parent=9604"}],"wp:term":[{"taxonomy":"product_cat","embeddable":true,"href":"https:\/\/parapharmacieenligne.ma\/en\/wp-json\/wp\/v2\/product_cat?post=9604"},{"taxonomy":"product_tag","embeddable":true,"href":"https:\/\/parapharmacieenligne.ma\/en\/wp-json\/wp\/v2\/product_tag?post=9604"},{"taxonomy":"yith_product_brand","embeddable":true,"href":"https:\/\/parapharmacieenligne.ma\/en\/wp-json\/wp\/v2\/yith_product_brand?post=9604"}],"curies":[{"name":"wp","href":"https:\/\/api.w.org\/{rel}","templated":true}]}}