{"id":9607,"date":"2026-01-26T16:52:08","date_gmt":"2026-01-26T15:52:08","guid":{"rendered":"https:\/\/parapharmacieenligne.ma\/?post_type=product&#038;p=9607"},"modified":"2026-01-26T16:53:51","modified_gmt":"2026-01-26T15:53:51","slug":"novexpert-vitamine-c-la-creme-peeling-de-nuit-40-ml","status":"publish","type":"product","link":"https:\/\/parapharmacieenligne.ma\/en\/product\/novexpert-vitamine-c-la-creme-peeling-de-nuit-40-ml\/","title":{"rendered":"Novexpert Vitamine C La Cr\u00e8me Peeling de Nuit \u2013 40 ml"},"content":{"rendered":"<div aria-labelledby=\"tab-title-description\" class=\"woocommerce-Tabs-panel woocommerce-Tabs-panel--description panel entry-content wc-tab\" id=\"tab-description\" role=\"tabpanel\" style=\"\">\n<h2>Description<\/h2>\n<p>Description<br \/>\n Novexpert Vitamine C La Cr\u00e8me Peeling de Nuit 40 ml est un soin qui laisse la peau lisse et le teint \u00e9clatant gr\u00e2ce \u00e0 sa triple action :<br \/>\n \u2013 10% complexe Trio-Peeling : gluconolactone + acide lactique + complexe acide lactique\/arginine ;<br \/>\n \u2013 effet \u00ab \u2018peau neuve \u00bb \u00e9tonnant sur tous les types de peaux gr\u00e2ce \u00e0 une action micro-peeling progressive. Au r\u00e9veil, le grain de peau est vraiment affin\u00e9, incroyablement doux et le relief cutan\u00e9 visiblement liss\u00e9 ;<br \/>\n \u2013 action \u00ab \u00e9clat \u00bb : la vitamine C et les exfoliants doux r\u00e9v\u00e8lent un teint plus lumineux et uniforme pour une peau parfaite.<br \/>\n Hypoallerg\u00e9nique.<br \/>\n 0% : conservateurs, parab\u00e8nes, ph\u00e9noxy\u00e9thanol, silicones, huiles min\u00e9rales, PEG, ingr\u00e9dients d\u2019origine animale.<br \/>\n Cosm\u00e9tique Biologique certifi\u00e9 par Ecocert.<\/p>\n<p>Conseils d\u2019utilisation<br \/>\n Soin peeling intense : bien lire la notice avant utilisation.<br \/>\n Appliquer le soir sur le visage pr\u00e9alablement nettoy\u00e9.<\/p>\n<p>Indication<br \/>\n Soin exfoliant. Tous types de peaux.<\/p>\n<p>Composition<br \/>\n Aqua (Water)*, Gluconalactone*, Coco-Caprylate*, Butylene Glycol*, Dicaprylyl Ether*, Sodium Citrate*, C12-16 Alcohols*, Glycerin*, Lactic Acid*, Caprylic\/Capric Triglyceride*, Arginine*, Butyrospermum Parkii (Shea) Butter*\u00b0, Parfum (Fragrance)*, Simmondsia Chinensis (Jojoba) Seed Oil*\u00b0, Ascorbyl Glucoside*, Malpighia Punicifolia (Acerola) Fruit Extract*\u00b0, Carica Papaya (Papaya) Fruit Extract*, Maltodextrin\u00b0\u00b0*, Olive Oil Decyl Esters*, Hydrogenated Lecithin*, Palmitic Acid*, Behenyl Alcohol*, Bentonite*, Microcrystalline Cellulose*, Glyceryl Stearate Tocopherol*, Aloe Barbadensis Leaf Juice**, Squalene*, Cellulose Gum*, Biosaccharide Gum-2, Phytic Acid*, Sodium Hyaluronate*, Laminaria Ochroleuca Extract*.<br \/>\n *100% des ingr\u00e9dients sont d\u2019origine naturelle.<br \/>\n \u00b0 ingr\u00e9dients issus de l\u2019agriculture Biologique.<br \/>\n \u00b0\u00b0 transform\u00e9s \u00e0 partir d\u2019ingr\u00e9dients Biologiques.<\/p>\n<\/p><\/div>","protected":false},"excerpt":{"rendered":"<p>Highlights:La nuit vous r\u00eavez, quand d\u2019autres travaillent \u2026 La Cr\u00e8me Peeling de Nuit convoque actifs exfoliants doux, acide hyaluronique et vitamine C naturelle pour vous offrir au r\u00e9veil, une peau liss\u00e9e et un teint \u00e9clatant.<\/p>","protected":false},"featured_media":9647,"comment_status":"open","ping_status":"closed","template":"","meta":[],"product_cat":[83],"product_tag":[],"yith_product_brand":[132],"class_list":{"0":"post-9607","1":"product","2":"type-product","3":"status-publish","4":"has-post-thumbnail","6":"product_cat-soins-visage","7":"yith_product_brand-novexpert","9":"first","10":"instock","11":"sale","12":"shipping-taxable","13":"purchasable","14":"product-type-simple"},"_links":{"self":[{"href":"https:\/\/parapharmacieenligne.ma\/en\/wp-json\/wp\/v2\/product\/9607","targetHints":{"allow":["GET"]}}],"collection":[{"href":"https:\/\/parapharmacieenligne.ma\/en\/wp-json\/wp\/v2\/product"}],"about":[{"href":"https:\/\/parapharmacieenligne.ma\/en\/wp-json\/wp\/v2\/types\/product"}],"replies":[{"embeddable":true,"href":"https:\/\/parapharmacieenligne.ma\/en\/wp-json\/wp\/v2\/comments?post=9607"}],"version-history":[{"count":1,"href":"https:\/\/parapharmacieenligne.ma\/en\/wp-json\/wp\/v2\/product\/9607\/revisions"}],"predecessor-version":[{"id":9648,"href":"https:\/\/parapharmacieenligne.ma\/en\/wp-json\/wp\/v2\/product\/9607\/revisions\/9648"}],"wp:featuredmedia":[{"embeddable":true,"href":"https:\/\/parapharmacieenligne.ma\/en\/wp-json\/wp\/v2\/media\/9647"}],"wp:attachment":[{"href":"https:\/\/parapharmacieenligne.ma\/en\/wp-json\/wp\/v2\/media?parent=9607"}],"wp:term":[{"taxonomy":"product_cat","embeddable":true,"href":"https:\/\/parapharmacieenligne.ma\/en\/wp-json\/wp\/v2\/product_cat?post=9607"},{"taxonomy":"product_tag","embeddable":true,"href":"https:\/\/parapharmacieenligne.ma\/en\/wp-json\/wp\/v2\/product_tag?post=9607"},{"taxonomy":"yith_product_brand","embeddable":true,"href":"https:\/\/parapharmacieenligne.ma\/en\/wp-json\/wp\/v2\/yith_product_brand?post=9607"}],"curies":[{"name":"wp","href":"https:\/\/api.w.org\/{rel}","templated":true}]}}