{"id":9608,"date":"2026-01-26T16:52:08","date_gmt":"2026-01-26T15:52:08","guid":{"rendered":"https:\/\/parapharmacieenligne.ma\/?post_type=product&#038;p=9608"},"modified":"2026-01-26T16:54:01","modified_gmt":"2026-01-26T15:54:01","slug":"novexpert-booster-a-la-vitamine-c-30-ml","status":"publish","type":"product","link":"https:\/\/parapharmacieenligne.ma\/en\/product\/novexpert-booster-a-la-vitamine-c-30-ml\/","title":{"rendered":"Novexpert Booster \u00e0 la Vitamine C \u2013 30 ml"},"content":{"rendered":"<div aria-labelledby=\"tab-title-description\" class=\"woocommerce-Tabs-panel woocommerce-Tabs-panel--description panel entry-content wc-tab\" id=\"tab-description\" role=\"tabpanel\" style=\"\">\n<h2>Description<\/h2>\n<p>Description<br \/>\n Novexpert Booster \u00e0 la Vitamine C 30 ml est un soin 2en1 : anti-\u00e2ge puissant et \u00e9clat du teint. Il est indiqu\u00e9 :<br \/>\n \u2013 pour le teint terne et les rides d\u2019expression,<br \/>\n \u2013 pour une vie dans un environnement \u00e9prouvant pour la peau (soleil, horaires d\u00e9cal\u00e9s, tabac, pollution urbaine, stress\u2026).<br \/>\n Il contient la star de l\u2019anti-\u00e2ge : la vitamine C. Il est de plus dot\u00e9 d\u2019une stabilit\u00e9 extraordinaire jusqu\u2019\u00e0 plusieurs mois apr\u00e8s ouverture et d\u2019une haute tol\u00e9rance gr\u00e2ce \u00e0 sa formule puissante respectueuse de tous les types de peaux.<br \/>\n Hypoallerg\u00e9nique.<br \/>\n 0% : conservateurs, parab\u00e8nes, ph\u00e9noxy\u00e9thanol, silicones, huiles min\u00e9rales, PEG, ingr\u00e9dients d\u2019origine animale.<\/p>\n<p>Conseils d\u2019utilisation<br \/>\n Appliquer matin et\/ou soir une noisette du soin puis r\u00e9partir sur le visage.<br \/>\n Peut s\u2019utiliser seul ou avec une cr\u00e8me avant le maquillage.<\/p>\n<p>Indication<br \/>\n Soin anti-\u00e2ge. Tous types de peaux.<\/p>\n<p>Composition<br \/>\n Aqua (Water)*, Ascorbyl Methylsilanol, Pectinate, Glycerin*, Methylpropanediol, Propanediol*, 3-0-Ethyl Ascorbic Acid*, Silica*, Parfum (Fragrance)*, Glucosyl Hesperidin*, Sodium PCA*, Anogeissus Leiocarpus Bark Extract*, Sodium Hyaluronate*, Tocopherol*, Beta-Carotene*, Bisabolol*, Adenosine*, Saccharide Isomerate*, Sodium Lactate*, Citric Acid*, Glyceryl Caprylate*, Xanthan Gum*, Caprylic\/Capric Triglyceride*, Sclerotium Gum*, CI77891 (Titanium Dioxide)*, Mica*, Polyglyceryl-2 Dipolyhydroxystearate*, Zea Mays (Corn) Starch*, Phytic Acid*, Biosaccharide Gum-2*, Sodium Citrate*, Lauryl Glucoside*, Laminaria Ochroleuca Extract*.<br \/>\n *75% des ingr\u00e9dients sont d\u2019origine naturelle.<\/p>\n<\/p><\/div>","protected":false},"excerpt":{"rendered":"<p>Highlights:S\u00e9rum anti-\u00e2ge puissantS\u00e9rum \u00e9clat du teint, compos\u00e9 de 2 types de Vitamine C stabilis\u00e9es<\/p>","protected":false},"featured_media":9649,"comment_status":"open","ping_status":"closed","template":"","meta":[],"product_cat":[83],"product_tag":[],"yith_product_brand":[132],"class_list":{"0":"post-9608","1":"product","2":"type-product","3":"status-publish","4":"has-post-thumbnail","6":"product_cat-soins-visage","7":"yith_product_brand-novexpert","9":"first","10":"instock","11":"sale","12":"shipping-taxable","13":"purchasable","14":"product-type-simple"},"_links":{"self":[{"href":"https:\/\/parapharmacieenligne.ma\/en\/wp-json\/wp\/v2\/product\/9608","targetHints":{"allow":["GET"]}}],"collection":[{"href":"https:\/\/parapharmacieenligne.ma\/en\/wp-json\/wp\/v2\/product"}],"about":[{"href":"https:\/\/parapharmacieenligne.ma\/en\/wp-json\/wp\/v2\/types\/product"}],"replies":[{"embeddable":true,"href":"https:\/\/parapharmacieenligne.ma\/en\/wp-json\/wp\/v2\/comments?post=9608"}],"version-history":[{"count":1,"href":"https:\/\/parapharmacieenligne.ma\/en\/wp-json\/wp\/v2\/product\/9608\/revisions"}],"predecessor-version":[{"id":9650,"href":"https:\/\/parapharmacieenligne.ma\/en\/wp-json\/wp\/v2\/product\/9608\/revisions\/9650"}],"wp:featuredmedia":[{"embeddable":true,"href":"https:\/\/parapharmacieenligne.ma\/en\/wp-json\/wp\/v2\/media\/9649"}],"wp:attachment":[{"href":"https:\/\/parapharmacieenligne.ma\/en\/wp-json\/wp\/v2\/media?parent=9608"}],"wp:term":[{"taxonomy":"product_cat","embeddable":true,"href":"https:\/\/parapharmacieenligne.ma\/en\/wp-json\/wp\/v2\/product_cat?post=9608"},{"taxonomy":"product_tag","embeddable":true,"href":"https:\/\/parapharmacieenligne.ma\/en\/wp-json\/wp\/v2\/product_tag?post=9608"},{"taxonomy":"yith_product_brand","embeddable":true,"href":"https:\/\/parapharmacieenligne.ma\/en\/wp-json\/wp\/v2\/yith_product_brand?post=9608"}],"curies":[{"name":"wp","href":"https:\/\/api.w.org\/{rel}","templated":true}]}}