{"id":9617,"date":"2026-01-26T16:52:32","date_gmt":"2026-01-26T15:52:32","guid":{"rendered":"https:\/\/parapharmacieenligne.ma\/?post_type=product&#038;p=9617"},"modified":"2026-01-26T16:54:06","modified_gmt":"2026-01-26T15:54:06","slug":"novexpert-acide-hyaluronique-le-serum-lifting-instantane-30-ml","status":"publish","type":"product","link":"https:\/\/parapharmacieenligne.ma\/en\/product\/novexpert-acide-hyaluronique-le-serum-lifting-instantane-30-ml\/","title":{"rendered":"Novexpert Acide Hyaluronique Le S\u00e9rum Lifting Instantan\u00e9 \u2013 30 ml"},"content":{"rendered":"<div aria-labelledby=\"tab-title-description\" class=\"woocommerce-Tabs-panel woocommerce-Tabs-panel--description panel entry-content wc-tab\" id=\"tab-description\" role=\"tabpanel\" style=\"\">\n<h2>Description<\/h2>\n<p>Description<br \/>\n Novexpert Acide Hyaluronique Le S\u00e9rum Lifting Instantan\u00e9 30 ml est un soin de mise en beaut\u00e9 express avec effet lifting \u00ab flash \u00bb.<br \/>\n Deux puissants actifs tenseurs v\u00e9g\u00e9taux, renforc\u00e9s par l\u2019acide hyaluronique, liftent la peau avec un effet \u00ab peau lisse \u00bb imm\u00e9diat. En 14 jours, le teint retrouve son \u00e9clat gr\u00e2ce au complexe de pomme et de framboise \u00e0 effet \u00ab peau de p\u00eache \u00bb qui illumine le visage durablement.<br \/>\n Hypoallerg\u00e9nique.<br \/>\n 0% : conservateurs, parab\u00e8nes, ph\u00e9noxy\u00e9thanol, silicones, huiles min\u00e9rales, PEG, ingr\u00e9dients d\u2019origine animale.<br \/>\n Cosm\u00e9tique \u00e9cologique certifi\u00e9 par Ecocert.<\/p>\n<p>Conseils d\u2019utilisation<br \/>\n Appliquer matin et\/ou soir par petites touches sur l\u2019ensemble du visage en partant de la zone m\u00e9diane et en remontant vers les tempes.<br \/>\n Avant le maquillage, laisser p\u00e9n\u00e9trer 5 minutes.<\/p>\n<p>Indication<br \/>\n Soin anti-\u00e2ge. Tous types de peaux.<\/p>\n<p>Composition<br \/>\n Aqua(Water)*, Glycerin*, Butylene Glycol*, Bentonite*, Acacia Senegal Gum*, Caprylic\/Capric Triglyceride*, Xylitylglucoside*, Arginine*, Anhydroxylitol*, Glyceryl Caprylate*, Xylitol*, Xanthan Gum*, Rhizobian Gum*, Adansonia Digitata Fruit Extract*, Maltodextrin*, Sodium Hyaluronate*, Aloe Barbadensis Leaf Juice*, Galactaric Acid*, Laminaria Ochroleuca Extract*, Biosaccharide Gum-2*, Tocopherol*, Prunus Persica (Peach) Leaf Extract*, Phytic Acid*, Punica Granatum Seed Extract*, Alcohol, Oenothera Biennis (Evening Primrose) Seed Extract*, Rubus Idaeus (Raspberry) Fruit Extract*, Camelia Sinensis Leaf Extract*, Silybum Marianum Extract*, Parfum (Fragrance)*, Rosmarinus Officinalis (Rosemary) Leaf Extract*, Helianthus Annuus (Sunflower) Seed Oil*.<br \/>\n *100% des ingr\u00e9dients sont d\u2019origine naturelle.<\/p>\n<\/p><\/div>","protected":false},"excerpt":{"rendered":"<p>Highlights:LIFTING : deux puissants actifs tenseurs v\u00e9g\u00e9taux renforc\u00e9s par l\u2019acide hyaluronique liftent la peau avec un effet \u00ab peau lisse \u00bb imm\u00e9diat.ECLAT du teint en 14 jours : un complexe de pomme et de framboise \u00e0 effet \u00ab Peau de P\u00eache \u00bb illumine le visage durablement.<\/p>","protected":false},"featured_media":9651,"comment_status":"open","ping_status":"closed","template":"","meta":[],"product_cat":[83],"product_tag":[],"yith_product_brand":[132],"class_list":{"0":"post-9617","1":"product","2":"type-product","3":"status-publish","4":"has-post-thumbnail","6":"product_cat-soins-visage","7":"yith_product_brand-novexpert","9":"first","10":"instock","11":"sale","12":"shipping-taxable","13":"purchasable","14":"product-type-simple"},"_links":{"self":[{"href":"https:\/\/parapharmacieenligne.ma\/en\/wp-json\/wp\/v2\/product\/9617","targetHints":{"allow":["GET"]}}],"collection":[{"href":"https:\/\/parapharmacieenligne.ma\/en\/wp-json\/wp\/v2\/product"}],"about":[{"href":"https:\/\/parapharmacieenligne.ma\/en\/wp-json\/wp\/v2\/types\/product"}],"replies":[{"embeddable":true,"href":"https:\/\/parapharmacieenligne.ma\/en\/wp-json\/wp\/v2\/comments?post=9617"}],"version-history":[{"count":1,"href":"https:\/\/parapharmacieenligne.ma\/en\/wp-json\/wp\/v2\/product\/9617\/revisions"}],"predecessor-version":[{"id":9652,"href":"https:\/\/parapharmacieenligne.ma\/en\/wp-json\/wp\/v2\/product\/9617\/revisions\/9652"}],"wp:featuredmedia":[{"embeddable":true,"href":"https:\/\/parapharmacieenligne.ma\/en\/wp-json\/wp\/v2\/media\/9651"}],"wp:attachment":[{"href":"https:\/\/parapharmacieenligne.ma\/en\/wp-json\/wp\/v2\/media?parent=9617"}],"wp:term":[{"taxonomy":"product_cat","embeddable":true,"href":"https:\/\/parapharmacieenligne.ma\/en\/wp-json\/wp\/v2\/product_cat?post=9617"},{"taxonomy":"product_tag","embeddable":true,"href":"https:\/\/parapharmacieenligne.ma\/en\/wp-json\/wp\/v2\/product_tag?post=9617"},{"taxonomy":"yith_product_brand","embeddable":true,"href":"https:\/\/parapharmacieenligne.ma\/en\/wp-json\/wp\/v2\/yith_product_brand?post=9617"}],"curies":[{"name":"wp","href":"https:\/\/api.w.org\/{rel}","templated":true}]}}