{"id":9656,"date":"2026-01-26T17:03:11","date_gmt":"2026-01-26T16:03:11","guid":{"rendered":"https:\/\/parapharmacieenligne.ma\/?post_type=product&#038;p=9656"},"modified":"2026-01-26T17:03:39","modified_gmt":"2026-01-26T16:03:39","slug":"uriage-eau-thermale-creme-riche-40ml-contour-des-yeux-15ml-offert","status":"publish","type":"product","link":"https:\/\/parapharmacieenligne.ma\/en\/product\/uriage-eau-thermale-creme-riche-40ml-contour-des-yeux-15ml-offert\/","title":{"rendered":"Uriage Eau Thermale Cr\u00e8me Riche 40ml + Contour des Yeux 15ml OFFERT"},"content":{"rendered":"<div aria-labelledby=\"tab-title-description\" class=\"woocommerce-Tabs-panel woocommerce-Tabs-panel--description panel entry-content wc-tab\" id=\"tab-description\" role=\"tabpanel\" style=\"\">\n<h2>Description<\/h2>\n<p><strong>Uriage Eau Thermale Cr\u00e8me Riche 40ml<\/strong><\/p>\n<p>Hydratante, cette cr\u00e8me \u00e0 la texture riche et onctueuse nourrit les peaux les plus assoiff\u00e9es en profondeur. La Cr\u00e8me d\u2019Eau Riche apporte un confort instantan\u00e9 pour une peau \u00e9clatante tout au long de la journ\u00e9e.<\/p>\n<p><strong>R\u00e9g\u00e9n\u00e8re l\u2019hydratation de la peau<\/strong><br \/>\n Cette Cr\u00e8me d\u2019Eau Riche formul\u00e9e \u00e0 base d\u2019Eau Thermale d\u2019Uriage aide \u00e0 reconstruire la barri\u00e8re cutan\u00e9e pour maintenir un taux d\u2019hydratation optimal.<\/p>\n<p><strong>Optimise l\u2019hydratation en continu de l\u2019\u00e9piderme<\/strong><br \/>\n Permet de reformer un film de surface et de lib\u00e9rer progressivement les agents hydratants contenus dans la Cr\u00e8me d\u2019Eau Riche.<\/p>\n<p><strong>Restaure l\u2019effet barri\u00e8re de la peau et limite sa d\u00e9shydratation<\/strong><br \/>\n Agit sur la reconstruction du ciment corn\u00e9ocytaire pour booster durablement l\u2019hydratation.<\/p>\n<p><strong>Diminue les sensations d\u2019inconfort<\/strong><br \/>\n Parfaitement nourrie et r\u00e9confort\u00e9e, la peau s\u2019\u00e9veille et s\u2019assouplit gr\u00e2ce \u00e0 une formule enrichie en Beurre de Karit\u00e9.<\/p>\n<ul>\n<li><strong>URIAGE Contour des Yeux 15ml<\/strong><\/li>\n<\/ul>\n<p>L\u2019effet d\u00e9froissant de ce Soin d\u2019Eau diminue l\u2019apparence des ridules de d\u00e9shydratation. L\u2019apparence des cernes est r\u00e9duite tout en conf\u00e9rant une sensation de fra\u00eecheur. Ce soin hydrate l\u2019\u00e9piderme d\u00e9licat du contour des yeux.<\/p>\n<p>R\u00e9g\u00e9n\u00e8re l\u2019hydratation de la peau<br \/>\n Ce Soin d\u2019Eau Contour des Yeux enrichi en Eau Thermale d\u2019Uriage aide \u00e0 reconstruire la barri\u00e8re cutan\u00e9e pour maintenir un taux d\u2019hydratation optimal.<\/p>\n<p>Optimise l\u2019hydratation en continu de l\u2019\u00e9piderme<br \/>\n Permet de reformer un film de surface et de lib\u00e9rer progressivement les agents hydratants contenus dans le Soin d\u2019Eau Contour des Yeux.<\/p>\n<p>Restaure l\u2019effet barri\u00e8re de la peau et limiter sa d\u00e9shydratation<br \/>\n Agit sur la reconstruction du ciment corn\u00e9ocytaire pour booster durablement l\u2019hydratation.<\/p>\n<p>R\u00e9veille l\u2019\u00e9clat du regard<br \/>\n Sa texture fra\u00eeche illumine et d\u00e9fatigue instantan\u00e9ment le contour de l\u2019\u0153il.<\/p>\n<\/p><\/div>","protected":false},"excerpt":{"rendered":"<p>Highlights:Uriage Eau Thermale Cr\u00e8me Riche 40mlHydratante, cette cr\u00e8me \u00e0 la texture riche et onctueuse nourrit les peaux les plus assoiff\u00e9es en profondeur. La Cr\u00e8me d\u2019Eau Riche apporte un confort instantan\u00e9 pour une peau \u00e9clatante tout au long de la journ\u00e9e.URIAGE Contour des Yeux 15mlL\u2019effet d\u00e9froissant de ce Soin d\u2019Eau diminue l\u2019apparence des ridules de d\u00e9shydratation. L\u2019apparence des cernes est r\u00e9duite tout en conf\u00e9rant une sensation de fra\u00eecheur. Ce soin hydrate l\u2019\u00e9piderme d\u00e9licat du contour des yeux.<\/p>","protected":false},"featured_media":9686,"comment_status":"open","ping_status":"closed","template":"","meta":[],"product_cat":[83],"product_tag":[],"yith_product_brand":[133],"class_list":{"0":"post-9656","1":"product","2":"type-product","3":"status-publish","4":"has-post-thumbnail","6":"product_cat-soins-visage","7":"yith_product_brand-uriage","9":"first","10":"instock","11":"sale","12":"shipping-taxable","13":"purchasable","14":"product-type-simple"},"_links":{"self":[{"href":"https:\/\/parapharmacieenligne.ma\/en\/wp-json\/wp\/v2\/product\/9656","targetHints":{"allow":["GET"]}}],"collection":[{"href":"https:\/\/parapharmacieenligne.ma\/en\/wp-json\/wp\/v2\/product"}],"about":[{"href":"https:\/\/parapharmacieenligne.ma\/en\/wp-json\/wp\/v2\/types\/product"}],"replies":[{"embeddable":true,"href":"https:\/\/parapharmacieenligne.ma\/en\/wp-json\/wp\/v2\/comments?post=9656"}],"version-history":[{"count":1,"href":"https:\/\/parapharmacieenligne.ma\/en\/wp-json\/wp\/v2\/product\/9656\/revisions"}],"predecessor-version":[{"id":9687,"href":"https:\/\/parapharmacieenligne.ma\/en\/wp-json\/wp\/v2\/product\/9656\/revisions\/9687"}],"wp:featuredmedia":[{"embeddable":true,"href":"https:\/\/parapharmacieenligne.ma\/en\/wp-json\/wp\/v2\/media\/9686"}],"wp:attachment":[{"href":"https:\/\/parapharmacieenligne.ma\/en\/wp-json\/wp\/v2\/media?parent=9656"}],"wp:term":[{"taxonomy":"product_cat","embeddable":true,"href":"https:\/\/parapharmacieenligne.ma\/en\/wp-json\/wp\/v2\/product_cat?post=9656"},{"taxonomy":"product_tag","embeddable":true,"href":"https:\/\/parapharmacieenligne.ma\/en\/wp-json\/wp\/v2\/product_tag?post=9656"},{"taxonomy":"yith_product_brand","embeddable":true,"href":"https:\/\/parapharmacieenligne.ma\/en\/wp-json\/wp\/v2\/yith_product_brand?post=9656"}],"curies":[{"name":"wp","href":"https:\/\/api.w.org\/{rel}","templated":true}]}}