{"id":9657,"date":"2026-01-26T17:03:12","date_gmt":"2026-01-26T16:03:12","guid":{"rendered":"https:\/\/parapharmacieenligne.ma\/?post_type=product&#038;p=9657"},"modified":"2026-01-26T17:03:45","modified_gmt":"2026-01-26T16:03:45","slug":"uriage-hyseac-fluide-spf50-50-ml-eau-micellaire-250ml-offerte","status":"publish","type":"product","link":"https:\/\/parapharmacieenligne.ma\/en\/product\/uriage-hyseac-fluide-spf50-50-ml-eau-micellaire-250ml-offerte\/","title":{"rendered":"Uriage \u2013 Hys\u00e9ac \u2013 Fluide SPF50+ \u2013 50 ml = Eau Micellaire 250ml Offerte"},"content":{"rendered":"<div aria-labelledby=\"tab-title-description\" class=\"woocommerce-Tabs-panel woocommerce-Tabs-panel--description panel entry-content wc-tab\" id=\"tab-description\" role=\"tabpanel\" style=\"\">\n<h2>Description<\/h2>\n<p>Probl\u00e9matique sp\u00e9cifique<br \/>\n Peaux mixtes \u00e0 grasses<br \/>\n Peaux \u00e0 tendance acn\u00e9ique<\/p>\n<p><strong>B\u00e9n\u00e9fice produit<\/strong><br \/>\n Le Fluide HYS\u00c9AC SPF50+ associe une protection solaire efficace aux propri\u00e9t\u00e9s adapt\u00e9es aux peaux mixtes \u00e0 grasses. Il dispose d\u2019une tr\u00e8s haute protection UVA-UVB gr\u00e2ce \u00e0 un nouveau complexe filtrant ultra\u2013performant sans octocryl\u00e8ne. Sa texture est non collante et non grasse.<\/p>\n<p><strong>Hydrate<\/strong><br \/>\n Tr\u00e8s hydratant, il d\u00e9tient des actfifs limitant la d\u00e9shydratation.<\/p>\n<p><strong>Matifie<\/strong><br \/>\n Il apporte un effet matifiant durable gr\u00e2ce \u00e0 l\u2019extrait de Licorice qui limite l\u2019exc\u00e8s de s\u00e9bum et pr\u00e9vient ainsi l\u2019apparition de nouvelles imperfections.<\/p>\n<p><strong>Caract\u00e9ristiques<\/strong><br \/>\n Eau Thermale d\u2019Uriage \u2014 Complexe filtrant anti UVA-UVB \u00e9quilibr\u00e9 \u2014 Extrait de Licorice \u2014 Agent matifiant \u2014 Test\u00e9 sous contr\u00f4le dermatologique \u2014 Non com\u00e9dog\u00e8ne \u2014 Sans alcool<\/p>\n<p>Conseil d\u2019utilisation<br \/>\n Avant de s\u2019exposer au soleil, appliquer une dose suffisante et homog\u00e8ne.<br \/>\n Renouveler toutes les 2 heures.<\/p>\n<\/p><\/div>","protected":false},"excerpt":{"rendered":"<p>Highlights:Peau bien prot\u00e9g\u00e9e et matifi\u00e9eEvitent l\u2019effet \u00ab Rebond \u00bb apr\u00e8s le soleil<\/p>","protected":false},"featured_media":9688,"comment_status":"open","ping_status":"closed","template":"","meta":[],"product_cat":[86],"product_tag":[],"yith_product_brand":[133],"class_list":{"0":"post-9657","1":"product","2":"type-product","3":"status-publish","4":"has-post-thumbnail","6":"product_cat-protection-solaire","7":"yith_product_brand-uriage","9":"first","10":"instock","11":"sale","12":"shipping-taxable","13":"purchasable","14":"product-type-simple"},"_links":{"self":[{"href":"https:\/\/parapharmacieenligne.ma\/en\/wp-json\/wp\/v2\/product\/9657","targetHints":{"allow":["GET"]}}],"collection":[{"href":"https:\/\/parapharmacieenligne.ma\/en\/wp-json\/wp\/v2\/product"}],"about":[{"href":"https:\/\/parapharmacieenligne.ma\/en\/wp-json\/wp\/v2\/types\/product"}],"replies":[{"embeddable":true,"href":"https:\/\/parapharmacieenligne.ma\/en\/wp-json\/wp\/v2\/comments?post=9657"}],"version-history":[{"count":1,"href":"https:\/\/parapharmacieenligne.ma\/en\/wp-json\/wp\/v2\/product\/9657\/revisions"}],"predecessor-version":[{"id":9689,"href":"https:\/\/parapharmacieenligne.ma\/en\/wp-json\/wp\/v2\/product\/9657\/revisions\/9689"}],"wp:featuredmedia":[{"embeddable":true,"href":"https:\/\/parapharmacieenligne.ma\/en\/wp-json\/wp\/v2\/media\/9688"}],"wp:attachment":[{"href":"https:\/\/parapharmacieenligne.ma\/en\/wp-json\/wp\/v2\/media?parent=9657"}],"wp:term":[{"taxonomy":"product_cat","embeddable":true,"href":"https:\/\/parapharmacieenligne.ma\/en\/wp-json\/wp\/v2\/product_cat?post=9657"},{"taxonomy":"product_tag","embeddable":true,"href":"https:\/\/parapharmacieenligne.ma\/en\/wp-json\/wp\/v2\/product_tag?post=9657"},{"taxonomy":"yith_product_brand","embeddable":true,"href":"https:\/\/parapharmacieenligne.ma\/en\/wp-json\/wp\/v2\/yith_product_brand?post=9657"}],"curies":[{"name":"wp","href":"https:\/\/api.w.org\/{rel}","templated":true}]}}