{"id":9658,"date":"2026-01-26T17:03:12","date_gmt":"2026-01-26T16:03:12","guid":{"rendered":"https:\/\/parapharmacieenligne.ma\/?post_type=product&#038;p=9658"},"modified":"2026-01-26T17:03:49","modified_gmt":"2026-01-26T16:03:49","slug":"uriage-depiderm-booster-eclat-bariesun-fluide-anti-taches","status":"publish","type":"product","link":"https:\/\/parapharmacieenligne.ma\/en\/product\/uriage-depiderm-booster-eclat-bariesun-fluide-anti-taches\/","title":{"rendered":"Uriage Depiderm Booster Eclat + Bariesun Fluide Anti-taches"},"content":{"rendered":"<div aria-labelledby=\"tab-title-description\" class=\"woocommerce-Tabs-panel woocommerce-Tabs-panel--description panel entry-content wc-tab\" id=\"tab-description\" role=\"tabpanel\" style=\"\">\n<h2>Description<\/h2>\n<div class=\"widget__content\">\n<ul>\n<li><strong>SOIN VISAGE ANTI-TACHES<\/strong><\/li>\n<\/ul>\n<p>Ce s\u00e9rum compos\u00e9 \u00e0 94% d\u2019ingr\u00e9dients d\u2019origine naturelle r\u00e9duit visiblement les taches, unifie et illumine la peau. Il prodigue un effet coup d\u2019\u00e9clat dans une texture l\u00e9g\u00e8re et confortable, pour toutes les peaux, m\u00eames sensibles.<\/p>\n<ul>\n<li><strong>ACTION ANTI-TACHES<\/strong><\/li>\n<\/ul>\n<p>Actifs dermatologiques : [Mela Technology + 20% complexe Vitamine C* + Niacinamide]<br \/>\n Ce s\u00e9rum associe un c\u0153ur de formule, la MELA TECHNOLOGY** avec 100% d\u2019ingr\u00e9dients d\u2019origine naturelle, \u00e0 la VITAMINE C et le NIACINAMIDE pour une action compl\u00e8te de correction et de pr\u00e9vention des taches.<\/p>\n<p><em>**EXTRAIT DE POIS ET DE SUCROSE + EAU THERMALE D\u2019URIAGE + ENOXOLONE<\/em><\/p>\n<ul>\n<li><strong>FORMULE HAUTEMENT CONCENTR\u00c9E<\/strong><\/li>\n<\/ul>\n<p>Gr\u00e2ce \u00e0 un complexe 20% vitamine C ce s\u00e9rum garantit un teint unifi\u00e9 et une peau \u00e9clatante.<\/p>\n<ul>\n<li><strong>HAUTE TOL\u00c9RANCE<\/strong><\/li>\n<\/ul>\n<p>Avec une formule non parfum\u00e9e, non com\u00e9dog\u00e8ne et test\u00e9e sous contr\u00f4le dermatologique, ce s\u00e9rum convient \u00e0 tous les types de peaux, m\u00eame sensibles.<\/p>\n<\/p><\/div>\n<ul class=\"list-steps\">\n<li><strong>CORRECTION ET PREVENTION DES TACHES<\/strong>S\u00e9rum \u00e0 la Niacinamide: r\u00e9duit visiblement les taches (soleil, acn\u00e9, \u00e2ge, m\u00e9lasma)<\/li>\n<li><strong>\u00c9CLAT &amp; TEINT UNIFI\u00c9<\/strong>S\u00e9rum \u00e0 la Vitamine C (complexe 20% vitamine C): unifie et illumine la peau.<\/li>\n<\/ul>\n<div class=\"gadget-primary\" id=\"results-widget\">\n<p class=\"gadget__title\"><strong>R\u00e9sultats<\/strong><\/p>\n<div class=\"gadget__body\" id=\"resultsContainer\">\n<p><span class=\"result\">88%*<\/span><\/p>\n<div class=\"list-infos\">Teint unifi\u00e9 PEAU LISS\u00c9E : 94%* PEAU ILLUMIN\u00c9E : 81%* Taches r\u00e9duites en 28 jours **<\/div>\n<\/p><\/div>\n<p>*Test d\u2019usage \u2013 16 volontaires \u2013 28 jours : % de satisfaction<br \/>\n **Diminution de la visibilit\u00e9 des taches \u2013 scorage clinique par le dermatologue sur 32 volontaires apr\u00e8s 28 jours d\u2019utilisation<\/p>\n<\/p><\/div>\n<div class=\"accordions\">\n<div class=\"accordions__entry bullet-list\">\n<p><strong>Caract\u00e9ristiques<\/strong><\/p>\n<p>Mela Technology** \u2013 20% complexe Vitamine C* \u2013 Niacinamide \u2013 Non parfum\u00e9 \u2013 Non com\u00e9dog\u00e8ne \u2013 Test\u00e9 sous contr\u00f4le dermatologique<\/p>\n<\/p><\/div>\n<\/p><\/div>\n<div class=\"gadget-primary\">\n<p class=\"gadget__title\"><strong>Conseils d\u2019utilisation<\/strong><\/p>\n<div class=\"gadget__body-alt bullet-list\">\n<p>Appliquer matin et soir sur le visage, le cou et le d\u00e9collet\u00e9 avant votre soin.<\/p>\n<p>\u00c9viter le contact avec les yeux.<\/p>\n<p>Bari\u00e9sun combine un complexe filtrant tr\u00e8s performant et deux brevets dermatologiques pour prot\u00e9ger la peau, pr\u00e9venir les dommages cellulaires et le photo-vieillissement induits par les UVA, UVB et la lumi\u00e8re bleue.<br \/>\n Ce soin tr\u00e8s haute protection aide \u00e0 pr\u00e9venir l\u2019apparition des taches et prot\u00e8ge les zones trait\u00e9es par acte dermatologique (laser, peelings superficiels, etc.). Son action correctrice att\u00e9nue les d\u00e9fauts de pigmentation.<\/p>\n<p>Pr\u00e9vient les dommages cellulaires et le photo-vieillissement<br \/>\n La technologie Skin Shield d\u00e9velopp\u00e9e par nos laboratoires combine l\u2019Eau Thermale d\u2019Uriage, actif unique qui aide \u00e0 prot\u00e9ger l\u2019ADN et le brevet [TELOMERES PROTECT] qui pr\u00e9vient les dommages cellulaires et le photo-vieillissement dus aux UV et \u00e0 la lumi\u00e8re bleue.<\/p>\n<p>Optimise la photoprotection<br \/>\n Le brevet [BARIESUN] forme un film protecteur sur la peau aidant \u00e0 limiter la p\u00e9n\u00e9tration des filtres UV \u00e0 la surface de l\u2019\u00e9piderme et optimisant ainsi la photoprotection<\/p>\n<p>Correction et pr\u00e9vention des t\u00e2ches<br \/>\n Sa formule associant des actifs anti-t\u00e2ches, anti-oxydants et apaisants, homog\u00e9n\u00e9ise le teint et att\u00e9nue les d\u00e9fauts de pigmentation.<\/p>\n<p><strong>D\u00c9MARCHE \u00c9CO-RESPONSABLE :<\/strong><br \/>\n \u2022 Un engagement pour la plan\u00e8te :<br \/>\n Des \u00e9tudes in vivo in\u00e9dites directement sur la barri\u00e8re de corail, ainsi que des \u00e9tudes sur le plancton marin ont \u00e9t\u00e9 men\u00e9es en partenariat avec des Unit\u00e9s de Recherche en France et en Nouvelle Cal\u00e9donie afin de v\u00e9rifier l\u2019innocuit\u00e9 des produits Bari\u00e9sun dans les oc\u00e9ans. Bari\u00e9sun respecte les coraux et les oc\u00e9ans.<br \/>\n Les Laboratoires Dermatologiques D\u2019Uriage sont \u00e9galement membre 1% pour la plan\u00e8te, un engagement \u00e9thique pour soutenir les ONG \u0153uvrant pour l\u2019environnement en reversant 1% des b\u00e9n\u00e9fices Bari\u00e9sun dans le monde.<\/p>\n<p>\u2022 Packaging \u00e9co-con\u00e7u :<br \/>\n \u2013 Tube fabriqu\u00e9 \u00e0 partir de plastique recycl\u00e9 : -10% de plastique vierge<br \/>\n \u2013 Etui recyclable en carton issu de forets durables<\/p>\n<p><strong>BARI\u00c9SUN \u2013 FLUIDE ANTI-TACHES SPF50+<\/strong><\/p>\n<p>Bari\u00e9sun combine un complexe filtrant tr\u00e8s performant et deux brevets dermatologiques pour prot\u00e9ger la peau, pr\u00e9venir les dommages cellulaires et le photo-vieillissement induits par les UVA, UVB et la lumi\u00e8re bleue.<br \/>\n Ce soin tr\u00e8s haute protection aide \u00e0 pr\u00e9venir l\u2019apparition des taches et prot\u00e8ge les zones trait\u00e9es par acte dermatologique (laser, peelings superficiels, etc.). Son action correctrice att\u00e9nue les d\u00e9fauts de pigmentation.<\/p>\n<p>Pr\u00e9vient les dommages cellulaires et le photo-vieillissement<br \/>\n La technologie Skin Shield d\u00e9velopp\u00e9e par nos laboratoires combine l\u2019Eau Thermale d\u2019Uriage, actif unique qui aide \u00e0 prot\u00e9ger l\u2019ADN et le brevet [TELOMERES PROTECT] qui pr\u00e9vient les dommages cellulaires et le photo-vieillissement dus aux UV et \u00e0 la lumi\u00e8re bleue.<\/p>\n<p>Optimise la photoprotection<br \/>\n Le brevet [BARIESUN] forme un film protecteur sur la peau aidant \u00e0 limiter la p\u00e9n\u00e9tration des filtres UV \u00e0 la surface de l\u2019\u00e9piderme et optimisant ainsi la photoprotection<\/p>\n<p>Correction et pr\u00e9vention des t\u00e2ches<br \/>\n Sa formule associant des actifs anti-t\u00e2ches, anti-oxydants et apaisants, homog\u00e9n\u00e9ise le teint et att\u00e9nue les d\u00e9fauts de pigmentation.<\/p>\n<p>D\u00c9MARCHE \u00c9CO-RESPONSABLE :<br \/>\n \u2022 Un engagement pour la plan\u00e8te :<br \/>\n Des \u00e9tudes in vivo in\u00e9dites directement sur la barri\u00e8re de corail, ainsi que des \u00e9tudes sur le plancton marin ont \u00e9t\u00e9 men\u00e9es en partenariat avec des Unit\u00e9s de Recherche en France et en Nouvelle Cal\u00e9donie afin de v\u00e9rifier l\u2019innocuit\u00e9 des produits Bari\u00e9sun dans les oc\u00e9ans. Bari\u00e9sun respecte les coraux et les oc\u00e9ans.<br \/>\n Les Laboratoires Dermatologiques D\u2019Uriage sont \u00e9galement membre 1% pour la plan\u00e8te, un engagement \u00e9thique pour soutenir les ONG \u0153uvrant pour l\u2019environnement en reversant 1% des b\u00e9n\u00e9fices Bari\u00e9sun dans le monde.<\/p>\n<p>\u2022 Packaging \u00e9co-con\u00e7u :<br \/>\n \u2013 Tube fabriqu\u00e9 \u00e0 partir de plastique recycl\u00e9 : -10% de plastique vierge<br \/>\n \u2013 Etui recyclable en carton issu de forets durables<\/p>\n<\/p><\/div>\n<\/p><\/div>\n<\/p><\/div>\n","protected":false},"excerpt":{"rendered":"<p>Highlights:D\u00c9PIDERM S\u00c9RUM ANTI-TACHES BOOSTER \u00c9CLATSoin anti-taches brunes visage<\/p>","protected":false},"featured_media":9690,"comment_status":"open","ping_status":"closed","template":"","meta":[],"product_cat":[83],"product_tag":[],"yith_product_brand":[133],"class_list":{"0":"post-9658","1":"product","2":"type-product","3":"status-publish","4":"has-post-thumbnail","6":"product_cat-soins-visage","7":"yith_product_brand-uriage","9":"first","10":"instock","11":"sale","12":"shipping-taxable","13":"purchasable","14":"product-type-simple"},"_links":{"self":[{"href":"https:\/\/parapharmacieenligne.ma\/en\/wp-json\/wp\/v2\/product\/9658","targetHints":{"allow":["GET"]}}],"collection":[{"href":"https:\/\/parapharmacieenligne.ma\/en\/wp-json\/wp\/v2\/product"}],"about":[{"href":"https:\/\/parapharmacieenligne.ma\/en\/wp-json\/wp\/v2\/types\/product"}],"replies":[{"embeddable":true,"href":"https:\/\/parapharmacieenligne.ma\/en\/wp-json\/wp\/v2\/comments?post=9658"}],"version-history":[{"count":1,"href":"https:\/\/parapharmacieenligne.ma\/en\/wp-json\/wp\/v2\/product\/9658\/revisions"}],"predecessor-version":[{"id":9691,"href":"https:\/\/parapharmacieenligne.ma\/en\/wp-json\/wp\/v2\/product\/9658\/revisions\/9691"}],"wp:featuredmedia":[{"embeddable":true,"href":"https:\/\/parapharmacieenligne.ma\/en\/wp-json\/wp\/v2\/media\/9690"}],"wp:attachment":[{"href":"https:\/\/parapharmacieenligne.ma\/en\/wp-json\/wp\/v2\/media?parent=9658"}],"wp:term":[{"taxonomy":"product_cat","embeddable":true,"href":"https:\/\/parapharmacieenligne.ma\/en\/wp-json\/wp\/v2\/product_cat?post=9658"},{"taxonomy":"product_tag","embeddable":true,"href":"https:\/\/parapharmacieenligne.ma\/en\/wp-json\/wp\/v2\/product_tag?post=9658"},{"taxonomy":"yith_product_brand","embeddable":true,"href":"https:\/\/parapharmacieenligne.ma\/en\/wp-json\/wp\/v2\/yith_product_brand?post=9658"}],"curies":[{"name":"wp","href":"https:\/\/api.w.org\/{rel}","templated":true}]}}