{"id":9659,"date":"2026-01-26T17:03:13","date_gmt":"2026-01-26T16:03:13","guid":{"rendered":"https:\/\/parapharmacieenligne.ma\/?post_type=product&#038;p=9659"},"modified":"2026-01-26T17:03:53","modified_gmt":"2026-01-26T16:03:53","slug":"uriage-age-lift-creme-jour-lissant-fermete-40ml","status":"publish","type":"product","link":"https:\/\/parapharmacieenligne.ma\/en\/product\/uriage-age-lift-creme-jour-lissant-fermete-40ml\/","title":{"rendered":"Uriage Age Lift Creme Jour Lissant Fermete 40ml"},"content":{"rendered":"<div aria-labelledby=\"tab-title-description\" class=\"woocommerce-Tabs-panel woocommerce-Tabs-panel--description panel entry-content wc-tab\" id=\"tab-description\" role=\"tabpanel\" style=\"\">\n<h2>Description<\/h2>\n<div class=\"c-product__intro u-intro\">\n<p>Innovation AGE LIFT, la gamme dermatologique de soins liftants qui lisse et raffermit toutes les peaux, m\u00eame sensibles [3X moins de rides, 3X plus de fermet\u00e9] *. Cette cr\u00e8me lissante fermet\u00e9 onctueuse agit simultan\u00e9ment sur les rides, la fermet\u00e9 et sur les agressions quotidiennes que subit la peau : lumi\u00e8re bleue, UV, pollution, stress, fatigue. La peau est plus lisse, plus ferme, les traits sont comme d\u00e9froiss\u00e9s. Les contours du visage sont mieux d\u00e9finis. La peau est durablement hydrat\u00e9e et retrouve sa vitalit\u00e9.<\/p>\n<p>Actifs anti-\u00e2ge reconnus : [R\u00c9TINOL** + ACIDE HYALURONIQUE + BEURRE DE KARIT\u00c9]<\/p>\n<\/p><\/div>\n<div class=\"c-product__description c-content\">\n<p><strong>CORRECTION RIDES + FERMET\u05a4\u00c9<\/strong><br \/>\n Sa formule enrichie en actifs anti-\u00e2ge [r\u00e9tinol** + acide hyaluronique] diminue l\u2019apparence des ridules et des rides, lutte contre la perte de tonicit\u00e9 et le manque de fermet\u00e9.<\/p>\n<p><strong>PROTECTION ANTI-\u00c2GE<\/strong><br \/>\n La peau est prot\u00e9g\u00e9e des m\u00e9faits de la pollution et des effets n\u00e9fastes de la lumi\u00e8re bleue gr\u00e2ce \u00e0 la technologie Barri\u00e8re Lumi\u00e8re Bleue***.<\/p>\n<p><strong>CONFORT &amp; HYDRATATION<\/strong><br \/>\n Formule enrichie en Beurre de Karit\u00e9 pour une peau souple et durablement hydrat\u00e9e.<\/p>\n<p><strong>HAUTE TOLERANCE<\/strong><br \/>\n L\u2019Eau Thermale d\u2019Uriage adoucit et apaise toutes les peaux, m\u00eame sensibles.<\/p>\n<p>Peaux normales \u00e0 s\u00e8ches, m\u00eame sensibles.<\/p>\n<\/p><\/div>\n<\/p><\/div>\n","protected":false},"excerpt":{"rendered":"<p>Highlights:Cette cr\u00e8me lissante fermet\u00e9 onctueuse agit simultan\u00e9ment sur les rides, la fermet\u00e9 et sur les agressions quotidiennes que subit la peau : lumi\u00e8re bleue, UV, pollution, stress, fatigue.<\/p>","protected":false},"featured_media":9692,"comment_status":"open","ping_status":"closed","template":"","meta":[],"product_cat":[83],"product_tag":[],"yith_product_brand":[133],"class_list":{"0":"post-9659","1":"product","2":"type-product","3":"status-publish","4":"has-post-thumbnail","6":"product_cat-soins-visage","7":"yith_product_brand-uriage","9":"first","10":"instock","11":"sale","12":"shipping-taxable","13":"purchasable","14":"product-type-simple"},"_links":{"self":[{"href":"https:\/\/parapharmacieenligne.ma\/en\/wp-json\/wp\/v2\/product\/9659","targetHints":{"allow":["GET"]}}],"collection":[{"href":"https:\/\/parapharmacieenligne.ma\/en\/wp-json\/wp\/v2\/product"}],"about":[{"href":"https:\/\/parapharmacieenligne.ma\/en\/wp-json\/wp\/v2\/types\/product"}],"replies":[{"embeddable":true,"href":"https:\/\/parapharmacieenligne.ma\/en\/wp-json\/wp\/v2\/comments?post=9659"}],"version-history":[{"count":1,"href":"https:\/\/parapharmacieenligne.ma\/en\/wp-json\/wp\/v2\/product\/9659\/revisions"}],"predecessor-version":[{"id":9693,"href":"https:\/\/parapharmacieenligne.ma\/en\/wp-json\/wp\/v2\/product\/9659\/revisions\/9693"}],"wp:featuredmedia":[{"embeddable":true,"href":"https:\/\/parapharmacieenligne.ma\/en\/wp-json\/wp\/v2\/media\/9692"}],"wp:attachment":[{"href":"https:\/\/parapharmacieenligne.ma\/en\/wp-json\/wp\/v2\/media?parent=9659"}],"wp:term":[{"taxonomy":"product_cat","embeddable":true,"href":"https:\/\/parapharmacieenligne.ma\/en\/wp-json\/wp\/v2\/product_cat?post=9659"},{"taxonomy":"product_tag","embeddable":true,"href":"https:\/\/parapharmacieenligne.ma\/en\/wp-json\/wp\/v2\/product_tag?post=9659"},{"taxonomy":"yith_product_brand","embeddable":true,"href":"https:\/\/parapharmacieenligne.ma\/en\/wp-json\/wp\/v2\/yith_product_brand?post=9659"}],"curies":[{"name":"wp","href":"https:\/\/api.w.org\/{rel}","templated":true}]}}