{"id":9661,"date":"2026-01-26T17:03:14","date_gmt":"2026-01-26T16:03:14","guid":{"rendered":"https:\/\/parapharmacieenligne.ma\/?post_type=product&#038;p=9661"},"modified":"2026-03-31T23:21:09","modified_gmt":"2026-03-31T21:21:09","slug":"uriage-hyseac-pain-dermatologique-100-g","status":"publish","type":"product","link":"https:\/\/parapharmacieenligne.ma\/en\/product\/uriage-hyseac-pain-dermatologique-100-g\/","title":{"rendered":"Uriage Hyseac Pain Dermatologique 100 G"},"content":{"rendered":"<div aria-labelledby=\"tab-title-description\" class=\"woocommerce-Tabs-panel woocommerce-Tabs-panel--description panel entry-content wc-tab\" id=\"tab-description\" role=\"tabpanel\" style=\"\">\n<h2>Description<\/h2>\n<div class=\"widget__content\">\n<p>Uriage Hyseac Pain Dermatologique 100 G<\/p>\n<p>Sa haute rin\u00e7abilit\u00e9, son aspect moussant au contact de l\u2019eau et son l\u00e9ger parfum caract\u00e9ristique de la gamme de soins HYS\u00c9AC en font un produit tr\u00e8s agr\u00e9able \u00e0 utiliser au quotidien. La peau est plus nette, plus saine, plus fra\u00eeche.<\/p>\n<\/p><\/div>\n<ul class=\"list-steps\">\n<li>\n<h2>Nettoie<\/h2>\n<p>Un nettoyage ultra doux sans savon qui se rince \u00e0 l\u2019eau.<\/p>\n<\/li>\n<li>\n<h2>Purifie et assainit<\/h2>\n<p>Formul\u00e9 sp\u00e9cialement pour les peaux mixtes \u00e0 grasses, le pain dermatologique \u00e9limine les impuret\u00e9s et exc\u00e8s de s\u00e9bum.<\/p>\n<\/li>\n<\/ul><\/div>","protected":false},"excerpt":{"rendered":"<p>Highlights:HYS\u00c9AC Pain Dermatologique \u00e9limine les impuret\u00e9s et l\u2019exc\u00e8s de s\u00e9bum, tout en respectant parfaitement l\u2019\u00e9piderme.<\/p>","protected":false},"featured_media":9701,"comment_status":"open","ping_status":"closed","template":"","meta":[],"product_cat":[206,83],"product_tag":[],"yith_product_brand":[133],"class_list":{"0":"post-9661","1":"product","2":"type-product","3":"status-publish","4":"has-post-thumbnail","6":"product_cat-acne","7":"product_cat-soins-visage","8":"yith_product_brand-uriage","10":"first","11":"instock","12":"sale","13":"shipping-taxable","14":"purchasable","15":"product-type-simple"},"_links":{"self":[{"href":"https:\/\/parapharmacieenligne.ma\/en\/wp-json\/wp\/v2\/product\/9661","targetHints":{"allow":["GET"]}}],"collection":[{"href":"https:\/\/parapharmacieenligne.ma\/en\/wp-json\/wp\/v2\/product"}],"about":[{"href":"https:\/\/parapharmacieenligne.ma\/en\/wp-json\/wp\/v2\/types\/product"}],"replies":[{"embeddable":true,"href":"https:\/\/parapharmacieenligne.ma\/en\/wp-json\/wp\/v2\/comments?post=9661"}],"version-history":[{"count":1,"href":"https:\/\/parapharmacieenligne.ma\/en\/wp-json\/wp\/v2\/product\/9661\/revisions"}],"predecessor-version":[{"id":9702,"href":"https:\/\/parapharmacieenligne.ma\/en\/wp-json\/wp\/v2\/product\/9661\/revisions\/9702"}],"wp:featuredmedia":[{"embeddable":true,"href":"https:\/\/parapharmacieenligne.ma\/en\/wp-json\/wp\/v2\/media\/9701"}],"wp:attachment":[{"href":"https:\/\/parapharmacieenligne.ma\/en\/wp-json\/wp\/v2\/media?parent=9661"}],"wp:term":[{"taxonomy":"product_cat","embeddable":true,"href":"https:\/\/parapharmacieenligne.ma\/en\/wp-json\/wp\/v2\/product_cat?post=9661"},{"taxonomy":"product_tag","embeddable":true,"href":"https:\/\/parapharmacieenligne.ma\/en\/wp-json\/wp\/v2\/product_tag?post=9661"},{"taxonomy":"yith_product_brand","embeddable":true,"href":"https:\/\/parapharmacieenligne.ma\/en\/wp-json\/wp\/v2\/yith_product_brand?post=9661"}],"curies":[{"name":"wp","href":"https:\/\/api.w.org\/{rel}","templated":true}]}}