{"id":9664,"date":"2026-01-26T17:03:15","date_gmt":"2026-01-26T16:03:15","guid":{"rendered":"https:\/\/parapharmacieenligne.ma\/?post_type=product&#038;p=9664"},"modified":"2026-01-26T17:04:34","modified_gmt":"2026-01-26T16:04:34","slug":"uriage-depiderm-serum-booster-eclat-30-ml","status":"publish","type":"product","link":"https:\/\/parapharmacieenligne.ma\/en\/product\/uriage-depiderm-serum-booster-eclat-30-ml\/","title":{"rendered":"Uriage Depiderm Serum Booster Eclat 30 Ml"},"content":{"rendered":"<div aria-labelledby=\"tab-title-description\" class=\"woocommerce-Tabs-panel woocommerce-Tabs-panel--description panel entry-content wc-tab\" id=\"tab-description\" role=\"tabpanel\" style=\"\">\n<h2>Description<\/h2>\n<div class=\"c-product__intro u-intro\">\n<p>Ce s\u00e9rum compos\u00e9 \u00e0 94% d\u2019ingr\u00e9dients d\u2019origine naturelle r\u00e9duit visiblement les taches, unifie et illumine la peau. Il prodigue un effet coup d\u2019\u00e9clat dans une texture l\u00e9g\u00e8re et confortable, pour toutes les peaux, m\u00eames sensibles.<\/p>\n<\/p><\/div>\n<div class=\"c-product__description c-content\">\n<div class=\"c-product__description c-content\">\n<h3><strong>CORRECTION ET PREVENTION DES TACHES<\/strong><\/h3>\n<p>S\u00e9rum \u00e0 la Niacinamide: r\u00e9duit visiblement les taches (soleil, acn\u00e9, \u00e2ge, m\u00e9lasma)<\/p>\n<\/p>\n<h3><strong>\u00c9CLAT &amp; TEINT UNIFI\u00c9<\/strong><\/h3>\n<p>S\u00e9rum \u00e0 la Vitamine C (complexe 20% vitamine C): unifie et illumine la peau.<\/p>\n<\/p><\/div>\n<div class=\"c-product__part c-product__results\">\n<div class=\"c-product__part c-product__results\">\n<h2 class=\"c-product__part-title u-h3\">R\u00e9sultats<\/h2>\n<div class=\"l-grid\">\n<div class=\"l-grid__item u-1\/1@large u-1\/2@medium u-1\/2@xlarge u-1\/3@regular\">\n<div class=\"c-product__figure\">88%<\/div>\n<\/p><\/div>\n<div class=\"l-grid__item u-1\/1@large u-1\/2@medium u-1\/2@xlarge u-2\/3@regular\">\n<div class=\"c-content\">\n<p>Appliquer matin et soir sur le visage, le cou et le d\u00e9collet\u00e9 avant votre soin.<\/p>\n<p>\u00c9viter le contact avec les yeux.<\/p>\n<\/p><\/div>\n<\/p><\/div>\n<\/p><\/div>\n<\/p><\/div>\n<div class=\"c-product__part c-product__composition\">\n<h2 class=\"c-product__part-title u-h3\">Actifs<\/h2>\n<div class=\"l-grid\">\n<div class=\"l-grid__item u-1\/1@large u-1\/2@medium\">\n<div class=\"c-content theme-grey\">\n<p>Mela Technology** \u2013 20% complexe Vitamine C* \u2013 Niacinamide \u2013 Non parfum\u00e9 \u2013<\/p>\n<\/p><\/div>\n<\/p><\/div>\n<div class=\"l-grid__item u-1\/1@large u-1\/2@medium\">\n<div class=\"c-content theme-grey\">\n<p>Non com\u00e9dog\u00e8ne \u2013 Test\u00e9 sous contr\u00f4le dermatologique<\/p>\n<\/p><\/div>\n<\/p><\/div>\n<\/p><\/div>\n<\/p><\/div>\n<div class=\"c-product__part c-product__advice\">\n<h2 class=\"c-product__part-title u-h3\">Conseils<\/h2>\n<div class=\"c-content\">\n<p>Appliquer matin et soir sur le visage, le cou et le d\u00e9collet\u00e9 avant votre soin.<\/p>\n<\/p><\/div>\n<\/p><\/div>\n<\/p><\/div>\n<\/p><\/div>\n<\/p><\/div>","protected":false},"excerpt":{"rendered":"<p>Highlights:DEPIDERM \u2013 SERUM SERUM ANTI -T\u00c2CHES<\/p>","protected":false},"featured_media":9703,"comment_status":"open","ping_status":"closed","template":"","meta":[],"product_cat":[83],"product_tag":[],"yith_product_brand":[133],"class_list":{"0":"post-9664","1":"product","2":"type-product","3":"status-publish","4":"has-post-thumbnail","6":"product_cat-soins-visage","7":"yith_product_brand-uriage","9":"first","10":"instock","11":"sale","12":"shipping-taxable","13":"purchasable","14":"product-type-simple"},"_links":{"self":[{"href":"https:\/\/parapharmacieenligne.ma\/en\/wp-json\/wp\/v2\/product\/9664","targetHints":{"allow":["GET"]}}],"collection":[{"href":"https:\/\/parapharmacieenligne.ma\/en\/wp-json\/wp\/v2\/product"}],"about":[{"href":"https:\/\/parapharmacieenligne.ma\/en\/wp-json\/wp\/v2\/types\/product"}],"replies":[{"embeddable":true,"href":"https:\/\/parapharmacieenligne.ma\/en\/wp-json\/wp\/v2\/comments?post=9664"}],"version-history":[{"count":1,"href":"https:\/\/parapharmacieenligne.ma\/en\/wp-json\/wp\/v2\/product\/9664\/revisions"}],"predecessor-version":[{"id":9704,"href":"https:\/\/parapharmacieenligne.ma\/en\/wp-json\/wp\/v2\/product\/9664\/revisions\/9704"}],"wp:featuredmedia":[{"embeddable":true,"href":"https:\/\/parapharmacieenligne.ma\/en\/wp-json\/wp\/v2\/media\/9703"}],"wp:attachment":[{"href":"https:\/\/parapharmacieenligne.ma\/en\/wp-json\/wp\/v2\/media?parent=9664"}],"wp:term":[{"taxonomy":"product_cat","embeddable":true,"href":"https:\/\/parapharmacieenligne.ma\/en\/wp-json\/wp\/v2\/product_cat?post=9664"},{"taxonomy":"product_tag","embeddable":true,"href":"https:\/\/parapharmacieenligne.ma\/en\/wp-json\/wp\/v2\/product_tag?post=9664"},{"taxonomy":"yith_product_brand","embeddable":true,"href":"https:\/\/parapharmacieenligne.ma\/en\/wp-json\/wp\/v2\/yith_product_brand?post=9664"}],"curies":[{"name":"wp","href":"https:\/\/api.w.org\/{rel}","templated":true}]}}