{"id":9665,"date":"2026-01-26T17:03:18","date_gmt":"2026-01-26T16:03:18","guid":{"rendered":"https:\/\/parapharmacieenligne.ma\/?post_type=product&#038;p=9665"},"modified":"2026-01-26T17:04:50","modified_gmt":"2026-01-26T16:04:50","slug":"uriage-bariesun-creme-spf50teinte-claire-creme-lavante-50ml-offerte","status":"publish","type":"product","link":"https:\/\/parapharmacieenligne.ma\/en\/product\/uriage-bariesun-creme-spf50teinte-claire-creme-lavante-50ml-offerte\/","title":{"rendered":"URIAGE BARI\u00c9SUN CR\u00c8ME SPF50+TEINTE CLAIRE = Cr\u00e8me Lavante 50ml Offerte"},"content":{"rendered":"<div aria-labelledby=\"tab-title-description\" class=\"woocommerce-Tabs-panel woocommerce-Tabs-panel--description panel entry-content wc-tab\" id=\"tab-description\" role=\"tabpanel\" style=\"\">\n<h2>Description<\/h2>\n<div class=\"widget__content\">\n<p>Bari\u00e9sun combine un complexe filtrant tr\u00e8s performant et deux brevets dermatologiques pour prot\u00e9ger la peau, pr\u00e9venir les dommages cellulaires et le photo-vieillissement induits par les UVA, UVB et la lumi\u00e8re bleue.<\/p>\n<p>Sa formule tr\u00e8s haute protection, fondante et non-grasse unifie naturellement le teint et apporte un effet bonne mine imm\u00e9diat. Texture toucher sec nouvelle g\u00e9n\u00e9ration : absorption imm\u00e9diate et effet anti-brillance assur\u00e9s ! NOUVEAU ! : une d\u00e9marche eco-responsable qui respecte les coraux et les oc\u00e9ans. Aussi un engagement \u00e9thique pour soutenir les ONG en renversant 1% des b\u00e9n\u00e9fices Bari\u00e9sun dans le monde.<\/p>\n<\/p><\/div>\n<p><strong><strong>Conseils d\u2019Utilisation :<\/strong><\/strong><\/p>\n<ul>\n<li>Appliquer une dose suffisante de produit avant l\u2019exposition, par exemple l\u2019\u00e9quivalent d\u2019une cuill\u00e8re \u00e0 caf\u00e9 pour le visage et le cou. La r\u00e9duction de cette quantit\u00e9 diminue le niveau de protection.<br \/>\n Renouveler fr\u00e9quemment l\u2019application, surtout apr\u00e8s avoir transpir\u00e9, nag\u00e9 ou s\u2019\u00eatre essuy\u00e9.<br \/>\n M\u00eame bien prot\u00e9g\u00e9, r\u00e9duire au maximum l\u2019exposition.Ne pas exposer les b\u00e9b\u00e9s et les jeunes enfants directement au soleil.<\/li>\n<\/ul><\/div>","protected":false},"excerpt":{"rendered":"<p>Highlights:Vous recevez une cr\u00e8me lavante de 50ml \u00e0 l\u2019achat de Bariesun Cr\u00e8me teinte Claire Spf50+<\/p>","protected":false},"featured_media":9709,"comment_status":"open","ping_status":"closed","template":"","meta":[],"product_cat":[86],"product_tag":[],"yith_product_brand":[133],"class_list":{"0":"post-9665","1":"product","2":"type-product","3":"status-publish","4":"has-post-thumbnail","6":"product_cat-protection-solaire","7":"yith_product_brand-uriage","9":"first","10":"instock","11":"sale","12":"shipping-taxable","13":"purchasable","14":"product-type-simple"},"_links":{"self":[{"href":"https:\/\/parapharmacieenligne.ma\/en\/wp-json\/wp\/v2\/product\/9665","targetHints":{"allow":["GET"]}}],"collection":[{"href":"https:\/\/parapharmacieenligne.ma\/en\/wp-json\/wp\/v2\/product"}],"about":[{"href":"https:\/\/parapharmacieenligne.ma\/en\/wp-json\/wp\/v2\/types\/product"}],"replies":[{"embeddable":true,"href":"https:\/\/parapharmacieenligne.ma\/en\/wp-json\/wp\/v2\/comments?post=9665"}],"version-history":[{"count":1,"href":"https:\/\/parapharmacieenligne.ma\/en\/wp-json\/wp\/v2\/product\/9665\/revisions"}],"predecessor-version":[{"id":9710,"href":"https:\/\/parapharmacieenligne.ma\/en\/wp-json\/wp\/v2\/product\/9665\/revisions\/9710"}],"wp:featuredmedia":[{"embeddable":true,"href":"https:\/\/parapharmacieenligne.ma\/en\/wp-json\/wp\/v2\/media\/9709"}],"wp:attachment":[{"href":"https:\/\/parapharmacieenligne.ma\/en\/wp-json\/wp\/v2\/media?parent=9665"}],"wp:term":[{"taxonomy":"product_cat","embeddable":true,"href":"https:\/\/parapharmacieenligne.ma\/en\/wp-json\/wp\/v2\/product_cat?post=9665"},{"taxonomy":"product_tag","embeddable":true,"href":"https:\/\/parapharmacieenligne.ma\/en\/wp-json\/wp\/v2\/product_tag?post=9665"},{"taxonomy":"yith_product_brand","embeddable":true,"href":"https:\/\/parapharmacieenligne.ma\/en\/wp-json\/wp\/v2\/yith_product_brand?post=9665"}],"curies":[{"name":"wp","href":"https:\/\/api.w.org\/{rel}","templated":true}]}}