{"id":9666,"date":"2026-01-26T17:03:20","date_gmt":"2026-01-26T16:03:20","guid":{"rendered":"https:\/\/parapharmacieenligne.ma\/?post_type=product&#038;p=9666"},"modified":"2026-01-26T17:04:54","modified_gmt":"2026-01-26T16:04:54","slug":"uriage-bariesun-spf50-huile-seche-200ml","status":"publish","type":"product","link":"https:\/\/parapharmacieenligne.ma\/en\/product\/uriage-bariesun-spf50-huile-seche-200ml\/","title":{"rendered":"Uriage Bariesun spf50+ Huile Seche 200ml"},"content":{"rendered":"<div aria-labelledby=\"tab-title-description\" class=\"woocommerce-Tabs-panel woocommerce-Tabs-panel--description panel entry-content wc-tab\" id=\"tab-description\" role=\"tabpanel\" style=\"\">\n<h2>Description<\/h2>\n<div class=\"c-product__intro u-intro\">\n<p> Ce soin satine votre peau et illumine votre bronzage avec sa texture \u00e9vanescente, fondante et non grasse. Pouvant \u00e9galement \u00eatre utilis\u00e9e sur les cheveux, elle les prot\u00e8ge du dess\u00e8chement et pr\u00e9serve leur beaut\u00e9 naturelle.<\/p>\n<\/p><\/div>\n<div class=\"c-product__description c-content\">\n<h2>Prot\u00e8ge contre les UV<\/h2>\n<p>Son complexe de filtres assure une tr\u00e8s haute protection contre les UV. Ce soin garantit une photostabilit\u00e9 prouv\u00e9e et une large couverture UVB-UVA.<\/p>\n<\/p><\/div>\n<\/p><\/div>","protected":false},"excerpt":{"rendered":"<p>Highlights:r\u00e2ce \u00e0 un complexe filtrant tr\u00e8s performant, cette huile s\u00e8che apporte une tr\u00e8s haute protection contre les UVA, les UVB et pr\u00e9vient du dess\u00e8chement cutan\u00e9.<\/p>","protected":false},"featured_media":9711,"comment_status":"open","ping_status":"closed","template":"","meta":[],"product_cat":[86],"product_tag":[],"yith_product_brand":[133],"class_list":{"0":"post-9666","1":"product","2":"type-product","3":"status-publish","4":"has-post-thumbnail","6":"product_cat-protection-solaire","7":"yith_product_brand-uriage","9":"first","10":"instock","11":"sale","12":"shipping-taxable","13":"purchasable","14":"product-type-simple"},"_links":{"self":[{"href":"https:\/\/parapharmacieenligne.ma\/en\/wp-json\/wp\/v2\/product\/9666","targetHints":{"allow":["GET"]}}],"collection":[{"href":"https:\/\/parapharmacieenligne.ma\/en\/wp-json\/wp\/v2\/product"}],"about":[{"href":"https:\/\/parapharmacieenligne.ma\/en\/wp-json\/wp\/v2\/types\/product"}],"replies":[{"embeddable":true,"href":"https:\/\/parapharmacieenligne.ma\/en\/wp-json\/wp\/v2\/comments?post=9666"}],"version-history":[{"count":1,"href":"https:\/\/parapharmacieenligne.ma\/en\/wp-json\/wp\/v2\/product\/9666\/revisions"}],"predecessor-version":[{"id":9712,"href":"https:\/\/parapharmacieenligne.ma\/en\/wp-json\/wp\/v2\/product\/9666\/revisions\/9712"}],"wp:featuredmedia":[{"embeddable":true,"href":"https:\/\/parapharmacieenligne.ma\/en\/wp-json\/wp\/v2\/media\/9711"}],"wp:attachment":[{"href":"https:\/\/parapharmacieenligne.ma\/en\/wp-json\/wp\/v2\/media?parent=9666"}],"wp:term":[{"taxonomy":"product_cat","embeddable":true,"href":"https:\/\/parapharmacieenligne.ma\/en\/wp-json\/wp\/v2\/product_cat?post=9666"},{"taxonomy":"product_tag","embeddable":true,"href":"https:\/\/parapharmacieenligne.ma\/en\/wp-json\/wp\/v2\/product_tag?post=9666"},{"taxonomy":"yith_product_brand","embeddable":true,"href":"https:\/\/parapharmacieenligne.ma\/en\/wp-json\/wp\/v2\/yith_product_brand?post=9666"}],"curies":[{"name":"wp","href":"https:\/\/api.w.org\/{rel}","templated":true}]}}