{"id":9667,"date":"2026-01-26T17:03:20","date_gmt":"2026-01-26T16:03:20","guid":{"rendered":"https:\/\/parapharmacieenligne.ma\/?post_type=product&#038;p=9667"},"modified":"2026-01-26T17:05:02","modified_gmt":"2026-01-26T16:05:02","slug":"uriage-bariesun-fluide-anti-taches-spf50-40ml-creme-lavante-50ml-offert","status":"publish","type":"product","link":"https:\/\/parapharmacieenligne.ma\/en\/product\/uriage-bariesun-fluide-anti-taches-spf50-40ml-creme-lavante-50ml-offert\/","title":{"rendered":"Uriage \u2013 Bari\u00e9sun Fluide Anti-T\u00e2ches SPF50+ \u2013 40ml = Cr\u00e8me Lavante 50ml Offert"},"content":{"rendered":"<div aria-labelledby=\"tab-title-description\" class=\"woocommerce-Tabs-panel woocommerce-Tabs-panel--description panel entry-content wc-tab\" id=\"tab-description\" role=\"tabpanel\" style=\"\">\n<h2>Description<\/h2>\n<p>Probl\u00e9matique sp\u00e9cifique<br \/>\n Tous types de peaux<\/p>\n<p>B\u00e9n\u00e9fice produit<br \/>\n Ce soin anti-taches apporte une tr\u00e8s haute protection solaire contre les UVA\/UVB, att\u00e9nue les d\u00e9fauts de pigmentation et aide \u00e0 pr\u00e9venir l\u2019apparition des taches brunes. Sa texture fondante assure une p\u00e9n\u00e9tration rapide et un fini non-gras invisible.<\/p>\n<p>Prot\u00e8ge contre les UV<br \/>\n Son complexe filtrant, associ\u00e9 \u00e0 la vitamine E et \u00e0 un d\u00e9riv\u00e9 de vitamine C, apporte une tr\u00e8s haute protection contre les UVB, UVA et les radicaux libres, pour pr\u00e9venir l\u2019apparition des taches.<\/p>\n<p>Corrige les taches brunes<br \/>\n Le complexe Cx, associant des actifs anti-taches, apaisants et anti-oxydants homog\u00e9n\u00e9ise le teint et att\u00e9nue les d\u00e9fauts de pigmentation.<\/p>\n<p>Caract\u00e9ristiques<br \/>\n Complexe Cx (Extrait de pois et sucrose, d\u00e9riv\u00e9 de Vitamine C, Eau Thermale d\u2019Uriage, Enoxolone) \u2014 Complexe filtrant UVA-UVB SPF50+ \u2014 Non parfum\u00e9 \u2014 Non com\u00e9dog\u00e8ne \u2014 Test\u00e9 sous contr\u00f4le dermatologique<\/p>\n<p>Conseil d\u2019utilisation<br \/>\n Avant l\u2019exposition, appliquer une dose suffisante pour bien couvrir la zone expos\u00e9e, par exemple l\u2019\u00e9quivalent d\u2019une cuill\u00e8re \u00e0 caf\u00e9 de produit pour le visage et le cou.<br \/>\n La r\u00e9duction de cette quantit\u00e9 diminue le niveau de protection.<br \/>\n Renouveler l\u2019application fr\u00e9quemment, surtout apr\u00e8s avoir transpir\u00e9, nag\u00e9 ou s\u2019\u00eatre essuy\u00e9.<br \/>\n M\u00eame bien prot\u00e9g\u00e9, r\u00e9duire au maximum l\u2019exposition.<br \/>\n Ne pas exposer les b\u00e9b\u00e9s et les jeunes enfants directement au soleil.<br \/>\n Eviter le contact avec les yeux.<\/p>\n<\/p><\/div>","protected":false},"excerpt":{"rendered":"<p>Highlights:Tr\u00e8s haute protection solaire<\/p>","protected":false},"featured_media":9713,"comment_status":"open","ping_status":"closed","template":"","meta":[],"product_cat":[86],"product_tag":[],"yith_product_brand":[133],"class_list":{"0":"post-9667","1":"product","2":"type-product","3":"status-publish","4":"has-post-thumbnail","6":"product_cat-protection-solaire","7":"yith_product_brand-uriage","9":"first","10":"instock","11":"sale","12":"shipping-taxable","13":"purchasable","14":"product-type-simple"},"_links":{"self":[{"href":"https:\/\/parapharmacieenligne.ma\/en\/wp-json\/wp\/v2\/product\/9667","targetHints":{"allow":["GET"]}}],"collection":[{"href":"https:\/\/parapharmacieenligne.ma\/en\/wp-json\/wp\/v2\/product"}],"about":[{"href":"https:\/\/parapharmacieenligne.ma\/en\/wp-json\/wp\/v2\/types\/product"}],"replies":[{"embeddable":true,"href":"https:\/\/parapharmacieenligne.ma\/en\/wp-json\/wp\/v2\/comments?post=9667"}],"version-history":[{"count":1,"href":"https:\/\/parapharmacieenligne.ma\/en\/wp-json\/wp\/v2\/product\/9667\/revisions"}],"predecessor-version":[{"id":9714,"href":"https:\/\/parapharmacieenligne.ma\/en\/wp-json\/wp\/v2\/product\/9667\/revisions\/9714"}],"wp:featuredmedia":[{"embeddable":true,"href":"https:\/\/parapharmacieenligne.ma\/en\/wp-json\/wp\/v2\/media\/9713"}],"wp:attachment":[{"href":"https:\/\/parapharmacieenligne.ma\/en\/wp-json\/wp\/v2\/media?parent=9667"}],"wp:term":[{"taxonomy":"product_cat","embeddable":true,"href":"https:\/\/parapharmacieenligne.ma\/en\/wp-json\/wp\/v2\/product_cat?post=9667"},{"taxonomy":"product_tag","embeddable":true,"href":"https:\/\/parapharmacieenligne.ma\/en\/wp-json\/wp\/v2\/product_tag?post=9667"},{"taxonomy":"yith_product_brand","embeddable":true,"href":"https:\/\/parapharmacieenligne.ma\/en\/wp-json\/wp\/v2\/yith_product_brand?post=9667"}],"curies":[{"name":"wp","href":"https:\/\/api.w.org\/{rel}","templated":true}]}}