{"id":9671,"date":"2026-01-26T17:03:26","date_gmt":"2026-01-26T16:03:26","guid":{"rendered":"https:\/\/parapharmacieenligne.ma\/?post_type=product&#038;p=9671"},"modified":"2026-01-26T17:05:32","modified_gmt":"2026-01-26T16:05:32","slug":"uriage-bariederm-cica-creme-au-cuivre-zinc-xemose-huile-lavante-apaisante-50ml-offerte","status":"publish","type":"product","link":"https:\/\/parapharmacieenligne.ma\/en\/product\/uriage-bariederm-cica-creme-au-cuivre-zinc-xemose-huile-lavante-apaisante-50ml-offerte\/","title":{"rendered":"URIAGE BARI\u00c9DERM-CICA CR\u00c8ME AU CUIVRE-ZINC + X\u00c9MOSE \u2013 HUILE LAVANTE APAISANTE 50ml OFFERTE"},"content":{"rendered":"<div aria-labelledby=\"tab-title-description\" class=\"woocommerce-Tabs-panel woocommerce-Tabs-panel--description panel entry-content wc-tab\" id=\"tab-description\" role=\"tabpanel\" style=\"\">\n<h2>Description<\/h2>\n<div class=\"c-product__intro u-intro\">\n<p><strong>URIAGE BARI\u00c9DERM-CICA CR\u00c8ME AU CUIVRE-ZINC<\/strong><\/p>\n<p>Cette cr\u00e8me protectrice et r\u00e9paratrice est le soin id\u00e9al pour les peaux fragilis\u00e9es \u00e0 la suite d\u2019agressions diverses : d\u00e9mangeaisons, \u00e9chauffements, post-actes dermo-esth\u00e9tiques, tatouages\u2026<\/p>\n<p><strong>X\u00c9MOSE \u2013 HUILE LAVANTE APAISANTE 50ml<\/strong><\/p>\n<p>Cette huile lavante prot\u00e8ge contre le dess\u00e8chement cutan\u00e9 et apaise les sensations de d\u00e9mangeaisons. Sa mousse fine et extra-douce apporte un confort imm\u00e9diat et durable pour les peaux s\u00e8ches \u00e0 tr\u00e8s s\u00e8ches.<\/p>\n<\/p><\/div>\n<div class=\"c-product__description c-content\"><\/div>\n<\/p><\/div>","protected":false},"excerpt":{"rendered":"<p>Highlights:\u00e0 l\u2019achat de Uriage Bariederm Cica Cicatrisante, vous recevez Xemose Huile Lavante 50ml OFFERTE<\/p>","protected":false},"featured_media":9725,"comment_status":"open","ping_status":"closed","template":"","meta":[],"product_cat":[83],"product_tag":[],"yith_product_brand":[133],"class_list":{"0":"post-9671","1":"product","2":"type-product","3":"status-publish","4":"has-post-thumbnail","6":"product_cat-soins-visage","7":"yith_product_brand-uriage","9":"first","10":"instock","11":"sale","12":"shipping-taxable","13":"purchasable","14":"product-type-simple"},"_links":{"self":[{"href":"https:\/\/parapharmacieenligne.ma\/en\/wp-json\/wp\/v2\/product\/9671","targetHints":{"allow":["GET"]}}],"collection":[{"href":"https:\/\/parapharmacieenligne.ma\/en\/wp-json\/wp\/v2\/product"}],"about":[{"href":"https:\/\/parapharmacieenligne.ma\/en\/wp-json\/wp\/v2\/types\/product"}],"replies":[{"embeddable":true,"href":"https:\/\/parapharmacieenligne.ma\/en\/wp-json\/wp\/v2\/comments?post=9671"}],"version-history":[{"count":1,"href":"https:\/\/parapharmacieenligne.ma\/en\/wp-json\/wp\/v2\/product\/9671\/revisions"}],"predecessor-version":[{"id":9726,"href":"https:\/\/parapharmacieenligne.ma\/en\/wp-json\/wp\/v2\/product\/9671\/revisions\/9726"}],"wp:featuredmedia":[{"embeddable":true,"href":"https:\/\/parapharmacieenligne.ma\/en\/wp-json\/wp\/v2\/media\/9725"}],"wp:attachment":[{"href":"https:\/\/parapharmacieenligne.ma\/en\/wp-json\/wp\/v2\/media?parent=9671"}],"wp:term":[{"taxonomy":"product_cat","embeddable":true,"href":"https:\/\/parapharmacieenligne.ma\/en\/wp-json\/wp\/v2\/product_cat?post=9671"},{"taxonomy":"product_tag","embeddable":true,"href":"https:\/\/parapharmacieenligne.ma\/en\/wp-json\/wp\/v2\/product_tag?post=9671"},{"taxonomy":"yith_product_brand","embeddable":true,"href":"https:\/\/parapharmacieenligne.ma\/en\/wp-json\/wp\/v2\/yith_product_brand?post=9671"}],"curies":[{"name":"wp","href":"https:\/\/api.w.org\/{rel}","templated":true}]}}