{"id":9672,"date":"2026-01-26T17:03:26","date_gmt":"2026-01-26T16:03:26","guid":{"rendered":"https:\/\/parapharmacieenligne.ma\/?post_type=product&#038;p=9672"},"modified":"2026-01-26T17:05:36","modified_gmt":"2026-01-26T16:05:36","slug":"uriage-eau-thermale-creme-lavante-500ml-lait-veloute-200ml-offert","status":"publish","type":"product","link":"https:\/\/parapharmacieenligne.ma\/en\/product\/uriage-eau-thermale-creme-lavante-500ml-lait-veloute-200ml-offert\/","title":{"rendered":"Uriage Eau thermale Cr\u00e8me lavante 500ml +Lait Veloute 200ml OFFERT"},"content":{"rendered":"<div aria-labelledby=\"tab-title-description\" class=\"woocommerce-Tabs-panel woocommerce-Tabs-panel--description panel entry-content wc-tab\" id=\"tab-description\" role=\"tabpanel\" style=\"\">\n<h2>Description<\/h2>\n<div class=\"c-product__intro u-intro\">\n<p>Tr\u00e8s agr\u00e9ablement parfum\u00e9, ce soin 2 en 1 nettoyant et nourrissant laisse la peau parfaitement propre, douce et hydrat\u00e9e.<\/p>\n<\/p><\/div>\n<div class=\"c-product__description c-content\">\n<p><strong>Nettoie<\/strong><\/p>\n<p>Sa base lavante sans savon \u00e0 pH physiologique \u00e9limine toutes les impuret\u00e9s en douceur.<\/p>\n<p><strong>Nourrit<\/strong><\/p>\n<p>Avec 1\/3 de lait nourrissant, elle pr\u00e9serve le film hydrolipidique de la peau.<\/p>\n<p>Prot\u00e8ge<\/p>\n<p>Grace \u00e0 ses agents doux surgraissants et l\u2019Eau Thermale d\u2019Uriage, elle prot\u00e8ge la peau des effets dess\u00e9chants de l\u2019eau calcaire.<\/p>\n<p>Ce lait velout\u00e9, fluide et onctueux, fusionne imm\u00e9diatement avec la peau pour l\u2019hydrater intens\u00e9ment, la lisser et la r\u00e9conforter. Sa texture l\u00e9g\u00e8re, imm\u00e9diatement absorb\u00e9e, permet un habillage rapide. Votre peau est infiniment douce !<\/p>\n<p>Hydrate intens\u00e9ment 24h<br \/>\n Baign\u00e9e d\u2019Eau Thermale d\u2019Uriage, votre peau retrouve un niveau d\u2019hydratation optimal, un confort durable et son \u00e9clat naturel.<\/p>\n<\/p><\/div>\n<\/p><\/div>","protected":false},"excerpt":{"rendered":"<p>Highlights:Tr\u00e8s agr\u00e9ablement parfum\u00e9, ce soin 2 en 1 nettoyant et nourrissant laisse la peau parfaitement propre, douce et hydrat\u00e9e.<\/p>","protected":false},"featured_media":9727,"comment_status":"open","ping_status":"closed","template":"","meta":[],"product_cat":[85],"product_tag":[],"yith_product_brand":[133],"class_list":{"0":"post-9672","1":"product","2":"type-product","3":"status-publish","4":"has-post-thumbnail","6":"product_cat-soins-corps","7":"yith_product_brand-uriage","9":"first","10":"instock","11":"sale","12":"shipping-taxable","13":"purchasable","14":"product-type-simple"},"_links":{"self":[{"href":"https:\/\/parapharmacieenligne.ma\/en\/wp-json\/wp\/v2\/product\/9672","targetHints":{"allow":["GET"]}}],"collection":[{"href":"https:\/\/parapharmacieenligne.ma\/en\/wp-json\/wp\/v2\/product"}],"about":[{"href":"https:\/\/parapharmacieenligne.ma\/en\/wp-json\/wp\/v2\/types\/product"}],"replies":[{"embeddable":true,"href":"https:\/\/parapharmacieenligne.ma\/en\/wp-json\/wp\/v2\/comments?post=9672"}],"version-history":[{"count":1,"href":"https:\/\/parapharmacieenligne.ma\/en\/wp-json\/wp\/v2\/product\/9672\/revisions"}],"predecessor-version":[{"id":9728,"href":"https:\/\/parapharmacieenligne.ma\/en\/wp-json\/wp\/v2\/product\/9672\/revisions\/9728"}],"wp:featuredmedia":[{"embeddable":true,"href":"https:\/\/parapharmacieenligne.ma\/en\/wp-json\/wp\/v2\/media\/9727"}],"wp:attachment":[{"href":"https:\/\/parapharmacieenligne.ma\/en\/wp-json\/wp\/v2\/media?parent=9672"}],"wp:term":[{"taxonomy":"product_cat","embeddable":true,"href":"https:\/\/parapharmacieenligne.ma\/en\/wp-json\/wp\/v2\/product_cat?post=9672"},{"taxonomy":"product_tag","embeddable":true,"href":"https:\/\/parapharmacieenligne.ma\/en\/wp-json\/wp\/v2\/product_tag?post=9672"},{"taxonomy":"yith_product_brand","embeddable":true,"href":"https:\/\/parapharmacieenligne.ma\/en\/wp-json\/wp\/v2\/yith_product_brand?post=9672"}],"curies":[{"name":"wp","href":"https:\/\/api.w.org\/{rel}","templated":true}]}}