{"id":9673,"date":"2026-01-26T17:03:28","date_gmt":"2026-01-26T16:03:28","guid":{"rendered":"https:\/\/parapharmacieenligne.ma\/?post_type=product&#038;p=9673"},"modified":"2026-01-26T17:05:40","modified_gmt":"2026-01-26T16:05:40","slug":"uriage-hyseac-fluide-spf50-hyseac-gel-nettoyant-offert","status":"publish","type":"product","link":"https:\/\/parapharmacieenligne.ma\/en\/product\/uriage-hyseac-fluide-spf50-hyseac-gel-nettoyant-offert\/","title":{"rendered":"URIAGE Hyseac Fluide Spf50+ = Hyseac Gel Nettoyant OFFERT"},"content":{"rendered":"<div aria-labelledby=\"tab-title-description\" class=\"woocommerce-Tabs-panel woocommerce-Tabs-panel--description panel entry-content wc-tab\" id=\"tab-description\" role=\"tabpanel\" style=\"\">\n<h2>Description<\/h2>\n<p><strong>Le Fluide HYS\u00c9AC SPF50+<\/strong> associe une protection solaire efficace aux propri\u00e9t\u00e9s adapt\u00e9es aux peaux mixtes \u00e0 grasses. Il dispose d\u2019une tr\u00e8s haute protection UVA-UVB gr\u00e2ce \u00e0 un complexe filtrant ultra\u2013performant. Sa texture est non collante et non grasse.<\/p>\n<p><strong>HYS\u00c9AC Gel Nettoyant<\/strong> \u00e9limine impuret\u00e9s et exc\u00e8s de s\u00e9bum, tout en respectant parfaitement l\u2019\u00e9piderme.<br \/>\n Sa haute rin\u00e7abilit\u00e9, son aspect moussant au contact de l\u2019eau et son l\u00e9ger parfum caract\u00e9ristique de la gamme Hys\u00e9ac en font un produit tr\u00e8s agr\u00e9able \u00e0 utiliser au quotidien.<\/p>\n<\/p><\/div>","protected":false},"excerpt":{"rendered":"<p>Highlights:Pour une peau est plus nette, plus saine, plus fra\u00eeche.<\/p>","protected":false},"featured_media":9729,"comment_status":"open","ping_status":"closed","template":"","meta":[],"product_cat":[86],"product_tag":[],"yith_product_brand":[133],"class_list":{"0":"post-9673","1":"product","2":"type-product","3":"status-publish","4":"has-post-thumbnail","6":"product_cat-protection-solaire","7":"yith_product_brand-uriage","9":"first","10":"instock","11":"sale","12":"shipping-taxable","13":"purchasable","14":"product-type-simple"},"_links":{"self":[{"href":"https:\/\/parapharmacieenligne.ma\/en\/wp-json\/wp\/v2\/product\/9673","targetHints":{"allow":["GET"]}}],"collection":[{"href":"https:\/\/parapharmacieenligne.ma\/en\/wp-json\/wp\/v2\/product"}],"about":[{"href":"https:\/\/parapharmacieenligne.ma\/en\/wp-json\/wp\/v2\/types\/product"}],"replies":[{"embeddable":true,"href":"https:\/\/parapharmacieenligne.ma\/en\/wp-json\/wp\/v2\/comments?post=9673"}],"version-history":[{"count":1,"href":"https:\/\/parapharmacieenligne.ma\/en\/wp-json\/wp\/v2\/product\/9673\/revisions"}],"predecessor-version":[{"id":9730,"href":"https:\/\/parapharmacieenligne.ma\/en\/wp-json\/wp\/v2\/product\/9673\/revisions\/9730"}],"wp:featuredmedia":[{"embeddable":true,"href":"https:\/\/parapharmacieenligne.ma\/en\/wp-json\/wp\/v2\/media\/9729"}],"wp:attachment":[{"href":"https:\/\/parapharmacieenligne.ma\/en\/wp-json\/wp\/v2\/media?parent=9673"}],"wp:term":[{"taxonomy":"product_cat","embeddable":true,"href":"https:\/\/parapharmacieenligne.ma\/en\/wp-json\/wp\/v2\/product_cat?post=9673"},{"taxonomy":"product_tag","embeddable":true,"href":"https:\/\/parapharmacieenligne.ma\/en\/wp-json\/wp\/v2\/product_tag?post=9673"},{"taxonomy":"yith_product_brand","embeddable":true,"href":"https:\/\/parapharmacieenligne.ma\/en\/wp-json\/wp\/v2\/yith_product_brand?post=9673"}],"curies":[{"name":"wp","href":"https:\/\/api.w.org\/{rel}","templated":true}]}}