{"id":9675,"date":"2026-01-26T17:03:28","date_gmt":"2026-01-26T16:03:28","guid":{"rendered":"https:\/\/parapharmacieenligne.ma\/?post_type=product&#038;p=9675"},"modified":"2026-03-31T22:39:49","modified_gmt":"2026-03-31T20:39:49","slug":"uriage-hyseac-mat-40ml","status":"publish","type":"product","link":"https:\/\/parapharmacieenligne.ma\/en\/product\/uriage-hyseac-mat-40ml\/","title":{"rendered":"URIAGE HYSEAC MAT 40 ML"},"content":{"rendered":"<div aria-labelledby=\"tab-title-description\" class=\"woocommerce-Tabs-panel woocommerce-Tabs-panel--description panel entry-content wc-tab\" id=\"tab-description\" role=\"tabpanel\" style=\"\">\n<h2>Description<\/h2>\n<p>Probl\u00e9matique sp\u00e9cifique<br \/>\n Soins peaux mixtes \u00e0 grasses, Peaux qui brillent, teint terne et brouill\u00e9, zone T grasse, maquillage qui ne tient pas<\/p>\n<p>B\u00e9n\u00e9fice produit<br \/>\n HYS\u00c9AC Mat\u2019 est un soin matifiant avec une texture mi-gel mi-cr\u00e8me d\u00e9licatement parfum\u00e9e. L\u2019innovation de la formule r\u00e9side dans sa triple action matifiante, hydratante et qui resserre les pores pour un grain de peau affin\u00e9.<\/p>\n<p>Matifie<br \/>\n Enrichi en extrait de Licorice, la cr\u00e8me dispose d\u2019un agent s\u00e9bo-r\u00e9ducteur puissant et longue dur\u00e9e.<\/p>\n<p>Hydrate<br \/>\n L\u2019Eau Thermale D\u2019Uriage et la glyc\u00e9rine apportent une hydratation optimale \u00e0 la peau.<\/p>\n<p>Resserre les pores<br \/>\n Ce soin diminue la taille des pores dilat\u00e9s pour un grain de peau resserr\u00e9 et affin\u00e9.<\/p>\n<p>Caract\u00e9ristiques<br \/>\n Eau Thermale d\u2019Uriage \u2014 Pore Refinyl \u2014 Extrait de Licorice \u2014 Test\u00e9 sous contr\u00f4le dermatologique \u2014 Non com\u00e9dog\u00e8ne<\/p>\n<p>Conseil d\u2019utilisation<br \/>\n A appliquer matin et\/ou soir sur une peau parfaitement nettoy\u00e9e.<\/p>\n<\/p><\/div>","protected":false},"excerpt":{"rendered":"<p>Highlights:Soin Matifiant 3 en 1Resserre les poresHydrate durablement (8H + 22%)Lutte contre les brillances pour un fini mat et velout\u00e9<\/p>","protected":false},"featured_media":9738,"comment_status":"open","ping_status":"closed","template":"","meta":[],"product_cat":[206,83],"product_tag":[],"yith_product_brand":[133],"class_list":{"0":"post-9675","1":"product","2":"type-product","3":"status-publish","4":"has-post-thumbnail","6":"product_cat-acne","7":"product_cat-soins-visage","8":"yith_product_brand-uriage","10":"first","11":"instock","12":"sale","13":"shipping-taxable","14":"purchasable","15":"product-type-simple"},"_links":{"self":[{"href":"https:\/\/parapharmacieenligne.ma\/en\/wp-json\/wp\/v2\/product\/9675","targetHints":{"allow":["GET"]}}],"collection":[{"href":"https:\/\/parapharmacieenligne.ma\/en\/wp-json\/wp\/v2\/product"}],"about":[{"href":"https:\/\/parapharmacieenligne.ma\/en\/wp-json\/wp\/v2\/types\/product"}],"replies":[{"embeddable":true,"href":"https:\/\/parapharmacieenligne.ma\/en\/wp-json\/wp\/v2\/comments?post=9675"}],"version-history":[{"count":2,"href":"https:\/\/parapharmacieenligne.ma\/en\/wp-json\/wp\/v2\/product\/9675\/revisions"}],"predecessor-version":[{"id":19111,"href":"https:\/\/parapharmacieenligne.ma\/en\/wp-json\/wp\/v2\/product\/9675\/revisions\/19111"}],"wp:featuredmedia":[{"embeddable":true,"href":"https:\/\/parapharmacieenligne.ma\/en\/wp-json\/wp\/v2\/media\/9738"}],"wp:attachment":[{"href":"https:\/\/parapharmacieenligne.ma\/en\/wp-json\/wp\/v2\/media?parent=9675"}],"wp:term":[{"taxonomy":"product_cat","embeddable":true,"href":"https:\/\/parapharmacieenligne.ma\/en\/wp-json\/wp\/v2\/product_cat?post=9675"},{"taxonomy":"product_tag","embeddable":true,"href":"https:\/\/parapharmacieenligne.ma\/en\/wp-json\/wp\/v2\/product_tag?post=9675"},{"taxonomy":"yith_product_brand","embeddable":true,"href":"https:\/\/parapharmacieenligne.ma\/en\/wp-json\/wp\/v2\/yith_product_brand?post=9675"}],"curies":[{"name":"wp","href":"https:\/\/api.w.org\/{rel}","templated":true}]}}