{"id":9676,"date":"2026-01-26T17:03:29","date_gmt":"2026-01-26T16:03:29","guid":{"rendered":"https:\/\/parapharmacieenligne.ma\/?post_type=product&#038;p=9676"},"modified":"2026-01-26T17:06:03","modified_gmt":"2026-01-26T16:06:03","slug":"uriage-gel-surgras-liquide-dermatologique-1-l","status":"publish","type":"product","link":"https:\/\/parapharmacieenligne.ma\/en\/product\/uriage-gel-surgras-liquide-dermatologique-1-l\/","title":{"rendered":"Uriage Gel Surgras liquide dermatologique \u2013 1 L"},"content":{"rendered":"<div aria-labelledby=\"tab-title-description\" class=\"woocommerce-Tabs-panel woocommerce-Tabs-panel--description panel entry-content wc-tab\" id=\"tab-description\" role=\"tabpanel\" style=\"\">\n<h2>Description<\/h2>\n<p>Probl\u00e9matique sp\u00e9cifique<br \/>\n Soins peaux sensibles<\/p>\n<p>B\u00e9n\u00e9fice produit<br \/>\n Frais et extra-doux, le gel surgras liquide dermatologique nettoie et am\u00e9liore le confort de la peau tout en respectant son film hydrolipidique. La peau est parfaitement nettoy\u00e9e, hydrat\u00e9e et apais\u00e9e. Un soin agr\u00e9able au quotidien pour toute la famille.<\/p>\n<p>Nettoie<br \/>\n Sa base lavante douce sans savon \u00e9limine toutes les impuret\u00e9s de la peau sans agresser.<\/p>\n<p>Pr\u00e9serve du d\u00e9ssechement<br \/>\n Ses actifs surgraissants et hydratants am\u00e9liorent le confort cutan\u00e9.<\/p>\n<p>Caract\u00e9ristiques<br \/>\n Eau Thermale d\u2019Uriage \u2014 Agents hydratants \u2014 Agents surgraissants \u2014 Sans savon \u2014 Test\u00e9 sous contr\u00f4le dermatologique \u2014 Test\u00e9 ophtalmologiquement<\/p>\n<p>Conseil d\u2019utilisation<br \/>\n Faire mousser avec de l\u2019eau puis rincer.<\/p>\n<\/p><\/div>","protected":false},"excerpt":{"rendered":"<p>Highlights:Gel moussant nettoyant Visage \u2013 Corps \u2013 Cuir chevelu<\/p>","protected":false},"featured_media":9740,"comment_status":"open","ping_status":"closed","template":"","meta":[],"product_cat":[85],"product_tag":[],"yith_product_brand":[133],"class_list":{"0":"post-9676","1":"product","2":"type-product","3":"status-publish","4":"has-post-thumbnail","6":"product_cat-soins-corps","7":"yith_product_brand-uriage","9":"first","10":"instock","11":"sale","12":"shipping-taxable","13":"purchasable","14":"product-type-simple"},"_links":{"self":[{"href":"https:\/\/parapharmacieenligne.ma\/en\/wp-json\/wp\/v2\/product\/9676","targetHints":{"allow":["GET"]}}],"collection":[{"href":"https:\/\/parapharmacieenligne.ma\/en\/wp-json\/wp\/v2\/product"}],"about":[{"href":"https:\/\/parapharmacieenligne.ma\/en\/wp-json\/wp\/v2\/types\/product"}],"replies":[{"embeddable":true,"href":"https:\/\/parapharmacieenligne.ma\/en\/wp-json\/wp\/v2\/comments?post=9676"}],"version-history":[{"count":1,"href":"https:\/\/parapharmacieenligne.ma\/en\/wp-json\/wp\/v2\/product\/9676\/revisions"}],"predecessor-version":[{"id":9741,"href":"https:\/\/parapharmacieenligne.ma\/en\/wp-json\/wp\/v2\/product\/9676\/revisions\/9741"}],"wp:featuredmedia":[{"embeddable":true,"href":"https:\/\/parapharmacieenligne.ma\/en\/wp-json\/wp\/v2\/media\/9740"}],"wp:attachment":[{"href":"https:\/\/parapharmacieenligne.ma\/en\/wp-json\/wp\/v2\/media?parent=9676"}],"wp:term":[{"taxonomy":"product_cat","embeddable":true,"href":"https:\/\/parapharmacieenligne.ma\/en\/wp-json\/wp\/v2\/product_cat?post=9676"},{"taxonomy":"product_tag","embeddable":true,"href":"https:\/\/parapharmacieenligne.ma\/en\/wp-json\/wp\/v2\/product_tag?post=9676"},{"taxonomy":"yith_product_brand","embeddable":true,"href":"https:\/\/parapharmacieenligne.ma\/en\/wp-json\/wp\/v2\/yith_product_brand?post=9676"}],"curies":[{"name":"wp","href":"https:\/\/api.w.org\/{rel}","templated":true}]}}