{"id":9678,"date":"2026-01-26T17:03:30","date_gmt":"2026-01-26T16:03:30","guid":{"rendered":"https:\/\/parapharmacieenligne.ma\/?post_type=product&#038;p=9678"},"modified":"2026-01-26T17:06:17","modified_gmt":"2026-01-26T16:06:17","slug":"uriage-xemose-huile-lavante-1l","status":"publish","type":"product","link":"https:\/\/parapharmacieenligne.ma\/en\/product\/uriage-xemose-huile-lavante-1l\/","title":{"rendered":"Uriage Xemose Huile lavante 1L"},"content":{"rendered":"<div aria-labelledby=\"tab-title-description\" class=\"woocommerce-Tabs-panel woocommerce-Tabs-panel--description panel entry-content wc-tab\" id=\"tab-description\" role=\"tabpanel\" style=\"\">\n<h2>Description<\/h2>\n<h2 class=\"section-title\">Description :<\/h2>\n<p>Uriage X\u00e9mose Huile Lavante Apaisante 500 ml est une huile qui prot\u00e8ge contre le dess\u00e8chement cutan\u00e9 et apaise les d\u00e9mangeaisons du visage et du corps.<\/p>\n<p>Elle nettoie, apaise, adoucit et prot\u00e8ge les peaux s\u00e8ches \u00e0 tr\u00e8s s\u00e8ches et les peaux \u00e0 tendance atopique de toute la famille.<\/p>\n<p>L\u2019huile forme une mousse fine et cr\u00e9meuse, au contact de l\u2019eau, pour nettoyer tout en douceur. Riche en agents doux surgraissants pour prot\u00e9ger la peau des effets dess\u00e9chants de l\u2019eau (calcaire), sa formule contient de l\u2019Eau Thermale riche en sel min\u00e9raux et oligo-\u00e9l\u00e9ments, permettant ainsi d\u2019apaiser les sensations d\u2019inconfort et de r\u00e9duire l\u2019envie de grattage.<\/p>\n<p>La peau est hydrat\u00e9e, souple et confortable.<\/p>\n<p>Sans parfum. Sans savon. Hypoallerg\u00e9nique.<\/p>\n<p>Fabriqu\u00e9 en France.<\/p>\n<p><strong>CONSEIL D\u2019UTILISATION<\/strong><\/p>\n<p>Appliquer par de l\u00e9gers massages sur une peau mouill\u00e9e. Rincer et s\u00e9cher sans frotter.<\/p>\n<p><strong>Indication<\/strong> : Nettoyer les peaux tr\u00e8s s\u00e8ches \u00e0 tendance atopique. B\u00e9b\u00e9s, enfants, adultes. Visage et corps.<\/p>\n<p><strong>COMPOSITION<\/strong><\/p>\n<p>Aqua (Water\/Eau), Glycerin, Hydrogenated Starch Hydrolysate, Sodium Cocoamphoacetate, PEG-7 Glyceryl Cocoate, Sodium Cocoyl Glutamate, Sodium Laureth Sulfate, Sodium Laureth-8 Sulfate, Ceteareth-60 Myristyl Glycol, Polysorbate 20, Coco-Glucoside, Glyceryl Oleate, Sodium Chloride, Citric Acid, Magnesium Laureth Sulfate, Sodium Oleth Sulfate, Polyquaternium-10, Magnesium Laureth-8 Sulfate, PEG-75 Shea Butter Glycerides, Magnesium Oleth Sulfate, Sodium Acetate, Brassica Campestris (Rapeseed) Sterols, Rapsberry Seed Oil\/Palm Oil Aminopropanediol Esters.<\/p>\n<\/p><\/div>","protected":false},"excerpt":{"rendered":"<p>Highlights:Lait corporel \u00e9claircissant<\/p>","protected":false},"featured_media":9748,"comment_status":"open","ping_status":"closed","template":"","meta":[],"product_cat":[85],"product_tag":[],"yith_product_brand":[133],"class_list":{"0":"post-9678","1":"product","2":"type-product","3":"status-publish","4":"has-post-thumbnail","6":"product_cat-soins-corps","7":"yith_product_brand-uriage","9":"first","10":"instock","11":"sale","12":"shipping-taxable","13":"purchasable","14":"product-type-simple"},"_links":{"self":[{"href":"https:\/\/parapharmacieenligne.ma\/en\/wp-json\/wp\/v2\/product\/9678","targetHints":{"allow":["GET"]}}],"collection":[{"href":"https:\/\/parapharmacieenligne.ma\/en\/wp-json\/wp\/v2\/product"}],"about":[{"href":"https:\/\/parapharmacieenligne.ma\/en\/wp-json\/wp\/v2\/types\/product"}],"replies":[{"embeddable":true,"href":"https:\/\/parapharmacieenligne.ma\/en\/wp-json\/wp\/v2\/comments?post=9678"}],"version-history":[{"count":1,"href":"https:\/\/parapharmacieenligne.ma\/en\/wp-json\/wp\/v2\/product\/9678\/revisions"}],"predecessor-version":[{"id":9749,"href":"https:\/\/parapharmacieenligne.ma\/en\/wp-json\/wp\/v2\/product\/9678\/revisions\/9749"}],"wp:featuredmedia":[{"embeddable":true,"href":"https:\/\/parapharmacieenligne.ma\/en\/wp-json\/wp\/v2\/media\/9748"}],"wp:attachment":[{"href":"https:\/\/parapharmacieenligne.ma\/en\/wp-json\/wp\/v2\/media?parent=9678"}],"wp:term":[{"taxonomy":"product_cat","embeddable":true,"href":"https:\/\/parapharmacieenligne.ma\/en\/wp-json\/wp\/v2\/product_cat?post=9678"},{"taxonomy":"product_tag","embeddable":true,"href":"https:\/\/parapharmacieenligne.ma\/en\/wp-json\/wp\/v2\/product_tag?post=9678"},{"taxonomy":"yith_product_brand","embeddable":true,"href":"https:\/\/parapharmacieenligne.ma\/en\/wp-json\/wp\/v2\/yith_product_brand?post=9678"}],"curies":[{"name":"wp","href":"https:\/\/api.w.org\/{rel}","templated":true}]}}