{"id":9679,"date":"2026-01-26T17:03:30","date_gmt":"2026-01-26T16:03:30","guid":{"rendered":"https:\/\/parapharmacieenligne.ma\/?post_type=product&#038;p=9679"},"modified":"2026-03-31T22:47:43","modified_gmt":"2026-03-31T20:47:43","slug":"uriage-hyseac-3regul-soin-global-40-ml","status":"publish","type":"product","link":"https:\/\/parapharmacieenligne.ma\/en\/product\/uriage-hyseac-3regul-soin-global-40-ml\/","title":{"rendered":"URIAGE HYSEAC 3REGUL SOIN GLOBAL 40 ML"},"content":{"rendered":"<div aria-labelledby=\"tab-title-description\" class=\"woocommerce-Tabs-panel woocommerce-Tabs-panel--description panel entry-content wc-tab\" id=\"tab-description\" role=\"tabpanel\" style=\"\">\n<h2>Description<\/h2>\n<p>Probl\u00e9matique sp\u00e9cifique<br \/>\n Soins peaux mixtes \u00e0 grasses \u00e0 tendance acn\u00e9ique<\/p>\n<p>B\u00e9n\u00e9fice produit<br \/>\n Ce soin global \u00ab tout en un \u00bb favorise l\u2019\u00e9limination des d\u00e9fauts cutan\u00e9s (boutons, points noirs, brillances) et laisse la peau nette et matifi\u00e9e.<\/p>\n<p>Limite les imperfections<br \/>\n Il limite les boutons et les points noirs gr\u00e2ce \u00e0 un complexe d\u2019actifs performants et \u00e0 l\u2019Eau Thermale d\u2019Uriage.<\/p>\n<p>Affine le grain de peau<br \/>\n Il lisse significativement le grain de peau et resserre les pores.<\/p>\n<p>Matifie<br \/>\n Il limite l\u2019exc\u00e8s de s\u00e9bum, source de nouvelles imperfections gr\u00e2ce \u00e0 l\u2019extrait de Licorice.<\/p>\n<p>Caract\u00e9ristiques<br \/>\n Eau Thermale d\u2019Uriage \u2014 MPA-REGUL \u2013 Nouveau brevet \u2014 TLR2-REGUL \u2014 Licorice \u2014 Complexe AHA et BHA \u2014 Piroctone Olamine \u2014 Pore-refinyl \u2014 Test\u00e9 sous contr\u00f4le dermatologique \u2014 Non com\u00e9dog\u00e8ne \u2014 Oil-free<\/p>\n<p>Conseil d\u2019utilisation<br \/>\n Appliquer matin et\/ou soir sur une peau parfaitement nettoy\u00e9e et s\u00e9ch\u00e9e.<br \/>\n Eviter le contact avec les yeux.<br \/>\n Test\u00e9 sur peaux \u00e0 tendance acn\u00e9ique. Permet le maquillage et convient aux filles et aux gar\u00e7ons<br \/>\n Usage quotidien<\/p>\n<\/p><\/div>","protected":false},"excerpt":{"rendered":"<p>Highlights:Soin Global d\u2019Attaque pour la prise en charge de l\u2019Acn\u00e9 Mixte : Boutons + Points NoirsMoins de cicatricesMoins de rebonds<\/p>","protected":false},"featured_media":9750,"comment_status":"open","ping_status":"closed","template":"","meta":[],"product_cat":[206,83],"product_tag":[],"yith_product_brand":[133],"class_list":{"0":"post-9679","1":"product","2":"type-product","3":"status-publish","4":"has-post-thumbnail","6":"product_cat-acne","7":"product_cat-soins-visage","8":"yith_product_brand-uriage","10":"first","11":"instock","12":"sale","13":"shipping-taxable","14":"purchasable","15":"product-type-simple"},"_links":{"self":[{"href":"https:\/\/parapharmacieenligne.ma\/en\/wp-json\/wp\/v2\/product\/9679","targetHints":{"allow":["GET"]}}],"collection":[{"href":"https:\/\/parapharmacieenligne.ma\/en\/wp-json\/wp\/v2\/product"}],"about":[{"href":"https:\/\/parapharmacieenligne.ma\/en\/wp-json\/wp\/v2\/types\/product"}],"replies":[{"embeddable":true,"href":"https:\/\/parapharmacieenligne.ma\/en\/wp-json\/wp\/v2\/comments?post=9679"}],"version-history":[{"count":2,"href":"https:\/\/parapharmacieenligne.ma\/en\/wp-json\/wp\/v2\/product\/9679\/revisions"}],"predecessor-version":[{"id":19113,"href":"https:\/\/parapharmacieenligne.ma\/en\/wp-json\/wp\/v2\/product\/9679\/revisions\/19113"}],"wp:featuredmedia":[{"embeddable":true,"href":"https:\/\/parapharmacieenligne.ma\/en\/wp-json\/wp\/v2\/media\/9750"}],"wp:attachment":[{"href":"https:\/\/parapharmacieenligne.ma\/en\/wp-json\/wp\/v2\/media?parent=9679"}],"wp:term":[{"taxonomy":"product_cat","embeddable":true,"href":"https:\/\/parapharmacieenligne.ma\/en\/wp-json\/wp\/v2\/product_cat?post=9679"},{"taxonomy":"product_tag","embeddable":true,"href":"https:\/\/parapharmacieenligne.ma\/en\/wp-json\/wp\/v2\/product_tag?post=9679"},{"taxonomy":"yith_product_brand","embeddable":true,"href":"https:\/\/parapharmacieenligne.ma\/en\/wp-json\/wp\/v2\/yith_product_brand?post=9679"}],"curies":[{"name":"wp","href":"https:\/\/api.w.org\/{rel}","templated":true}]}}