{"id":9681,"date":"2026-01-26T17:03:33","date_gmt":"2026-01-26T16:03:33","guid":{"rendered":"https:\/\/parapharmacieenligne.ma\/?post_type=product&#038;p=9681"},"modified":"2026-03-30T21:55:15","modified_gmt":"2026-03-30T19:55:15","slug":"uriage-hyseac-masque-gommant-100-ml","status":"publish","type":"product","link":"https:\/\/parapharmacieenligne.ma\/en\/product\/uriage-hyseac-masque-gommant-100-ml\/","title":{"rendered":"URIAGE HYSEAC MASQUE GOMMANT 100 ML"},"content":{"rendered":"<div aria-labelledby=\"tab-title-description\" class=\"woocommerce-Tabs-panel woocommerce-Tabs-panel--description panel entry-content wc-tab\" id=\"tab-description\" role=\"tabpanel\" style=\"\">\n<h2>Description<\/h2>\n<p>Probl\u00e9matique sp\u00e9cifique<br \/>\n Soins peaux mixtes<\/p>\n<p>B\u00e9n\u00e9fice produit<br \/>\n Le Masque Gommant permet une utilisation \u00ab \u00e0 la carte \u00bb : l\u2019efficacit\u00e9 absorbante d\u2019un masque et l\u2019action exfoliante d\u2019un gommage pour un double effet sur la peau. Ce soin allie plaisir et douceur gr\u00e2ce \u00e0 ses micro-billes qui n\u2019agressent pas la peau.<\/p>\n<p>Absorbe les impuret\u00e9s<br \/>\n Ses actifs absorbent les impuret\u00e9s pour un teint net et purifi\u00e9.<\/p>\n<p>Lisse le grain de peau<br \/>\n Ce soin lisse la peau et lui donne de l\u2019\u00e9clat tout en y laissant un l\u00e9ger parfum caract\u00e9ristique de la gamme HYS\u00c9AC.<\/p>\n<p>Caract\u00e9ristiques<br \/>\n Eau Thermale d\u2019Uriage<br \/>\n Kaolin<br \/>\n Esters d\u2019Acide malique<br \/>\n Glyc\u00e9rine<br \/>\n Test\u00e9 sous contr\u00f4le dermatologique<br \/>\n Non com\u00e9dog\u00e8ne<\/p>\n<p>Conseil d\u2019utilisation<br \/>\n En masque :<\/p>\n<p>Appliquer en fine couche sur le visage<br \/>\n Laissez agir 2 minutes puis rincer abondamment sans masser<br \/>\n Utiliser 1 \u00e0 2 fois par semaine<br \/>\n En gommage :<\/p>\n<p>Appliquer sur le visage humidifi\u00e9, massez en mouvements circulaires puis rincez<br \/>\n 2 fois par semaine<br \/>\n Evitez le contact avec les yeux, sinon, rincez abondamment \u00e0 l\u2019eau claire<\/p>\n<\/p><\/div>","protected":false},"excerpt":{"rendered":"<p>Highlights:Masque gommant<\/p>","protected":false},"featured_media":9754,"comment_status":"open","ping_status":"closed","template":"","meta":[],"product_cat":[206,83],"product_tag":[],"yith_product_brand":[133],"class_list":{"0":"post-9681","1":"product","2":"type-product","3":"status-publish","4":"has-post-thumbnail","6":"product_cat-acne","7":"product_cat-soins-visage","8":"yith_product_brand-uriage","10":"first","11":"instock","12":"sale","13":"shipping-taxable","14":"purchasable","15":"product-type-simple"},"_links":{"self":[{"href":"https:\/\/parapharmacieenligne.ma\/en\/wp-json\/wp\/v2\/product\/9681","targetHints":{"allow":["GET"]}}],"collection":[{"href":"https:\/\/parapharmacieenligne.ma\/en\/wp-json\/wp\/v2\/product"}],"about":[{"href":"https:\/\/parapharmacieenligne.ma\/en\/wp-json\/wp\/v2\/types\/product"}],"replies":[{"embeddable":true,"href":"https:\/\/parapharmacieenligne.ma\/en\/wp-json\/wp\/v2\/comments?post=9681"}],"version-history":[{"count":2,"href":"https:\/\/parapharmacieenligne.ma\/en\/wp-json\/wp\/v2\/product\/9681\/revisions"}],"predecessor-version":[{"id":19097,"href":"https:\/\/parapharmacieenligne.ma\/en\/wp-json\/wp\/v2\/product\/9681\/revisions\/19097"}],"wp:featuredmedia":[{"embeddable":true,"href":"https:\/\/parapharmacieenligne.ma\/en\/wp-json\/wp\/v2\/media\/9754"}],"wp:attachment":[{"href":"https:\/\/parapharmacieenligne.ma\/en\/wp-json\/wp\/v2\/media?parent=9681"}],"wp:term":[{"taxonomy":"product_cat","embeddable":true,"href":"https:\/\/parapharmacieenligne.ma\/en\/wp-json\/wp\/v2\/product_cat?post=9681"},{"taxonomy":"product_tag","embeddable":true,"href":"https:\/\/parapharmacieenligne.ma\/en\/wp-json\/wp\/v2\/product_tag?post=9681"},{"taxonomy":"yith_product_brand","embeddable":true,"href":"https:\/\/parapharmacieenligne.ma\/en\/wp-json\/wp\/v2\/yith_product_brand?post=9681"}],"curies":[{"name":"wp","href":"https:\/\/api.w.org\/{rel}","templated":true}]}}