{"id":9682,"date":"2026-01-26T17:03:34","date_gmt":"2026-01-26T16:03:34","guid":{"rendered":"https:\/\/parapharmacieenligne.ma\/?post_type=product&#038;p=9682"},"modified":"2026-01-26T17:06:27","modified_gmt":"2026-01-26T16:06:27","slug":"uriage-eau-thermale-soin-deau-contour-des-yeux-15-ml","status":"publish","type":"product","link":"https:\/\/parapharmacieenligne.ma\/en\/product\/uriage-eau-thermale-soin-deau-contour-des-yeux-15-ml\/","title":{"rendered":"Uriage \u2013 Eau Thermale \u2013 Soin d\u2019Eau Contour des Yeux \u2013 15 ml"},"content":{"rendered":"<div aria-labelledby=\"tab-title-description\" class=\"woocommerce-Tabs-panel woocommerce-Tabs-panel--description panel entry-content wc-tab\" id=\"tab-description\" role=\"tabpanel\" style=\"\">\n<h2>Description<\/h2>\n<p>Probl\u00e9matique sp\u00e9cifique<br \/>\n Contour de l\u2019\u0153il des peaux sensibles d\u00e9shydrat\u00e9es<\/p>\n<p>B\u00e9n\u00e9fice produit<br \/>\n L\u2019effet d\u00e9froissant de ce Soin d\u2019Eau diminue l\u2019apparence des ridules de d\u00e9shydratation. L\u2019apparence des cernes est r\u00e9duite tout en conf\u00e9rant une sensation de fra\u00eecheur. Ce soin hydrate l\u2019\u00e9piderme d\u00e9licat du contour des yeux.<\/p>\n<p>R\u00e9g\u00e9n\u00e8re l\u2019hydratation de la peau:<br \/>\n Ce Soin d\u2019Eau Contour des Yeux enrichi en Eau Thermale d\u2019Uriage aide \u00e0 reconstruire la barri\u00e8re cutan\u00e9e pour maintenir un taux d\u2019hydratation optimal.<\/p>\n<p>Optimise l\u2019hydratation en continu de l\u2019\u00e9piderme et R\u00e9veille l\u2019\u00e9clat du regard:<br \/>\n Permet de reformer un film de surface et de lib\u00e9rer progressivement les agents hydratants contenus dans le Soin d\u2019Eau Contour des Yeux. Sa texture fra\u00eeche illumine et d\u00e9fatigue instantan\u00e9ment le contour de l\u2019\u0153il.<\/p>\n<p>Restaure l\u2019effet barri\u00e8re de la peau et limiter sa d\u00e9shydratation:<br \/>\n Agit sur la reconstruction du ciment corn\u00e9ocytaire pour booster durablement l\u2019hydratation.<\/p>\n<p>Caract\u00e9ristiques<br \/>\n Complexe Hydro-Thermal \u2014 Sulfate de Dextran \u2014 Test\u00e9 sous contr\u00f4le dermatologique \u2014 Non parfum\u00e9<\/p>\n<p>Conseil d\u2019utilisation<br \/>\n Appliquer le soin matin et\/ou soir avant le maquillage, par l\u00e9gers tapotements sur tout le contour de l\u2019\u0153il. S\u2019\u00e9tale facilement, pas d\u2019effet collant.<br \/>\n Convient aux porteurs de lentilles<\/p>\n<\/p><\/div>","protected":false},"excerpt":{"rendered":"<p>Highlights:Gel d\u00e9fatigant hydratant Contour des Yeux, Anti-Cernes, Anti-Poches<\/p>","protected":false},"featured_media":9756,"comment_status":"open","ping_status":"closed","template":"","meta":[],"product_cat":[83],"product_tag":[],"yith_product_brand":[133],"class_list":{"0":"post-9682","1":"product","2":"type-product","3":"status-publish","4":"has-post-thumbnail","6":"product_cat-soins-visage","7":"yith_product_brand-uriage","9":"first","10":"instock","11":"sale","12":"shipping-taxable","13":"purchasable","14":"product-type-simple"},"_links":{"self":[{"href":"https:\/\/parapharmacieenligne.ma\/en\/wp-json\/wp\/v2\/product\/9682","targetHints":{"allow":["GET"]}}],"collection":[{"href":"https:\/\/parapharmacieenligne.ma\/en\/wp-json\/wp\/v2\/product"}],"about":[{"href":"https:\/\/parapharmacieenligne.ma\/en\/wp-json\/wp\/v2\/types\/product"}],"replies":[{"embeddable":true,"href":"https:\/\/parapharmacieenligne.ma\/en\/wp-json\/wp\/v2\/comments?post=9682"}],"version-history":[{"count":1,"href":"https:\/\/parapharmacieenligne.ma\/en\/wp-json\/wp\/v2\/product\/9682\/revisions"}],"predecessor-version":[{"id":9757,"href":"https:\/\/parapharmacieenligne.ma\/en\/wp-json\/wp\/v2\/product\/9682\/revisions\/9757"}],"wp:featuredmedia":[{"embeddable":true,"href":"https:\/\/parapharmacieenligne.ma\/en\/wp-json\/wp\/v2\/media\/9756"}],"wp:attachment":[{"href":"https:\/\/parapharmacieenligne.ma\/en\/wp-json\/wp\/v2\/media?parent=9682"}],"wp:term":[{"taxonomy":"product_cat","embeddable":true,"href":"https:\/\/parapharmacieenligne.ma\/en\/wp-json\/wp\/v2\/product_cat?post=9682"},{"taxonomy":"product_tag","embeddable":true,"href":"https:\/\/parapharmacieenligne.ma\/en\/wp-json\/wp\/v2\/product_tag?post=9682"},{"taxonomy":"yith_product_brand","embeddable":true,"href":"https:\/\/parapharmacieenligne.ma\/en\/wp-json\/wp\/v2\/yith_product_brand?post=9682"}],"curies":[{"name":"wp","href":"https:\/\/api.w.org\/{rel}","templated":true}]}}