{"id":9683,"date":"2026-01-26T17:03:34","date_gmt":"2026-01-26T16:03:34","guid":{"rendered":"https:\/\/parapharmacieenligne.ma\/?post_type=product&#038;p=9683"},"modified":"2026-01-26T17:06:29","modified_gmt":"2026-01-26T16:06:29","slug":"uriage-bebe-1eres-lingettes-nettoyantes-70","status":"publish","type":"product","link":"https:\/\/parapharmacieenligne.ma\/en\/product\/uriage-bebe-1eres-lingettes-nettoyantes-70\/","title":{"rendered":"Uriage B\u00e9b\u00e9 \u2013 1\u00e8res lingettes nettoyantes *70"},"content":{"rendered":"<div aria-labelledby=\"tab-title-description\" class=\"woocommerce-Tabs-panel woocommerce-Tabs-panel--description panel entry-content wc-tab\" id=\"tab-description\" role=\"tabpanel\" style=\"\">\n<h2>Description<\/h2>\n<p>Probl\u00e9matique sp\u00e9cifique<br \/>\n Tous types de peaux<\/p>\n<p>B\u00e9n\u00e9fice produit<br \/>\n \u00c0 base d\u2019Eau Thermale d\u2019Uriage, ces lingettes douceur nettoient en douceur les peaux d\u00e9licates des b\u00e9b\u00e9s sans risque d\u2019irritation.<\/p>\n<p>Nettoient<br \/>\n Sa base nettoyante ultra-douce permet d\u2019\u00e9liminer en douceur les impuret\u00e9s et les salissures, sans rin\u00e7age.<\/p>\n<p>Apaisent et adoucissent<br \/>\n Enrichies en Aloe Vera et en Eau Thermale d\u2019Uriage, elles laissent la peau douce et agr\u00e9ablement parfum\u00e9e.<\/p>\n<p>Caract\u00e9ristiques<br \/>\n Haute concentration en Eau Thermale \u2014 Ne dess\u00e8che pas la peau \u2014 Laisse un peau douce, apais\u00e9e et agr\u00e9ablement parfum\u00e9e \u2014 Parfum doudou<\/p>\n<p>Conseil d\u2019utilisation<br \/>\n Bien refermer le sachet apr\u00e8s utilisation pour une meilleure conservation du produit.<br \/>\n Ne pas stocker pr\u00e8s d\u2019une source de chaleur.<\/p>\n<\/p><\/div>","protected":false},"excerpt":{"rendered":"<p>Highlights:Lingettes nettoyantes Extra-douces<\/p>","protected":false},"featured_media":9758,"comment_status":"open","ping_status":"closed","template":"","meta":[],"product_cat":[87],"product_tag":[],"yith_product_brand":[133],"class_list":{"0":"post-9683","1":"product","2":"type-product","3":"status-publish","4":"has-post-thumbnail","6":"product_cat-bebe-et-maman","7":"yith_product_brand-uriage","9":"first","10":"instock","11":"sale","12":"shipping-taxable","13":"purchasable","14":"product-type-simple"},"_links":{"self":[{"href":"https:\/\/parapharmacieenligne.ma\/en\/wp-json\/wp\/v2\/product\/9683","targetHints":{"allow":["GET"]}}],"collection":[{"href":"https:\/\/parapharmacieenligne.ma\/en\/wp-json\/wp\/v2\/product"}],"about":[{"href":"https:\/\/parapharmacieenligne.ma\/en\/wp-json\/wp\/v2\/types\/product"}],"replies":[{"embeddable":true,"href":"https:\/\/parapharmacieenligne.ma\/en\/wp-json\/wp\/v2\/comments?post=9683"}],"version-history":[{"count":1,"href":"https:\/\/parapharmacieenligne.ma\/en\/wp-json\/wp\/v2\/product\/9683\/revisions"}],"predecessor-version":[{"id":9759,"href":"https:\/\/parapharmacieenligne.ma\/en\/wp-json\/wp\/v2\/product\/9683\/revisions\/9759"}],"wp:featuredmedia":[{"embeddable":true,"href":"https:\/\/parapharmacieenligne.ma\/en\/wp-json\/wp\/v2\/media\/9758"}],"wp:attachment":[{"href":"https:\/\/parapharmacieenligne.ma\/en\/wp-json\/wp\/v2\/media?parent=9683"}],"wp:term":[{"taxonomy":"product_cat","embeddable":true,"href":"https:\/\/parapharmacieenligne.ma\/en\/wp-json\/wp\/v2\/product_cat?post=9683"},{"taxonomy":"product_tag","embeddable":true,"href":"https:\/\/parapharmacieenligne.ma\/en\/wp-json\/wp\/v2\/product_tag?post=9683"},{"taxonomy":"yith_product_brand","embeddable":true,"href":"https:\/\/parapharmacieenligne.ma\/en\/wp-json\/wp\/v2\/yith_product_brand?post=9683"}],"curies":[{"name":"wp","href":"https:\/\/api.w.org\/{rel}","templated":true}]}}