{"id":9685,"date":"2026-01-26T17:03:35","date_gmt":"2026-01-26T16:03:35","guid":{"rendered":"https:\/\/parapharmacieenligne.ma\/?post_type=product&#038;p=9685"},"modified":"2026-01-26T17:06:35","modified_gmt":"2026-01-26T16:06:35","slug":"uriage-xemose-huile-lavante-apaisante-500-ml","status":"publish","type":"product","link":"https:\/\/parapharmacieenligne.ma\/en\/product\/uriage-xemose-huile-lavante-apaisante-500-ml\/","title":{"rendered":"Uriage \u2013 Xemose \u2013 Huile Lavante Apaisante \u2013 500 ml"},"content":{"rendered":"<div aria-labelledby=\"tab-title-description\" class=\"woocommerce-Tabs-panel woocommerce-Tabs-panel--description panel entry-content wc-tab\" id=\"tab-description\" role=\"tabpanel\" style=\"\">\n<h2>Description<\/h2>\n<p>Probl\u00e9matique sp\u00e9cifique<br \/>\n Huile lavante apaisante pour les peaux s\u00e8ches \u00e0 tr\u00e8s s\u00e8ches, \u00e0 tendance atopique, pour le bain et la douche<\/p>\n<p>B\u00e9n\u00e9fice produit<br \/>\n Cette huile lavante prot\u00e8ge contre le dess\u00e8chement cutan\u00e9 et apaise les sensations de d\u00e9mangeaisons. Sa mousse fine et extra-douce apporte un confort imm\u00e9diat et durable pour les peaux s\u00e8ches \u00e0 tr\u00e8s s\u00e8ches.<\/p>\n<p>Nourrit<br \/>\n Gr\u00e2ce \u00e0 sa haute concentration en glyc\u00e9rine, l\u2019huile X\u00e9mose laisse un film protecteur non gras qui prot\u00e8ge la peau des agressions ext\u00e9rieures.<\/p>\n<p>Apaise<br \/>\n Riche en d\u00e9riv\u00e9 de beurre de karit\u00e9, elle apaise et soulage les sensations de d\u00e9mangeaisons, tiraillements et inconfort.<\/p>\n<p>Caract\u00e9ristiques<br \/>\n Glyc\u00e9rine \u2014 D\u00e9riv\u00e9 de beurre de karit\u00e9 \u2014 Sans savon \u2014 Non parfum\u00e9 \u2014 Test\u00e9 sous contr\u00f4le dermatologique<\/p>\n<p>Conseil d\u2019utilisation<br \/>\n Appliquer et faire mousser sur une peau mouill\u00e9e, rincer et s\u00e9cher d\u00e9licatement.Ne glisse pas.<\/p>\n<\/p><\/div>","protected":false},"excerpt":{"rendered":"<p>Highlights:Huile de douche ou bain, Nettoie en Douceur, Apaise les tiraillements, Relipide, Prot\u00e8ge contre le calcaire<\/p>","protected":false},"featured_media":9762,"comment_status":"open","ping_status":"closed","template":"","meta":[],"product_cat":[85],"product_tag":[],"yith_product_brand":[133],"class_list":{"0":"post-9685","1":"product","2":"type-product","3":"status-publish","4":"has-post-thumbnail","6":"product_cat-soins-corps","7":"yith_product_brand-uriage","9":"first","10":"instock","11":"sale","12":"shipping-taxable","13":"purchasable","14":"product-type-simple"},"_links":{"self":[{"href":"https:\/\/parapharmacieenligne.ma\/en\/wp-json\/wp\/v2\/product\/9685","targetHints":{"allow":["GET"]}}],"collection":[{"href":"https:\/\/parapharmacieenligne.ma\/en\/wp-json\/wp\/v2\/product"}],"about":[{"href":"https:\/\/parapharmacieenligne.ma\/en\/wp-json\/wp\/v2\/types\/product"}],"replies":[{"embeddable":true,"href":"https:\/\/parapharmacieenligne.ma\/en\/wp-json\/wp\/v2\/comments?post=9685"}],"version-history":[{"count":1,"href":"https:\/\/parapharmacieenligne.ma\/en\/wp-json\/wp\/v2\/product\/9685\/revisions"}],"predecessor-version":[{"id":9763,"href":"https:\/\/parapharmacieenligne.ma\/en\/wp-json\/wp\/v2\/product\/9685\/revisions\/9763"}],"wp:featuredmedia":[{"embeddable":true,"href":"https:\/\/parapharmacieenligne.ma\/en\/wp-json\/wp\/v2\/media\/9762"}],"wp:attachment":[{"href":"https:\/\/parapharmacieenligne.ma\/en\/wp-json\/wp\/v2\/media?parent=9685"}],"wp:term":[{"taxonomy":"product_cat","embeddable":true,"href":"https:\/\/parapharmacieenligne.ma\/en\/wp-json\/wp\/v2\/product_cat?post=9685"},{"taxonomy":"product_tag","embeddable":true,"href":"https:\/\/parapharmacieenligne.ma\/en\/wp-json\/wp\/v2\/product_tag?post=9685"},{"taxonomy":"yith_product_brand","embeddable":true,"href":"https:\/\/parapharmacieenligne.ma\/en\/wp-json\/wp\/v2\/yith_product_brand?post=9685"}],"curies":[{"name":"wp","href":"https:\/\/api.w.org\/{rel}","templated":true}]}}