{"id":9696,"date":"2026-01-26T17:04:09","date_gmt":"2026-01-26T16:04:09","guid":{"rendered":"https:\/\/parapharmacieenligne.ma\/?post_type=product&#038;p=9696"},"modified":"2026-03-31T18:31:37","modified_gmt":"2026-03-31T16:31:37","slug":"uriage-hyseac-tonique-purifiant-250ml","status":"publish","type":"product","link":"https:\/\/parapharmacieenligne.ma\/en\/product\/uriage-hyseac-tonique-purifiant-250ml\/","title":{"rendered":"URIAGE \u2013 HYSEAC \u2013 TONIQUE PURIFIANT 250ml"},"content":{"rendered":"<div aria-labelledby=\"tab-title-description\" class=\"woocommerce-Tabs-panel woocommerce-Tabs-panel--description panel entry-content wc-tab\" id=\"tab-description\" role=\"tabpanel\" style=\"\">\n<h2>Description<\/h2>\n<p>Son application express ultra-fra\u00eeche combin\u00e9e \u00e0 son excellente tol\u00e9rance. Le tout dans un grand Format !<\/p>\n<p><strong>PURIFIE ET RESSERRE LES PORES :<\/strong> Sa formule int\u00e8gre un Extrait V\u00e9g\u00e9tal Pore Refiner pour purifier la peau et resserrer visiblement les pores.<\/p>\n<p><strong>AFFINE LE GRAIN DE PEAU :<\/strong> Gr\u00e2ce \u00e0 un trio d\u2019acides micro-exfoliants [Glycolique, Malique et Lactique] la peau est plus lisse et nette.<\/p>\n<p><strong>ELIMINE LES BRILLANCES :<\/strong> Sa texture eau tonifiante fra\u00eeche r\u00e9duit les brillances. La peau reste matifi\u00e9e toute la journ\u00e9e, le teint est net et frais.<\/p>\n<div class=\"accordions\">\n<div class=\"accordions__entry bullet-list\">\n<p><strong>Caract\u00e9ristiques :<\/strong><\/p>\n<ul>\n<li>Complexe d\u2019AHA 2,9% (Lactique, Malique, Glycolique)<\/li>\n<li>Extrait V\u00e9g\u00e9tal Pore Refiner<\/li>\n<li>Eau Thermale d\u2019Uriage<\/li>\n<\/ul><\/div>\n<\/p><\/div>\n<div class=\"gadget-primary\">\n<p class=\"gadget__title\"><strong>Conseils d\u2019utilisation :<\/strong><\/p>\n<div class=\"gadget__body-alt bullet-list\">\n<ul>\n<li>S\u2019utilise apr\u00e8s le nettoyage et avant l\u2019application du soin quotidien : Appliquer la lotion sur un coton \u00e0 passer sur l\u2019ensemble du visage, en insistant sur la zone T et le front.<\/li>\n<li>Eviter le contour des yeux.<\/li>\n<li>Sans rin\u00e7age.<\/li>\n<li>1 fois par jour.<\/li>\n<\/ul><\/div>\n<\/p><\/div>\n<\/p><\/div>\n","protected":false},"excerpt":{"rendered":"<p>Highlights:Ce tonique purifiant resserre les pores, matifie et affine le grain de peau sans ass\u00e9cher la peau. Haute tol\u00e9rance.Efficacit\u00e9 prouv\u00e9e sur peaux \u00e0 tendance acn\u00e9ique.<\/p>","protected":false},"featured_media":9772,"comment_status":"open","ping_status":"closed","template":"","meta":[],"product_cat":[206,83],"product_tag":[],"yith_product_brand":[133],"class_list":{"0":"post-9696","1":"product","2":"type-product","3":"status-publish","4":"has-post-thumbnail","6":"product_cat-acne","7":"product_cat-soins-visage","8":"yith_product_brand-uriage","10":"first","11":"instock","12":"sale","13":"shipping-taxable","14":"purchasable","15":"product-type-simple"},"_links":{"self":[{"href":"https:\/\/parapharmacieenligne.ma\/en\/wp-json\/wp\/v2\/product\/9696","targetHints":{"allow":["GET"]}}],"collection":[{"href":"https:\/\/parapharmacieenligne.ma\/en\/wp-json\/wp\/v2\/product"}],"about":[{"href":"https:\/\/parapharmacieenligne.ma\/en\/wp-json\/wp\/v2\/types\/product"}],"replies":[{"embeddable":true,"href":"https:\/\/parapharmacieenligne.ma\/en\/wp-json\/wp\/v2\/comments?post=9696"}],"version-history":[{"count":1,"href":"https:\/\/parapharmacieenligne.ma\/en\/wp-json\/wp\/v2\/product\/9696\/revisions"}],"predecessor-version":[{"id":9773,"href":"https:\/\/parapharmacieenligne.ma\/en\/wp-json\/wp\/v2\/product\/9696\/revisions\/9773"}],"wp:featuredmedia":[{"embeddable":true,"href":"https:\/\/parapharmacieenligne.ma\/en\/wp-json\/wp\/v2\/media\/9772"}],"wp:attachment":[{"href":"https:\/\/parapharmacieenligne.ma\/en\/wp-json\/wp\/v2\/media?parent=9696"}],"wp:term":[{"taxonomy":"product_cat","embeddable":true,"href":"https:\/\/parapharmacieenligne.ma\/en\/wp-json\/wp\/v2\/product_cat?post=9696"},{"taxonomy":"product_tag","embeddable":true,"href":"https:\/\/parapharmacieenligne.ma\/en\/wp-json\/wp\/v2\/product_tag?post=9696"},{"taxonomy":"yith_product_brand","embeddable":true,"href":"https:\/\/parapharmacieenligne.ma\/en\/wp-json\/wp\/v2\/yith_product_brand?post=9696"}],"curies":[{"name":"wp","href":"https:\/\/api.w.org\/{rel}","templated":true}]}}