{"id":9697,"date":"2026-01-26T17:04:10","date_gmt":"2026-01-26T16:04:10","guid":{"rendered":"https:\/\/parapharmacieenligne.ma\/?post_type=product&#038;p=9697"},"modified":"2026-01-26T17:06:52","modified_gmt":"2026-01-26T16:06:52","slug":"uriage-huile-lavante-500-ml","status":"publish","type":"product","link":"https:\/\/parapharmacieenligne.ma\/en\/product\/uriage-huile-lavante-500-ml\/","title":{"rendered":"Uriage \u2013 Huile lavante \u2013 500 ml"},"content":{"rendered":"<div aria-labelledby=\"tab-title-description\" class=\"woocommerce-Tabs-panel woocommerce-Tabs-panel--description panel entry-content wc-tab\" id=\"tab-description\" role=\"tabpanel\" style=\"\">\n<h2>Description<\/h2>\n<p>Probl\u00e9matique sp\u00e9cifique<br \/>\n Soins peaux sensibles<\/p>\n<p>B\u00e9n\u00e9fice produit<br \/>\n L\u2019huile lavante est un soin d\u2019hygi\u00e8ne quotidien agr\u00e9ablement parfum\u00e9 qui permet une hydratation optimale des couches sup\u00e9rieures de l\u2019\u00e9piderme tout en nettoyant votre peau.<\/p>\n<p>Nettoie<br \/>\n Sa base lavante douce sans savon nettoie la peau tout en douceur.<\/p>\n<p>Nourrit<br \/>\n Gr\u00e2ce \u00e0 sa texture gel-huile unique, elle d\u00e9pose un film protecteur sur la peau.<\/p>\n<p>Prot\u00e8ge<br \/>\n Grace \u00e0 ses agents doux surgraissants et l\u2019Eau Thermale d\u2019Uriage, elle prot\u00e8ge la peau des effets dess\u00e9chants de l\u2019eau calcaire.<\/p>\n<p>Caract\u00e9ristiques<br \/>\n Eau Thermale d\u2019Uriage \u2014 Glyc\u00e9rine \u2014 Actifs surgraissants \u2014 Base lavante douce \u2014 Test\u00e9 sous contr\u00f4le dermatologique \u2014 Sans savon \u2014 Test\u00e9 ophtalmologiquement<\/p>\n<p>Conseil d\u2019utilisation<br \/>\n Bien faire mousser sur une peau mouill\u00e9e puis rincer.<br \/>\n Usage quotidien<\/p>\n<\/p><\/div>","protected":false},"excerpt":{"rendered":"<p>Highlights:Huile nettoyante \u2013 Nettoie, Nourrit, Prot\u00e8ge \u2013 Douche et Bain \u2013 Visage et Corps<\/p>","protected":false},"featured_media":9774,"comment_status":"open","ping_status":"closed","template":"","meta":[],"product_cat":[85],"product_tag":[],"yith_product_brand":[133],"class_list":{"0":"post-9697","1":"product","2":"type-product","3":"status-publish","4":"has-post-thumbnail","6":"product_cat-soins-corps","7":"yith_product_brand-uriage","9":"first","10":"instock","11":"sale","12":"shipping-taxable","13":"purchasable","14":"product-type-simple"},"_links":{"self":[{"href":"https:\/\/parapharmacieenligne.ma\/en\/wp-json\/wp\/v2\/product\/9697","targetHints":{"allow":["GET"]}}],"collection":[{"href":"https:\/\/parapharmacieenligne.ma\/en\/wp-json\/wp\/v2\/product"}],"about":[{"href":"https:\/\/parapharmacieenligne.ma\/en\/wp-json\/wp\/v2\/types\/product"}],"replies":[{"embeddable":true,"href":"https:\/\/parapharmacieenligne.ma\/en\/wp-json\/wp\/v2\/comments?post=9697"}],"version-history":[{"count":1,"href":"https:\/\/parapharmacieenligne.ma\/en\/wp-json\/wp\/v2\/product\/9697\/revisions"}],"predecessor-version":[{"id":9775,"href":"https:\/\/parapharmacieenligne.ma\/en\/wp-json\/wp\/v2\/product\/9697\/revisions\/9775"}],"wp:featuredmedia":[{"embeddable":true,"href":"https:\/\/parapharmacieenligne.ma\/en\/wp-json\/wp\/v2\/media\/9774"}],"wp:attachment":[{"href":"https:\/\/parapharmacieenligne.ma\/en\/wp-json\/wp\/v2\/media?parent=9697"}],"wp:term":[{"taxonomy":"product_cat","embeddable":true,"href":"https:\/\/parapharmacieenligne.ma\/en\/wp-json\/wp\/v2\/product_cat?post=9697"},{"taxonomy":"product_tag","embeddable":true,"href":"https:\/\/parapharmacieenligne.ma\/en\/wp-json\/wp\/v2\/product_tag?post=9697"},{"taxonomy":"yith_product_brand","embeddable":true,"href":"https:\/\/parapharmacieenligne.ma\/en\/wp-json\/wp\/v2\/yith_product_brand?post=9697"}],"curies":[{"name":"wp","href":"https:\/\/api.w.org\/{rel}","templated":true}]}}