{"id":9705,"date":"2026-01-26T17:04:42","date_gmt":"2026-01-26T16:04:42","guid":{"rendered":"https:\/\/parapharmacieenligne.ma\/?post_type=product&#038;p=9705"},"modified":"2026-01-26T17:07:05","modified_gmt":"2026-01-26T16:07:05","slug":"uriage-ecran-extreme-90-spf-50ml","status":"publish","type":"product","link":"https:\/\/parapharmacieenligne.ma\/en\/product\/uriage-ecran-extreme-90-spf-50ml\/","title":{"rendered":"Uriage Ecran Extr\u00eame 90 Spf 50ml"},"content":{"rendered":"<div aria-labelledby=\"tab-title-description\" class=\"woocommerce-Tabs-panel woocommerce-Tabs-panel--description panel entry-content wc-tab\" id=\"tab-description\" role=\"tabpanel\" style=\"\">\n<h2>Description<\/h2>\n<p>Son complexe anti-UV associe des <strong>filtres solaires Haute Tol\u00e9rance<\/strong> pour convenir \u00e0 la peau sensible, les actifs <strong>hydratants<\/strong> assurent le maintien du taux d\u2019hydratation de la peau, les actifs <strong>antioxydants <\/strong>prot\u00e8gent la peau des radicaux libres et du vieillissement pr\u00e9matur\u00e9. Enfin, l\u2019<strong>eau thermale d\u2019Uriage<\/strong> conf\u00e8re \u00e0 cette cr\u00e8me solaire ses propri\u00e9t\u00e9s apaisantes, hydratantes et anti-radicalaires.<br \/>\n Sans octocryl\u00e8ne et sans paraben.<\/p>\n<p><strong>Conseils d\u2019utilisation :<\/strong><br \/>\n Appliquer la cr\u00e8me solaire Bari\u00e9sun avant toute exposition au soleil, sur le visage et le cou. Renouveler fr\u00e9quemment et g\u00e9n\u00e9reusement l\u2019application, notamment apr\u00e8s avoir nag\u00e9, transpir\u00e9 ou apr\u00e8s s\u2019\u00eatre essuy\u00e9.<\/p>\n<\/p><\/div>","protected":false},"excerpt":{"rendered":"<p>Highlights:Uriage Bari\u00e9sun Cr\u00e8me solaire visage SPF30est compos\u00e9e d\u2019une formule hypoallerg\u00e9nique, photostable et sans paraben pour le respect et la protection de la peau sensible.<\/p>","protected":false},"featured_media":9782,"comment_status":"open","ping_status":"closed","template":"","meta":[],"product_cat":[86],"product_tag":[],"yith_product_brand":[133],"class_list":{"0":"post-9705","1":"product","2":"type-product","3":"status-publish","4":"has-post-thumbnail","6":"product_cat-protection-solaire","7":"yith_product_brand-uriage","9":"first","10":"instock","11":"sale","12":"shipping-taxable","13":"purchasable","14":"product-type-simple"},"_links":{"self":[{"href":"https:\/\/parapharmacieenligne.ma\/en\/wp-json\/wp\/v2\/product\/9705","targetHints":{"allow":["GET"]}}],"collection":[{"href":"https:\/\/parapharmacieenligne.ma\/en\/wp-json\/wp\/v2\/product"}],"about":[{"href":"https:\/\/parapharmacieenligne.ma\/en\/wp-json\/wp\/v2\/types\/product"}],"replies":[{"embeddable":true,"href":"https:\/\/parapharmacieenligne.ma\/en\/wp-json\/wp\/v2\/comments?post=9705"}],"version-history":[{"count":1,"href":"https:\/\/parapharmacieenligne.ma\/en\/wp-json\/wp\/v2\/product\/9705\/revisions"}],"predecessor-version":[{"id":9783,"href":"https:\/\/parapharmacieenligne.ma\/en\/wp-json\/wp\/v2\/product\/9705\/revisions\/9783"}],"wp:featuredmedia":[{"embeddable":true,"href":"https:\/\/parapharmacieenligne.ma\/en\/wp-json\/wp\/v2\/media\/9782"}],"wp:attachment":[{"href":"https:\/\/parapharmacieenligne.ma\/en\/wp-json\/wp\/v2\/media?parent=9705"}],"wp:term":[{"taxonomy":"product_cat","embeddable":true,"href":"https:\/\/parapharmacieenligne.ma\/en\/wp-json\/wp\/v2\/product_cat?post=9705"},{"taxonomy":"product_tag","embeddable":true,"href":"https:\/\/parapharmacieenligne.ma\/en\/wp-json\/wp\/v2\/product_tag?post=9705"},{"taxonomy":"yith_product_brand","embeddable":true,"href":"https:\/\/parapharmacieenligne.ma\/en\/wp-json\/wp\/v2\/yith_product_brand?post=9705"}],"curies":[{"name":"wp","href":"https:\/\/api.w.org\/{rel}","templated":true}]}}