{"id":9706,"date":"2026-01-26T17:04:42","date_gmt":"2026-01-26T16:04:42","guid":{"rendered":"https:\/\/parapharmacieenligne.ma\/?post_type=product&#038;p=9706"},"modified":"2026-01-26T17:07:11","modified_gmt":"2026-01-26T16:07:11","slug":"uriage-eau-thermale-masque-deau-nuit-50-ml","status":"publish","type":"product","link":"https:\/\/parapharmacieenligne.ma\/en\/product\/uriage-eau-thermale-masque-deau-nuit-50-ml\/","title":{"rendered":"Uriage \u2013 Eau Thermale \u2013 Masque d\u2019Eau Nuit \u2013 50 ml"},"content":{"rendered":"<div aria-labelledby=\"tab-title-description\" class=\"woocommerce-Tabs-panel woocommerce-Tabs-panel--description panel entry-content wc-tab\" id=\"tab-description\" role=\"tabpanel\" style=\"\">\n<h2>Description<\/h2>\n<p>Probl\u00e9matique sp\u00e9cifique<br \/>\n Soins peaux d\u00e9shydrat\u00e9s<\/p>\n<p>B\u00e9n\u00e9fice produit<br \/>\n Plongez votre peau dans un v\u00e9ritable \u00bb Bain Thermal \u00ab . La puissance hydratante de l\u2019Eau Thermale d\u2019Uriage dans un masque de nuit unique \u00e0 la texture eau g\u00e9lifi\u00e9e ultra-l\u00e9g\u00e8re. La peau est repos\u00e9e, comme \u00ab 8h de sommeil \u00bb : grain de peau liss\u00e9, peau pleinement hydrat\u00e9e, souple et douce, pour un teint ultra-frais.<\/p>\n<p>R\u00e9g\u00e9n\u00e8re l\u2019hydratation de la peau et Donne de l\u2019\u00e9clat:<br \/>\n Ce Masque d\u2019Eau enrichi en Eau Thermale d\u2019Uriage aide \u00e0 reconstruire la barri\u00e8re cutan\u00e9e pour maintenir un taux d\u2019hydratation optimal. Son extrait d\u2019Edelweiss anti-oxydant laisse place \u00e0 une peau fra\u00eeche, rayonnante.<\/p>\n<p>Optimise l\u2019hydratation en continu de l\u2019\u00e9piderme:<br \/>\n Permet de reformer un film de surface et de lib\u00e9rer progressivement les agents hydratants qu\u2019il contient pour assouplir la peau.<\/p>\n<p>Restaure l\u2019effet barri\u00e8re de la peau et limite sa d\u00e9shydratation:<br \/>\n Agit sur la reconstruction du ciment corn\u00e9ocytaire pour booster durablement l\u2019hydratation des peaux assoiff\u00e9es.<\/p>\n<p>Caract\u00e9ristiques<br \/>\n Complexe Hydro-Thermal \u2014 Acide Hyaluronique \u2014 Extraits d\u2019Edelweiss \u2014 Test\u00e9 sous contr\u00f4le dermatologique<\/p>\n<p>Conseil d\u2019utilisation<br \/>\n Appliquer en couche fine tous les soirs sur l\u2019ensemble du visage d\u00e9maquill\u00e9 et nettoy\u00e9.<br \/>\n Laisser poser toute la nuit.<br \/>\n Rincer au r\u00e9veil avec l\u2019Eau Micellaire Thermale ou se vaporiser le visage avec l\u2019Eau Thermale d\u2019Uriage pour prolonger l\u2019hydratation de votre peau.<\/p>\n<\/p><\/div>","protected":false},"excerpt":{"rendered":"<p>Highlights:Masque Hydratant Rafraichissant Effet 8H de sommeil<\/p>","protected":false},"featured_media":9784,"comment_status":"open","ping_status":"closed","template":"","meta":[],"product_cat":[86],"product_tag":[],"yith_product_brand":[133],"class_list":{"0":"post-9706","1":"product","2":"type-product","3":"status-publish","4":"has-post-thumbnail","6":"product_cat-protection-solaire","7":"yith_product_brand-uriage","9":"first","10":"instock","11":"sale","12":"shipping-taxable","13":"purchasable","14":"product-type-simple"},"_links":{"self":[{"href":"https:\/\/parapharmacieenligne.ma\/en\/wp-json\/wp\/v2\/product\/9706","targetHints":{"allow":["GET"]}}],"collection":[{"href":"https:\/\/parapharmacieenligne.ma\/en\/wp-json\/wp\/v2\/product"}],"about":[{"href":"https:\/\/parapharmacieenligne.ma\/en\/wp-json\/wp\/v2\/types\/product"}],"replies":[{"embeddable":true,"href":"https:\/\/parapharmacieenligne.ma\/en\/wp-json\/wp\/v2\/comments?post=9706"}],"version-history":[{"count":1,"href":"https:\/\/parapharmacieenligne.ma\/en\/wp-json\/wp\/v2\/product\/9706\/revisions"}],"predecessor-version":[{"id":9785,"href":"https:\/\/parapharmacieenligne.ma\/en\/wp-json\/wp\/v2\/product\/9706\/revisions\/9785"}],"wp:featuredmedia":[{"embeddable":true,"href":"https:\/\/parapharmacieenligne.ma\/en\/wp-json\/wp\/v2\/media\/9784"}],"wp:attachment":[{"href":"https:\/\/parapharmacieenligne.ma\/en\/wp-json\/wp\/v2\/media?parent=9706"}],"wp:term":[{"taxonomy":"product_cat","embeddable":true,"href":"https:\/\/parapharmacieenligne.ma\/en\/wp-json\/wp\/v2\/product_cat?post=9706"},{"taxonomy":"product_tag","embeddable":true,"href":"https:\/\/parapharmacieenligne.ma\/en\/wp-json\/wp\/v2\/product_tag?post=9706"},{"taxonomy":"yith_product_brand","embeddable":true,"href":"https:\/\/parapharmacieenligne.ma\/en\/wp-json\/wp\/v2\/yith_product_brand?post=9706"}],"curies":[{"name":"wp","href":"https:\/\/api.w.org\/{rel}","templated":true}]}}