{"id":9708,"date":"2026-01-26T17:04:43","date_gmt":"2026-01-26T16:04:43","guid":{"rendered":"https:\/\/parapharmacieenligne.ma\/?post_type=product&#038;p=9708"},"modified":"2026-03-30T21:41:51","modified_gmt":"2026-03-30T19:41:51","slug":"uriage-hyseac-pate-sos-15-ml","status":"publish","type":"product","link":"https:\/\/parapharmacieenligne.ma\/en\/product\/uriage-hyseac-pate-sos-15-ml\/","title":{"rendered":"Uriage \u2013 Hys\u00e9ac \u2013 P\u00e2te SOS \u2013 15 ml"},"content":{"rendered":"<div aria-labelledby=\"tab-title-description\" class=\"woocommerce-Tabs-panel woocommerce-Tabs-panel--description panel entry-content wc-tab\" id=\"tab-description\" role=\"tabpanel\" style=\"\">\n<h2>Description<\/h2>\n<p>Probl\u00e9matique sp\u00e9cifique<br \/>\n Soins peaux mixtes \u00e0 grasses \u00e0 tendance acn\u00e9ique<\/p>\n<p>B\u00e9n\u00e9fice produit<br \/>\n La p\u00e2te SOS soin local, agit d\u00e8s la premi\u00e8re nuit en acc\u00e9l\u00e9rant le processus de maturation des boutons pour les faire disparaitre rapidement.<br \/>\n Effet pansement et fixation puis diffusion des actifs<br \/>\n Agit sur les boutons<br \/>\n Gr\u00e2ce \u00e0 sa formule qui associe l\u2019action de l\u2019huile de schiste purifiante \u00e0 l\u2019argile verte naturellement absorbante et au zinc.<\/p>\n<p>Apaise localement<br \/>\n \u00c0 ces actifs sp\u00e9cifiques est ajout\u00e9e l\u2019Eau Thermale d\u2019Uriage qui permet d\u2019apaiser la peau localement.<\/p>\n<p>Caract\u00e9ristiques<br \/>\n Eau Thermale d\u2019Uriage \u2014 Extrait de Schiste \u2014 Argile Verte \u2014 Zinc \u2014 Test\u00e9 sous contr\u00f4le dermatologique \u2014 Non com\u00e9dog\u00e8ne \u2014 Non parfum\u00e9<\/p>\n<p>Conseil d\u2019utilisation<br \/>\n Appliquer le soir sur les boutons localis\u00e9s.<br \/>\n Laisser agir toute la nuit.<br \/>\n Rincer le lendemain et observer le r\u00e9sultat.<br \/>\n Si besoin, r\u00e9p\u00e9ter l\u2019application la nuit suivante.<\/p>\n<\/p><\/div>","protected":false},"excerpt":{"rendered":"<p>Highlights:Soin Local Agit d\u00e8s la 1\u00e8re nuit pour Acc\u00e9l\u00e9rer la Disparition du Bouton<\/p>","protected":false},"featured_media":9795,"comment_status":"open","ping_status":"closed","template":"","meta":[],"product_cat":[206,83],"product_tag":[],"yith_product_brand":[133],"class_list":{"0":"post-9708","1":"product","2":"type-product","3":"status-publish","4":"has-post-thumbnail","6":"product_cat-acne","7":"product_cat-soins-visage","8":"yith_product_brand-uriage","10":"first","11":"instock","12":"sale","13":"shipping-taxable","14":"purchasable","15":"product-type-simple"},"_links":{"self":[{"href":"https:\/\/parapharmacieenligne.ma\/en\/wp-json\/wp\/v2\/product\/9708","targetHints":{"allow":["GET"]}}],"collection":[{"href":"https:\/\/parapharmacieenligne.ma\/en\/wp-json\/wp\/v2\/product"}],"about":[{"href":"https:\/\/parapharmacieenligne.ma\/en\/wp-json\/wp\/v2\/types\/product"}],"replies":[{"embeddable":true,"href":"https:\/\/parapharmacieenligne.ma\/en\/wp-json\/wp\/v2\/comments?post=9708"}],"version-history":[{"count":1,"href":"https:\/\/parapharmacieenligne.ma\/en\/wp-json\/wp\/v2\/product\/9708\/revisions"}],"predecessor-version":[{"id":9796,"href":"https:\/\/parapharmacieenligne.ma\/en\/wp-json\/wp\/v2\/product\/9708\/revisions\/9796"}],"wp:featuredmedia":[{"embeddable":true,"href":"https:\/\/parapharmacieenligne.ma\/en\/wp-json\/wp\/v2\/media\/9795"}],"wp:attachment":[{"href":"https:\/\/parapharmacieenligne.ma\/en\/wp-json\/wp\/v2\/media?parent=9708"}],"wp:term":[{"taxonomy":"product_cat","embeddable":true,"href":"https:\/\/parapharmacieenligne.ma\/en\/wp-json\/wp\/v2\/product_cat?post=9708"},{"taxonomy":"product_tag","embeddable":true,"href":"https:\/\/parapharmacieenligne.ma\/en\/wp-json\/wp\/v2\/product_tag?post=9708"},{"taxonomy":"yith_product_brand","embeddable":true,"href":"https:\/\/parapharmacieenligne.ma\/en\/wp-json\/wp\/v2\/yith_product_brand?post=9708"}],"curies":[{"name":"wp","href":"https:\/\/api.w.org\/{rel}","templated":true}]}}