{"id":9717,"date":"2026-01-26T17:05:17","date_gmt":"2026-01-26T16:05:17","guid":{"rendered":"https:\/\/parapharmacieenligne.ma\/?post_type=product&#038;p=9717"},"modified":"2026-01-26T17:07:32","modified_gmt":"2026-01-26T16:07:32","slug":"uriage-depiderm-spf-50-30ml","status":"publish","type":"product","link":"https:\/\/parapharmacieenligne.ma\/en\/product\/uriage-depiderm-spf-50-30ml\/","title":{"rendered":"Uriage Depiderm Spf 50 30ml"},"content":{"rendered":"<div aria-labelledby=\"tab-title-description\" class=\"woocommerce-Tabs-panel woocommerce-Tabs-panel--description panel entry-content wc-tab\" id=\"tab-description\" role=\"tabpanel\" style=\"\">\n<h2>Description<\/h2>\n<p>Probl\u00e9matique sp\u00e9cifique<br \/>\n Soins peaux sensibles avec tache brune<\/p>\n<p>B\u00e9n\u00e9fice produit<br \/>\n Ce soin aide \u00e0 pr\u00e9venir l\u2019apparition des taches et prot\u00e8ge les zones trait\u00e9es par acte dermatologique (laser, peeling superficiels, etc.). Son action correctrice att\u00e9nue les d\u00e9fauts de pigmentation.<br \/>\n Sa formule \u00e0 l\u2019Eau Thermale d\u2019Uriage hydrate la peau et pr\u00e9serve la barri\u00e8re cutan\u00e9e, pour laisser une peau souple et nette, sans effet collant.<\/p>\n<p>Corrige les taches et unifie le teint<br \/>\n Sa formule associant des actifs anti-taches, apaisants et anti-oxydants, homog\u00e9n\u00e9ise le teint et att\u00e9nue les d\u00e9fauts de pigmentation.<\/p>\n<p>Tr\u00e8s haute protection UVA-UVB SPF50+<br \/>\n Son complexe filtrant prot\u00e8ge la peau des UV et des radicaux libres pour pr\u00e9venir l\u2019apparition de taches brunes.<\/p>\n<p>Caract\u00e9ristiques<br \/>\n Complexe Cx (Extrait de pois et de sucrose, Vitamine C, Eau Thermale d\u2019Uriage, Enoxolone) \u2014 Complexe filtrant UVA \u2013 UVB SPF50+ \u2014 Sans parfum \u2014 Non com\u00e9dog\u00e8ne \u2014 Test\u00e9 dermatologiquement<\/p>\n<p>Conseil d\u2019utilisation<br \/>\n Avant l\u2019exposition solaire, appliquer une dose suffisante sur le visage, le d\u00e9collet\u00e9 et les mains pour bien couvrir les zones expos\u00e9es.<br \/>\n Renouveler fr\u00e9quemment l\u2019application.<br \/>\n M\u00eame bien prot\u00e9g\u00e9, r\u00e9duire au maximum l\u2019exposition.<br \/>\n \u00c9viter le contact avec les yeux.<\/p>\n<\/p><\/div>","protected":false},"excerpt":{"rendered":"<p>Highlights:Soin de Jour Anti-T\u00e2ches, pour Prot\u00e9ger, Entretenir, Pr\u00e9venir lors de fortes expositions.Visage \u2013 D\u00e9collet\u00e9 \u2013 Mains2 Brevets Uriage<\/p>","protected":false},"featured_media":9797,"comment_status":"open","ping_status":"closed","template":"","meta":[],"product_cat":[86],"product_tag":[],"yith_product_brand":[133],"class_list":{"0":"post-9717","1":"product","2":"type-product","3":"status-publish","4":"has-post-thumbnail","6":"product_cat-protection-solaire","7":"yith_product_brand-uriage","9":"first","10":"instock","11":"sale","12":"shipping-taxable","13":"purchasable","14":"product-type-simple"},"_links":{"self":[{"href":"https:\/\/parapharmacieenligne.ma\/en\/wp-json\/wp\/v2\/product\/9717","targetHints":{"allow":["GET"]}}],"collection":[{"href":"https:\/\/parapharmacieenligne.ma\/en\/wp-json\/wp\/v2\/product"}],"about":[{"href":"https:\/\/parapharmacieenligne.ma\/en\/wp-json\/wp\/v2\/types\/product"}],"replies":[{"embeddable":true,"href":"https:\/\/parapharmacieenligne.ma\/en\/wp-json\/wp\/v2\/comments?post=9717"}],"version-history":[{"count":1,"href":"https:\/\/parapharmacieenligne.ma\/en\/wp-json\/wp\/v2\/product\/9717\/revisions"}],"predecessor-version":[{"id":9798,"href":"https:\/\/parapharmacieenligne.ma\/en\/wp-json\/wp\/v2\/product\/9717\/revisions\/9798"}],"wp:featuredmedia":[{"embeddable":true,"href":"https:\/\/parapharmacieenligne.ma\/en\/wp-json\/wp\/v2\/media\/9797"}],"wp:attachment":[{"href":"https:\/\/parapharmacieenligne.ma\/en\/wp-json\/wp\/v2\/media?parent=9717"}],"wp:term":[{"taxonomy":"product_cat","embeddable":true,"href":"https:\/\/parapharmacieenligne.ma\/en\/wp-json\/wp\/v2\/product_cat?post=9717"},{"taxonomy":"product_tag","embeddable":true,"href":"https:\/\/parapharmacieenligne.ma\/en\/wp-json\/wp\/v2\/product_tag?post=9717"},{"taxonomy":"yith_product_brand","embeddable":true,"href":"https:\/\/parapharmacieenligne.ma\/en\/wp-json\/wp\/v2\/yith_product_brand?post=9717"}],"curies":[{"name":"wp","href":"https:\/\/api.w.org\/{rel}","templated":true}]}}