{"id":9744,"date":"2026-01-26T17:06:13","date_gmt":"2026-01-26T16:06:13","guid":{"rendered":"https:\/\/parapharmacieenligne.ma\/?post_type=product&#038;p=9744"},"modified":"2026-01-26T17:08:06","modified_gmt":"2026-01-26T16:08:06","slug":"uriage-bariesun-fluide-ultra-leger-spf50-30ml","status":"publish","type":"product","link":"https:\/\/parapharmacieenligne.ma\/en\/product\/uriage-bariesun-fluide-ultra-leger-spf50-30ml\/","title":{"rendered":"URIAGE BARI\u00c9SUN FLUIDE ULTRA L\u00c9GER SPF50+ 30ml"},"content":{"rendered":"<div aria-labelledby=\"tab-title-description\" class=\"woocommerce-Tabs-panel woocommerce-Tabs-panel--description panel entry-content wc-tab\" id=\"tab-description\" role=\"tabpanel\" style=\"\">\n<h2>Description<\/h2>\n<div class=\"c-product__intro u-intro\">\n<p>Sp\u00e9cialement d\u00e9velopp\u00e9 pour les peaux sensibles, ce fluide l\u00e9ger non parfum\u00e9 apporte une tr\u00e8s haute protection contre les UVA et les UVB. Sa texture ultra-fluide r\u00e9sistante \u00e0 l\u2019eau assure une p\u00e9n\u00e9tration rapide et un fini sec, sans effet blanc. Son format de poche le rend tr\u00e8s pratique \u00e0 utiliser en toute occasion !<\/p>\n<\/p><\/div>\n<div class=\"c-product__description c-content\">\n<p><strong>Prot\u00e8ge contre les UV<\/strong><\/p>\n<p>Son complexe de filtres apporte une tr\u00e8s haute protection contre les UVA, les UVB et les radicaux libres. Ce soin garantit une large couverture UVB-UVA et une tr\u00e8s haute tol\u00e9rance.<\/p>\n<p><strong><strong>Conseils d\u2019Utilisation : <\/strong> <\/strong><\/p>\n<p>Agiter avant emploi. Avant l\u2019exposition, appliquer une dose suffisante pour bien couvrir la zone expos\u00e9e, par exemple l\u2019\u00e9quivalent d\u2019une cuill\u00e8re \u00e0 caf\u00e9 de produit pour le visage et le cou. La r\u00e9duction de cette quantit\u00e9 diminue le niveau de protection. Renouveler l\u2019application fr\u00e9quemment, surtout apr\u00e8s avoir transpir\u00e9, nag\u00e9 ou s\u2019\u00eatre essuy\u00e9. M\u00eame bien prot\u00e9g\u00e9, r\u00e9duire au maximum l\u2019exposition. Ne pas exposer les b\u00e9b\u00e9s et les jeunes enfants directement au soleil.<\/p>\n<\/p><\/div>\n<\/p><\/div>","protected":false},"excerpt":{"rendered":"<p>Highlights:R\u00e9sistant \u00e0 l\u2019eauToucher secTest\u00e9 sous contr\u00f4le dermatologiqueNon com\u00e9dog\u00e8neNon parfum\u00e9<\/p>","protected":false},"featured_media":9822,"comment_status":"open","ping_status":"closed","template":"","meta":[],"product_cat":[86],"product_tag":[],"yith_product_brand":[133],"class_list":{"0":"post-9744","1":"product","2":"type-product","3":"status-publish","4":"has-post-thumbnail","6":"product_cat-protection-solaire","7":"yith_product_brand-uriage","9":"first","10":"instock","11":"sale","12":"shipping-taxable","13":"purchasable","14":"product-type-simple"},"_links":{"self":[{"href":"https:\/\/parapharmacieenligne.ma\/en\/wp-json\/wp\/v2\/product\/9744","targetHints":{"allow":["GET"]}}],"collection":[{"href":"https:\/\/parapharmacieenligne.ma\/en\/wp-json\/wp\/v2\/product"}],"about":[{"href":"https:\/\/parapharmacieenligne.ma\/en\/wp-json\/wp\/v2\/types\/product"}],"replies":[{"embeddable":true,"href":"https:\/\/parapharmacieenligne.ma\/en\/wp-json\/wp\/v2\/comments?post=9744"}],"version-history":[{"count":1,"href":"https:\/\/parapharmacieenligne.ma\/en\/wp-json\/wp\/v2\/product\/9744\/revisions"}],"predecessor-version":[{"id":9823,"href":"https:\/\/parapharmacieenligne.ma\/en\/wp-json\/wp\/v2\/product\/9744\/revisions\/9823"}],"wp:featuredmedia":[{"embeddable":true,"href":"https:\/\/parapharmacieenligne.ma\/en\/wp-json\/wp\/v2\/media\/9822"}],"wp:attachment":[{"href":"https:\/\/parapharmacieenligne.ma\/en\/wp-json\/wp\/v2\/media?parent=9744"}],"wp:term":[{"taxonomy":"product_cat","embeddable":true,"href":"https:\/\/parapharmacieenligne.ma\/en\/wp-json\/wp\/v2\/product_cat?post=9744"},{"taxonomy":"product_tag","embeddable":true,"href":"https:\/\/parapharmacieenligne.ma\/en\/wp-json\/wp\/v2\/product_tag?post=9744"},{"taxonomy":"yith_product_brand","embeddable":true,"href":"https:\/\/parapharmacieenligne.ma\/en\/wp-json\/wp\/v2\/yith_product_brand?post=9744"}],"curies":[{"name":"wp","href":"https:\/\/api.w.org\/{rel}","templated":true}]}}