{"id":9745,"date":"2026-01-26T17:06:14","date_gmt":"2026-01-26T16:06:14","guid":{"rendered":"https:\/\/parapharmacieenligne.ma\/?post_type=product&#038;p=9745"},"modified":"2026-01-26T17:08:11","modified_gmt":"2026-01-26T16:08:11","slug":"uriage-xemose-stick-levres-4g","status":"publish","type":"product","link":"https:\/\/parapharmacieenligne.ma\/en\/product\/uriage-xemose-stick-levres-4g\/","title":{"rendered":"Uriage Xemose Stick Levres 4G"},"content":{"rendered":"<div aria-labelledby=\"tab-title-description\" class=\"woocommerce-Tabs-panel woocommerce-Tabs-panel--description panel entry-content wc-tab\" id=\"tab-description\" role=\"tabpanel\" style=\"\">\n<h2>Description<\/h2>\n<p>Probl\u00e9matique sp\u00e9cifique<br \/>\n LEVRES IRRITEES DESSECHEES<\/p>\n<p>B\u00e9n\u00e9fice produit<br \/>\n Ce stick hydrate les l\u00e8vres et les prot\u00e8ge des agressions quotidiennes.<\/p>\n<p>Nourrit et prot\u00e8ge<br \/>\n Le beurre de Karit\u00e9 nourrit intens\u00e9ment les l\u00e8vres dess\u00e9ch\u00e9es ; les vitamines C et E prot\u00e8gent des agressions ext\u00e9rieures, gr\u00e2ce \u00e0 leurs actions anti-oxydante et anti-radicaux libres.<\/p>\n<p>Hydrate<br \/>\n Sa formule enrichie en acide hyaluronique apporte une hydratation \u00e0 chaque application.<\/p>\n<p>Caract\u00e9ristiques<br \/>\n Acide hyaluronique \u2014 Beurre de karit\u00e9 \u2014 Vitamine C \u2014 Vitamine E \u2014 Test\u00e9 sous contr\u00f4le dermatologique \u2014 Non parfum\u00e9<\/p>\n<p>Conseil d\u2019utilisation<br \/>\n Appliquer aussi souvent que n\u00e9cessaire.<\/p>\n<\/p><\/div>","protected":false},"excerpt":{"rendered":"<p>Highlights:Stick Relipidant Apaisant<\/p>","protected":false},"featured_media":9824,"comment_status":"open","ping_status":"closed","template":"","meta":[],"product_cat":[83],"product_tag":[],"yith_product_brand":[133],"class_list":{"0":"post-9745","1":"product","2":"type-product","3":"status-publish","4":"has-post-thumbnail","6":"product_cat-soins-visage","7":"yith_product_brand-uriage","9":"first","10":"instock","11":"sale","12":"shipping-taxable","13":"purchasable","14":"product-type-simple"},"_links":{"self":[{"href":"https:\/\/parapharmacieenligne.ma\/en\/wp-json\/wp\/v2\/product\/9745","targetHints":{"allow":["GET"]}}],"collection":[{"href":"https:\/\/parapharmacieenligne.ma\/en\/wp-json\/wp\/v2\/product"}],"about":[{"href":"https:\/\/parapharmacieenligne.ma\/en\/wp-json\/wp\/v2\/types\/product"}],"replies":[{"embeddable":true,"href":"https:\/\/parapharmacieenligne.ma\/en\/wp-json\/wp\/v2\/comments?post=9745"}],"version-history":[{"count":1,"href":"https:\/\/parapharmacieenligne.ma\/en\/wp-json\/wp\/v2\/product\/9745\/revisions"}],"predecessor-version":[{"id":9825,"href":"https:\/\/parapharmacieenligne.ma\/en\/wp-json\/wp\/v2\/product\/9745\/revisions\/9825"}],"wp:featuredmedia":[{"embeddable":true,"href":"https:\/\/parapharmacieenligne.ma\/en\/wp-json\/wp\/v2\/media\/9824"}],"wp:attachment":[{"href":"https:\/\/parapharmacieenligne.ma\/en\/wp-json\/wp\/v2\/media?parent=9745"}],"wp:term":[{"taxonomy":"product_cat","embeddable":true,"href":"https:\/\/parapharmacieenligne.ma\/en\/wp-json\/wp\/v2\/product_cat?post=9745"},{"taxonomy":"product_tag","embeddable":true,"href":"https:\/\/parapharmacieenligne.ma\/en\/wp-json\/wp\/v2\/product_tag?post=9745"},{"taxonomy":"yith_product_brand","embeddable":true,"href":"https:\/\/parapharmacieenligne.ma\/en\/wp-json\/wp\/v2\/yith_product_brand?post=9745"}],"curies":[{"name":"wp","href":"https:\/\/api.w.org\/{rel}","templated":true}]}}