{"id":9765,"date":"2026-01-26T17:06:42","date_gmt":"2026-01-26T16:06:42","guid":{"rendered":"https:\/\/parapharmacieenligne.ma\/?post_type=product&#038;p=9765"},"modified":"2026-01-26T17:08:33","modified_gmt":"2026-01-26T16:08:33","slug":"uriage-bariederm-cica-creme-spf50-au-cuivre-zinc-40-ml","status":"publish","type":"product","link":"https:\/\/parapharmacieenligne.ma\/en\/product\/uriage-bariederm-cica-creme-spf50-au-cuivre-zinc-40-ml\/","title":{"rendered":"Uriage \u2013 Bari\u00e9derm \u2013 Cica-Cr\u00e8me SPF50+ au Cuivre-Zinc \u2013 40 ml"},"content":{"rendered":"<div aria-labelledby=\"tab-title-description\" class=\"woocommerce-Tabs-panel woocommerce-Tabs-panel--description panel entry-content wc-tab\" id=\"tab-description\" role=\"tabpanel\" style=\"\">\n<h2>Description<\/h2>\n<p>Probl\u00e9matique sp\u00e9cifique<br \/>\n Soins peaux irrit\u00e9es zones s\u00e8ches<br \/>\n V\u00e9ritable soin tout en 1 : traitement de tous les bobos<\/p>\n<p>B\u00e9n\u00e9fice produit<br \/>\n Cette cr\u00e8me protectrice et r\u00e9paratrice est le soin id\u00e9al pour les peaux fragilis\u00e9es \u00e0 la suite d\u2019agressions diverses pouvant \u00eatre expos\u00e9es au soleil : Sensations de d\u00e9mangeaisons, \u00e9chauffements, post-actes dermo-esth\u00e9tiques, tatouages\u2026<\/p>\n<p>Isole et Prot\u00e8ge<br \/>\n Double protection : Le brevet Poly-2P cr\u00e9e un \u00ab effet barri\u00e8re \u00bb imm\u00e9diat non-occlusif pour isoler et prot\u00e9ger la peau des agents ext\u00e9rieurs. La tr\u00e8s haute protection solaire SPF50+ prot\u00e8ge et aide \u00e0 pr\u00e9venir les marques post-cicatricielles (taches brunes ou rouges).<\/p>\n<p>R\u00e9pare<br \/>\n Le complexe brevet\u00e9 GF-Repair stimule les facteurs de croissance pour favoriser la r\u00e9paration de l\u2019\u00e9piderme.<\/p>\n<p>Assainit et Apaise<br \/>\n L\u2019Eau Thermale d\u2019Uriage associ\u00e9 au D-Panth\u00e9nol apaise imm\u00e9diatement et durablement les irritations. Le Cuivre-Zinc aide \u00e0 limiter le risque de prolif\u00e9ration bact\u00e9rienne.<\/p>\n<p>Caract\u00e9ristiques<br \/>\n Eau Thermale d\u2019Uriage \u2014 Cuivre-Zinc \u2014 Poly-2P \u2014 Smectite \u2014 GF-Repair \u2014 D-Panthenol \u2014 Acide Hyaluronique \u2014 Silicium Organique \u2014 Filtres UVA\/UVB \u2014 Non parfum\u00e9 \u2014 Test\u00e9 dermatologiquement<\/p>\n<p>Conseil d\u2019utilisation<br \/>\n Appliquer 1 \u00e0 2 fois par jour sur une peau pr\u00e9alablement nettoy\u00e9e avec le Bari\u00e9derm Cica-Gel Nettoyant.<br \/>\n En cas d\u2019exposition solaire, renouveler toutes les 2 heures et apr\u00e8s chaque bain.<br \/>\n Eviter le contour des yeux.<br \/>\n Enfants \u2013 Adultes<\/p>\n<\/p><\/div>","protected":false},"excerpt":{"rendered":"<p>Highlights:Cr\u00e8me isolante \u00ab Effet pansement \u00bb, Cicatrisante, Apaisante, Purifiante, au Cuivre-Zinc SPF50+<\/p>","protected":false},"featured_media":9838,"comment_status":"open","ping_status":"closed","template":"","meta":[],"product_cat":[86],"product_tag":[],"yith_product_brand":[133],"class_list":{"0":"post-9765","1":"product","2":"type-product","3":"status-publish","4":"has-post-thumbnail","6":"product_cat-protection-solaire","7":"yith_product_brand-uriage","9":"first","10":"instock","11":"sale","12":"shipping-taxable","13":"purchasable","14":"product-type-simple"},"_links":{"self":[{"href":"https:\/\/parapharmacieenligne.ma\/en\/wp-json\/wp\/v2\/product\/9765","targetHints":{"allow":["GET"]}}],"collection":[{"href":"https:\/\/parapharmacieenligne.ma\/en\/wp-json\/wp\/v2\/product"}],"about":[{"href":"https:\/\/parapharmacieenligne.ma\/en\/wp-json\/wp\/v2\/types\/product"}],"replies":[{"embeddable":true,"href":"https:\/\/parapharmacieenligne.ma\/en\/wp-json\/wp\/v2\/comments?post=9765"}],"version-history":[{"count":1,"href":"https:\/\/parapharmacieenligne.ma\/en\/wp-json\/wp\/v2\/product\/9765\/revisions"}],"predecessor-version":[{"id":9839,"href":"https:\/\/parapharmacieenligne.ma\/en\/wp-json\/wp\/v2\/product\/9765\/revisions\/9839"}],"wp:featuredmedia":[{"embeddable":true,"href":"https:\/\/parapharmacieenligne.ma\/en\/wp-json\/wp\/v2\/media\/9838"}],"wp:attachment":[{"href":"https:\/\/parapharmacieenligne.ma\/en\/wp-json\/wp\/v2\/media?parent=9765"}],"wp:term":[{"taxonomy":"product_cat","embeddable":true,"href":"https:\/\/parapharmacieenligne.ma\/en\/wp-json\/wp\/v2\/product_cat?post=9765"},{"taxonomy":"product_tag","embeddable":true,"href":"https:\/\/parapharmacieenligne.ma\/en\/wp-json\/wp\/v2\/product_tag?post=9765"},{"taxonomy":"yith_product_brand","embeddable":true,"href":"https:\/\/parapharmacieenligne.ma\/en\/wp-json\/wp\/v2\/yith_product_brand?post=9765"}],"curies":[{"name":"wp","href":"https:\/\/api.w.org\/{rel}","templated":true}]}}