{"id":9767,"date":"2026-01-26T17:06:45","date_gmt":"2026-01-26T16:06:45","guid":{"rendered":"https:\/\/parapharmacieenligne.ma\/?post_type=product&#038;p=9767"},"modified":"2026-01-26T17:08:38","modified_gmt":"2026-01-26T16:08:38","slug":"uriage-bariederm-cica-levres-15-ml","status":"publish","type":"product","link":"https:\/\/parapharmacieenligne.ma\/en\/product\/uriage-bariederm-cica-levres-15-ml\/","title":{"rendered":"Uriage \u2013 Bari\u00e9derm \u2013 Cica L\u00e8vres \u2013 15 ml"},"content":{"rendered":"<div aria-labelledby=\"tab-title-description\" class=\"woocommerce-Tabs-panel woocommerce-Tabs-panel--description panel entry-content wc-tab\" id=\"tab-description\" role=\"tabpanel\" style=\"\">\n<h2>Description<\/h2>\n<p>Probl\u00e9matique sp\u00e9cifique<br \/>\n Soins L\u00e8vres ab\u00eem\u00e9es par les traitements dermatologiques, l\u00e8vres dess\u00e9ch\u00e9es, l\u00e8vres fissur\u00e9es, ch\u00e9ilites, perl\u00e8ches<\/p>\n<p>B\u00e9n\u00e9fice produit<br \/>\n Le 1er baume l\u00e8vres barri\u00e8re au POLY-2P\u2122, complexe brevet\u00e9 innovant, qui offre une triple action. Une formule haute tol\u00e9rance et longue dur\u00e9e adapt\u00e9e aux besoins professionnels ou familiaux.<\/p>\n<p>Isole en surface<br \/>\n L\u2019association de deux polym\u00e8res isole la peau en pr\u00e9vention des agressions futures.<\/p>\n<p>Restaure en profondeur<br \/>\n L\u2019association de deux polym\u00e8res r\u00e9pare les l\u00e8vres gerc\u00e9es ou ab\u00eem\u00e9es.<\/p>\n<p>Apaise<br \/>\n Les actifs de Phytost\u00e9rols soulagent imm\u00e9diatement les l\u00e8vres tiraill\u00e9es et apportent plus de confort.<\/p>\n<p>Caract\u00e9ristiques<br \/>\n Poly-2P (brevet)<br \/>\n Phytosqualanes<br \/>\n Phytost\u00e9rols<br \/>\n Base lipophile \u00ab longue dur\u00e9e \u00bb<br \/>\n Test\u00e9 sous contr\u00f4le dermatologique<br \/>\n Non parfum\u00e9<\/p>\n<p>Conseil d\u2019utilisation<br \/>\n Appliquez sur les l\u00e8vres \u00e0 l\u2019aide de son embout biseaut\u00e9 aussi souvent que n\u00e9cessaire.<\/p>\n<\/p><\/div>","protected":false},"excerpt":{"rendered":"<p>Highlights:Triple Action : Isolant, R\u00e9parateur et Apaisant pour les l\u00e8vres gerc\u00e9es, dess\u00e9ch\u00e9es, agress\u00e9es<\/p>","protected":false},"featured_media":9842,"comment_status":"open","ping_status":"closed","template":"","meta":[],"product_cat":[83],"product_tag":[],"yith_product_brand":[133],"class_list":{"0":"post-9767","1":"product","2":"type-product","3":"status-publish","4":"has-post-thumbnail","6":"product_cat-soins-visage","7":"yith_product_brand-uriage","9":"first","10":"instock","11":"sale","12":"shipping-taxable","13":"purchasable","14":"product-type-simple"},"_links":{"self":[{"href":"https:\/\/parapharmacieenligne.ma\/en\/wp-json\/wp\/v2\/product\/9767","targetHints":{"allow":["GET"]}}],"collection":[{"href":"https:\/\/parapharmacieenligne.ma\/en\/wp-json\/wp\/v2\/product"}],"about":[{"href":"https:\/\/parapharmacieenligne.ma\/en\/wp-json\/wp\/v2\/types\/product"}],"replies":[{"embeddable":true,"href":"https:\/\/parapharmacieenligne.ma\/en\/wp-json\/wp\/v2\/comments?post=9767"}],"version-history":[{"count":1,"href":"https:\/\/parapharmacieenligne.ma\/en\/wp-json\/wp\/v2\/product\/9767\/revisions"}],"predecessor-version":[{"id":9843,"href":"https:\/\/parapharmacieenligne.ma\/en\/wp-json\/wp\/v2\/product\/9767\/revisions\/9843"}],"wp:featuredmedia":[{"embeddable":true,"href":"https:\/\/parapharmacieenligne.ma\/en\/wp-json\/wp\/v2\/media\/9842"}],"wp:attachment":[{"href":"https:\/\/parapharmacieenligne.ma\/en\/wp-json\/wp\/v2\/media?parent=9767"}],"wp:term":[{"taxonomy":"product_cat","embeddable":true,"href":"https:\/\/parapharmacieenligne.ma\/en\/wp-json\/wp\/v2\/product_cat?post=9767"},{"taxonomy":"product_tag","embeddable":true,"href":"https:\/\/parapharmacieenligne.ma\/en\/wp-json\/wp\/v2\/product_tag?post=9767"},{"taxonomy":"yith_product_brand","embeddable":true,"href":"https:\/\/parapharmacieenligne.ma\/en\/wp-json\/wp\/v2\/yith_product_brand?post=9767"}],"curies":[{"name":"wp","href":"https:\/\/api.w.org\/{rel}","templated":true}]}}