{"id":9768,"date":"2026-01-26T17:06:45","date_gmt":"2026-01-26T16:06:45","guid":{"rendered":"https:\/\/parapharmacieenligne.ma\/?post_type=product&#038;p=9768"},"modified":"2026-01-26T17:08:41","modified_gmt":"2026-01-26T16:08:41","slug":"uriage-roseliane-cc-cream-spf30-40-ml","status":"publish","type":"product","link":"https:\/\/parapharmacieenligne.ma\/en\/product\/uriage-roseliane-cc-cream-spf30-40-ml\/","title":{"rendered":"Uriage \u2013 Ros\u00e9liane \u2013 CC Cream SPF30 \u2013 40 ml"},"content":{"rendered":"<div aria-labelledby=\"tab-title-description\" class=\"woocommerce-Tabs-panel woocommerce-Tabs-panel--description panel entry-content wc-tab\" id=\"tab-description\" role=\"tabpanel\" style=\"\">\n<h2>Description<\/h2>\n<p>Probl\u00e9matique sp\u00e9cifique<br \/>\n Soins peaux sensibles \u00e0 rougeurs \u00e0 tendance couperosiques<\/p>\n<p>B\u00e9n\u00e9fice produit<br \/>\n Une cr\u00e8me onctueuse qui est l\u2019alliance parfaite entre un soin et un maquillage couvrant. Formule non grasse pour une application rapide. Elle camoufle les rougeurs, unifie le teint et l\u2019illumine tout en la prot\u00e9geant des UV gr\u00e2ce \u00e0 son SPF30. Elle procure d\u00e8s l\u2019application un confort imm\u00e9diat, laisse la peau douce, parfaitement hydrat\u00e9e et apais\u00e9e.<\/p>\n<p>Unifie le teint et l\u2019illumine<br \/>\n Ses pigments min\u00e9raux corrigent instantan\u00e9ment rougeurs, teints ternes ou irr\u00e9guliers.<\/p>\n<p>Couvre les rougeurs et Hydrate durablement<br \/>\n Le complexe TLR2-Regul agit en synergie avec les extraits de ginseng et d\u2019algues rouges pour r\u00e9guler la voie immunitaire et renforcer la paroi des vaisseaux sanguins. Riche en Eau Thermale d\u2019Uriage aux propri\u00e9t\u00e9s hydratantes et apaisantes, cette cr\u00e8me hydrate et apporte un confort imm\u00e9diat et durable \u00e0 la peau.<\/p>\n<p>Prot\u00e8ge des UVA\/ UVB<br \/>\n Haute tol\u00e9rance, le filtre solaire fait \u00e9cran aux rayons UVA-UVB.<\/p>\n<p>Caract\u00e9ristiques<br \/>\n Eau Thermale d\u2019Uriage \u2014 Cerasterol-2F \u2014 Complexe TLR2-REGUL \u2014 Extrait de ginseng \u2014 Pigments couvrants \u2014 Filtres UV \u2014 Non com\u00e9dog\u00e8ne \u2014 Test\u00e9 sous contr\u00f4le dermatologique<\/p>\n<p>Conseil d\u2019utilisation<br \/>\n Appliquez quotidiennement sur l\u2019ensemble du visage, \u00e0 la place de votre soin et votre fond de teint.<\/p>\n<\/p><\/div>","protected":false},"excerpt":{"rendered":"<p>Highlights:Cr\u00e8me Hydra-Protectrice, Effet Bonne Mine Instantan\u00e9 et Naturel \u2013 Soin de jour complet : Unifie, Prot\u00e8ge, Hydrate et lutte contre les rougeurs<\/p>","protected":false},"featured_media":9844,"comment_status":"open","ping_status":"closed","template":"","meta":[],"product_cat":[83],"product_tag":[],"yith_product_brand":[133],"class_list":{"0":"post-9768","1":"product","2":"type-product","3":"status-publish","4":"has-post-thumbnail","6":"product_cat-soins-visage","7":"yith_product_brand-uriage","9":"first","10":"instock","11":"sale","12":"shipping-taxable","13":"purchasable","14":"product-type-simple"},"_links":{"self":[{"href":"https:\/\/parapharmacieenligne.ma\/en\/wp-json\/wp\/v2\/product\/9768","targetHints":{"allow":["GET"]}}],"collection":[{"href":"https:\/\/parapharmacieenligne.ma\/en\/wp-json\/wp\/v2\/product"}],"about":[{"href":"https:\/\/parapharmacieenligne.ma\/en\/wp-json\/wp\/v2\/types\/product"}],"replies":[{"embeddable":true,"href":"https:\/\/parapharmacieenligne.ma\/en\/wp-json\/wp\/v2\/comments?post=9768"}],"version-history":[{"count":1,"href":"https:\/\/parapharmacieenligne.ma\/en\/wp-json\/wp\/v2\/product\/9768\/revisions"}],"predecessor-version":[{"id":9845,"href":"https:\/\/parapharmacieenligne.ma\/en\/wp-json\/wp\/v2\/product\/9768\/revisions\/9845"}],"wp:featuredmedia":[{"embeddable":true,"href":"https:\/\/parapharmacieenligne.ma\/en\/wp-json\/wp\/v2\/media\/9844"}],"wp:attachment":[{"href":"https:\/\/parapharmacieenligne.ma\/en\/wp-json\/wp\/v2\/media?parent=9768"}],"wp:term":[{"taxonomy":"product_cat","embeddable":true,"href":"https:\/\/parapharmacieenligne.ma\/en\/wp-json\/wp\/v2\/product_cat?post=9768"},{"taxonomy":"product_tag","embeddable":true,"href":"https:\/\/parapharmacieenligne.ma\/en\/wp-json\/wp\/v2\/product_tag?post=9768"},{"taxonomy":"yith_product_brand","embeddable":true,"href":"https:\/\/parapharmacieenligne.ma\/en\/wp-json\/wp\/v2\/yith_product_brand?post=9768"}],"curies":[{"name":"wp","href":"https:\/\/api.w.org\/{rel}","templated":true}]}}