{"id":9769,"date":"2026-01-26T17:06:45","date_gmt":"2026-01-26T16:06:45","guid":{"rendered":"https:\/\/parapharmacieenligne.ma\/?post_type=product&#038;p=9769"},"modified":"2026-01-26T17:08:54","modified_gmt":"2026-01-26T16:08:54","slug":"uriage-ds-hair-shampooing-traitant-keratoreducteur-150ml","status":"publish","type":"product","link":"https:\/\/parapharmacieenligne.ma\/en\/product\/uriage-ds-hair-shampooing-traitant-keratoreducteur-150ml\/","title":{"rendered":"Uriage \u2013 DS Hair \u2013 Shampooing Traitant K\u00e9rator\u00e9ducteur \u2013 150ml"},"content":{"rendered":"<div aria-labelledby=\"tab-title-description\" class=\"woocommerce-Tabs-panel woocommerce-Tabs-panel--description panel entry-content wc-tab\" id=\"tab-description\" role=\"tabpanel\" style=\"\">\n<h2>Description<\/h2>\n<p>Probl\u00e9matique sp\u00e9cifique<br \/>\n Shampooing traitant pour pellicules s\u00e9v\u00e8res et \u00e9tats squameux<\/p>\n<p>B\u00e9n\u00e9fice produit<br \/>\n Innovation DS HAIR : 1\u00e8re gamme de shampooings \u00e0 l\u2019Eau Thermale des Alpes Fran\u00e7aises. Ce shampooing traitant k\u00e9rator\u00e9ducteur \u00e9limine les pellicules, s\u00e8ches ou grasses et exfolie les squames. Le cuir chevelu est purifi\u00e9 et les d\u00e9mangeaisons apais\u00e9es. Sa texture ultra-sensorielle apporte souplesse, beaut\u00e9 et brillance aux cheveux.<\/p>\n<p>Action apaisante<br \/>\n La technologie brevet\u00e9e TLR2-Regul, combin\u00e9e \u00e0 l\u2019Eau Thermale d\u2019Uriage et \u00e0 l\u2019Edelweiss agissent sp\u00e9cifiquement pour apaiser et prot\u00e9ger le cuir chevelu.<\/p>\n<p>Action k\u00e9rator\u00e9gulatrice<br \/>\n Efficacit\u00e9 renforc\u00e9e avec l\u2019acide salicylique pour exfolier les squames.<\/p>\n<p>Action purifiante<br \/>\n L\u2019association de la piroctone olamine avec le lactate de zinc permet de combattre et pr\u00e9venir l\u2019exc\u00e8s de Malassezia qui aggravent les pellicules.<\/p>\n<p>Caract\u00e9ristiques<br \/>\n Complexe brevet\u00e9 : TLR2 Regul \u2014 Piroctone Olamine \u2014 Lactate de Zinc \u2014 Acide Salicyliqu \u2014 Eau Thermale d\u2019Uriage \u2014 Edelweiss \u2014 Haute Tol\u00e9rance<\/p>\n<p>Conseil d\u2019utilisation<br \/>\n Appliquer 1 \u00e0 2 fois par semaine sur cheveux mouill\u00e9s, le front et la nuque.<br \/>\n Faire mousser en massant avec douceur, laisser poser 2-3 minutes puis rincer abondamment.<br \/>\n En alternance, utiliser DS HAIR SHAMPOOING DOUX \u00c9QUILIBRANT.<br \/>\n Pour une efficacit\u00e9 optimale utiliser en compl\u00e9ment DS HAIR LOTION ANTIPELLICULAIRE R\u00c9GULATRICE.<br \/>\n Eviter le contact avec les yeux. Laisse les cheveux soyeux et ne dess\u00e8che pas<br \/>\n Ne pas utiliser chez l\u2019enfant de moins de 3 ans et chez la femme enceinte ou allaitante.<\/p>\n<\/p><\/div>","protected":false},"excerpt":{"rendered":"<p>Highlights:\u00c9limine les squames, R\u00e9gule le sebum, Diminue les rougeurs, Apaise les d\u00e9mangeaisons<\/p>","protected":false},"featured_media":9853,"comment_status":"open","ping_status":"closed","template":"","meta":[],"product_cat":[84],"product_tag":[],"yith_product_brand":[133],"class_list":{"0":"post-9769","1":"product","2":"type-product","3":"status-publish","4":"has-post-thumbnail","6":"product_cat-soins-cheveux","7":"yith_product_brand-uriage","9":"first","10":"instock","11":"sale","12":"shipping-taxable","13":"purchasable","14":"product-type-simple"},"_links":{"self":[{"href":"https:\/\/parapharmacieenligne.ma\/en\/wp-json\/wp\/v2\/product\/9769","targetHints":{"allow":["GET"]}}],"collection":[{"href":"https:\/\/parapharmacieenligne.ma\/en\/wp-json\/wp\/v2\/product"}],"about":[{"href":"https:\/\/parapharmacieenligne.ma\/en\/wp-json\/wp\/v2\/types\/product"}],"replies":[{"embeddable":true,"href":"https:\/\/parapharmacieenligne.ma\/en\/wp-json\/wp\/v2\/comments?post=9769"}],"version-history":[{"count":1,"href":"https:\/\/parapharmacieenligne.ma\/en\/wp-json\/wp\/v2\/product\/9769\/revisions"}],"predecessor-version":[{"id":9854,"href":"https:\/\/parapharmacieenligne.ma\/en\/wp-json\/wp\/v2\/product\/9769\/revisions\/9854"}],"wp:featuredmedia":[{"embeddable":true,"href":"https:\/\/parapharmacieenligne.ma\/en\/wp-json\/wp\/v2\/media\/9853"}],"wp:attachment":[{"href":"https:\/\/parapharmacieenligne.ma\/en\/wp-json\/wp\/v2\/media?parent=9769"}],"wp:term":[{"taxonomy":"product_cat","embeddable":true,"href":"https:\/\/parapharmacieenligne.ma\/en\/wp-json\/wp\/v2\/product_cat?post=9769"},{"taxonomy":"product_tag","embeddable":true,"href":"https:\/\/parapharmacieenligne.ma\/en\/wp-json\/wp\/v2\/product_tag?post=9769"},{"taxonomy":"yith_product_brand","embeddable":true,"href":"https:\/\/parapharmacieenligne.ma\/en\/wp-json\/wp\/v2\/yith_product_brand?post=9769"}],"curies":[{"name":"wp","href":"https:\/\/api.w.org\/{rel}","templated":true}]}}