{"id":9787,"date":"2026-01-26T17:07:18","date_gmt":"2026-01-26T16:07:18","guid":{"rendered":"https:\/\/parapharmacieenligne.ma\/?post_type=product&#038;p=9787"},"modified":"2026-01-26T17:09:03","modified_gmt":"2026-01-26T16:09:03","slug":"uriage-roseliane-creme-anti-rougeurs-spf30-40-ml","status":"publish","type":"product","link":"https:\/\/parapharmacieenligne.ma\/en\/product\/uriage-roseliane-creme-anti-rougeurs-spf30-40-ml\/","title":{"rendered":"Uriage \u2013 Ros\u00e9liane \u2013 Cr\u00e8me Anti-Rougeurs SPF30 \u2013 40 ml"},"content":{"rendered":"<div aria-labelledby=\"tab-title-description\" class=\"woocommerce-Tabs-panel woocommerce-Tabs-panel--description panel entry-content wc-tab\" id=\"tab-description\" role=\"tabpanel\" style=\"\">\n<h2>Description<\/h2>\n<p>Probl\u00e9matique sp\u00e9cifique<br \/>\n Soins peaux sensibles<\/p>\n<p>B\u00e9n\u00e9fice produit<br \/>\n Une cr\u00e8me onctueuse, fondante et non grasse qui apaise durablement les sensations d\u2019\u00e9chauffements et de tiraillements, diminue les rougeurs et apporte une haute protection anti-UVA\/UVB pour pr\u00e9venir leur apparition. Elle procure d\u00e8s application un confort imm\u00e9diat et laisse la peau douce, apais\u00e9e et prot\u00e9g\u00e9e.<\/p>\n<p>R\u00e9pare et renforce la barri\u00e8re cutan\u00e9e<br \/>\n Riche en Eau Thermale d\u2019Uriage aux propri\u00e9t\u00e9s hydratantes et apaisantes et en C\u00e9rasterol-2F qui restructure durablement la barri\u00e8re cutan\u00e9e, cette cr\u00e8me hydrate et apporte un confort imm\u00e9diat et durable \u00e0 la peau.<\/p>\n<p>Renforce la paroi vasculaire et Prot\u00e8ge des UVA \/ UVB<br \/>\n Les extraits de ginseng et d\u2019algues rouges renforcent la paroi des vaisseaux sanguins pour limiter leur apparition sur la surface de la peau. Haute tol\u00e9rance, le filtre solaire fait \u00e9cran aux rayons UVA-UVB.<\/p>\n<p>Restaure et fortifie la barri\u00e8re immunologique<br \/>\n L\u2019association du complexe TLR2-Regul et du complexe SK5R, (Specific-Kallikrein-5-Regulator), nouveau brevet d\u00e9pos\u00e9 des Laboratoires Dermatologiques d\u2019Uriage, r\u00e9gulent l\u2019activit\u00e9 de la Kallikr\u00e9ine-5, prot\u00e9ase responsable de l\u2019inflammation et des probl\u00e8mes vasculaires, pour un effet apaisant performant.<\/p>\n<p>Caract\u00e9ristiques<br \/>\n Eau Thermale d\u2019Uriage \u2014 Complexe SK5R \u2014 C\u00e9rast\u00e9rol-2F \u2014 Complexe TLR2-REGUL \u2014 Extraits de ginseng et d\u2019algues \u2014 Complexe filtrant SPF30 \u2014 Non com\u00e9dog\u00e8ne \u2014 Test\u00e9 sous contr\u00f4le dermatologique<\/p>\n<p>Conseil d\u2019utilisation<br \/>\n Appliquer le matin sur le visage.<br \/>\n Le soir, appliquer la Cr\u00e8me Anti-rougeurs Ros\u00e9liane.<\/p>\n<\/p><\/div>","protected":false},"excerpt":{"rendered":"<p>Highlights:Soin Apaisant Protecteur<\/p>","protected":false},"featured_media":9861,"comment_status":"open","ping_status":"closed","template":"","meta":[],"product_cat":[83],"product_tag":[],"yith_product_brand":[133],"class_list":{"0":"post-9787","1":"product","2":"type-product","3":"status-publish","4":"has-post-thumbnail","6":"product_cat-soins-visage","7":"yith_product_brand-uriage","9":"first","10":"instock","11":"sale","12":"shipping-taxable","13":"purchasable","14":"product-type-simple"},"_links":{"self":[{"href":"https:\/\/parapharmacieenligne.ma\/en\/wp-json\/wp\/v2\/product\/9787","targetHints":{"allow":["GET"]}}],"collection":[{"href":"https:\/\/parapharmacieenligne.ma\/en\/wp-json\/wp\/v2\/product"}],"about":[{"href":"https:\/\/parapharmacieenligne.ma\/en\/wp-json\/wp\/v2\/types\/product"}],"replies":[{"embeddable":true,"href":"https:\/\/parapharmacieenligne.ma\/en\/wp-json\/wp\/v2\/comments?post=9787"}],"version-history":[{"count":1,"href":"https:\/\/parapharmacieenligne.ma\/en\/wp-json\/wp\/v2\/product\/9787\/revisions"}],"predecessor-version":[{"id":9862,"href":"https:\/\/parapharmacieenligne.ma\/en\/wp-json\/wp\/v2\/product\/9787\/revisions\/9862"}],"wp:featuredmedia":[{"embeddable":true,"href":"https:\/\/parapharmacieenligne.ma\/en\/wp-json\/wp\/v2\/media\/9861"}],"wp:attachment":[{"href":"https:\/\/parapharmacieenligne.ma\/en\/wp-json\/wp\/v2\/media?parent=9787"}],"wp:term":[{"taxonomy":"product_cat","embeddable":true,"href":"https:\/\/parapharmacieenligne.ma\/en\/wp-json\/wp\/v2\/product_cat?post=9787"},{"taxonomy":"product_tag","embeddable":true,"href":"https:\/\/parapharmacieenligne.ma\/en\/wp-json\/wp\/v2\/product_tag?post=9787"},{"taxonomy":"yith_product_brand","embeddable":true,"href":"https:\/\/parapharmacieenligne.ma\/en\/wp-json\/wp\/v2\/yith_product_brand?post=9787"}],"curies":[{"name":"wp","href":"https:\/\/api.w.org\/{rel}","templated":true}]}}